{"id":7335,"date":"2025-11-12T20:11:14","date_gmt":"2025-11-12T19:11:14","guid":{"rendered":"https:\/\/bobooaza.pl\/?page_id=7335"},"modified":"2025-11-12T20:19:12","modified_gmt":"2025-11-12T19:19:12","slug":"formularz-zwrotu","status":"publish","type":"page","link":"https:\/\/www.bobooaza.pl\/index.php\/formularz-zwrotu\/","title":{"rendered":"Formularz zwrotu"},"content":{"rendered":"\t\t<div data-elementor-type=\"wp-page\" data-elementor-id=\"7335\" class=\"elementor elementor-7335\">\n\t\t\t\t<div class=\"elementor-element elementor-element-6496ba0 e-flex e-con-boxed e-con e-parent\" data-id=\"6496ba0\" data-element_type=\"container\" data-e-type=\"container\">\n\t\t\t\t\t<div class=\"e-con-inner\">\n\t\t\t\t<div class=\"elementor-element elementor-element-4f4da44 elementor-widget elementor-widget-text-editor\" data-id=\"4f4da44\" data-element_type=\"widget\" data-e-type=\"widget\" data-widget_type=\"text-editor.default\">\n\t\t\t\t\t\t\t\t\t<p style=\"font-family: Arial, Helvetica, sans-serif; font-size: small;\"><em>(ten formularz nale\u017cy wype\u0142ni\u0107 i odes\u0142a\u0107 tylko w przypadku ch\u0119ci odst\u0105pienia od umowy)<\/em><\/p><hr style=\"font-family: Arial, Helvetica, sans-serif; font-size: small; background-color: #ffffff;\" \/><p style=\"font-family: Arial, Helvetica, sans-serif; font-size: small;\"><strong>Adresat:<\/strong><br \/>Mateusz Banach<br \/>Sklep internetowy\u00a0<strong><a style=\"color: #1155cc;\" href=\"http:\/\/bobooaza.pl\/\" target=\"_blank\" rel=\"noopener\" data-saferedirecturl=\"https:\/\/www.google.com\/url?q=http:\/\/bobooaza.pl&amp;source=gmail&amp;ust=1763057179317000&amp;usg=AOvVaw0btAApbaVyI4DrneiV6M-X\">bobooaza.pl<\/a><\/strong><br \/>e-mail: <strong><a style=\"color: #1155cc;\" href=\"mailto:sklep.bobooaza@gmail.com\" target=\"_blank\" rel=\"noopener\">sklep.bobooaza@gmail.com<\/a><\/strong><\/p><hr style=\"font-family: Arial, Helvetica, sans-serif; font-size: small; background-color: #ffffff;\" \/><p style=\"font-family: Arial, Helvetica, sans-serif; font-size: small;\"><strong>Ja\/My (*) &#8230;&#8230;&#8230;&#8230;&#8230;&#8230;&#8230;&#8230;&#8230;&#8230;<wbr \/>&#8230;&#8230;&#8230;&#8230;&#8230;&#8230;&#8230;&#8230;&#8230;&#8230;<\/strong><br \/>niniejszym informuj\u0119\/informujemy (*) o moim\/naszym odst\u0105pieniu od umowy sprzeda\u017cy nast\u0119puj\u0105cych towar\u00f3w:<\/p><p style=\"font-family: Arial, Helvetica, sans-serif; font-size: small;\">&#8230;&#8230;&#8230;&#8230;&#8230;&#8230;&#8230;&#8230;&#8230;&#8230;<wbr \/>&#8230;&#8230;&#8230;&#8230;&#8230;&#8230;&#8230;&#8230;&#8230;&#8230;<wbr \/>&#8230;&#8230;&#8230;&#8230;&#8230;&#8230;&#8230;&#8230;<br \/>&#8230;&#8230;&#8230;&#8230;&#8230;&#8230;&#8230;&#8230;&#8230;&#8230;<wbr \/>&#8230;&#8230;&#8230;&#8230;&#8230;&#8230;&#8230;&#8230;&#8230;&#8230;<wbr \/>&#8230;&#8230;&#8230;&#8230;&#8230;&#8230;&#8230;&#8230;<\/p><p style=\"font-family: Arial, Helvetica, sans-serif; font-size: small;\"><strong>Data zawarcia umowy \/ odbioru towaru:<\/strong>\u00a0&#8230;&#8230;&#8230;&#8230;&#8230;&#8230;&#8230;&#8230;&#8230;&#8230;<wbr \/>&#8230;&#8230;&#8230;&#8230;..<\/p><p style=\"font-family: Arial, Helvetica, sans-serif; font-size: small;\"><strong>Imi\u0119 i nazwisko konsumenta(-\u00f3w):<\/strong>\u00a0&#8230;&#8230;&#8230;&#8230;&#8230;&#8230;&#8230;&#8230;&#8230;&#8230;<wbr \/>&#8230;&#8230;&#8230;&#8230;&#8230;&#8230;&#8230;<\/p><p style=\"font-family: Arial, Helvetica, sans-serif; font-size: small;\"><strong>Adres konsumenta(-\u00f3w):<\/strong>\u00a0&#8230;&#8230;&#8230;&#8230;&#8230;&#8230;&#8230;&#8230;&#8230;&#8230;<wbr \/>&#8230;&#8230;&#8230;&#8230;&#8230;&#8230;&#8230;&#8230;&#8230;&#8230;<wbr \/>..<\/p><p style=\"font-family: Arial, Helvetica, sans-serif; font-size: small;\"><strong>Numer zam\u00f3wienia (opcjonalnie):<\/strong>\u00a0&#8230;&#8230;&#8230;&#8230;&#8230;&#8230;&#8230;&#8230;&#8230;&#8230;<wbr \/>&#8230;&#8230;&#8230;&#8230;&#8230;&#8230;&#8230;.<\/p><p style=\"font-family: Arial, Helvetica, sans-serif; font-size: small;\"><strong>Podpis konsumenta(-\u00f3w):<\/strong>\u00a0&#8230;&#8230;&#8230;&#8230;&#8230;&#8230;&#8230;&#8230;&#8230;&#8230;<wbr \/>&#8230;&#8230;&#8230;&#8230;&#8230;&#8230;&#8230;&#8230;&#8230;&#8230;<br \/><em>(tylko je\u015bli formularz jest wysy\u0142any w wersji papierowej)<\/em><\/p><p style=\"font-family: Arial, Helvetica, sans-serif; font-size: small;\"><strong>Data:<\/strong>\u00a0&#8230;&#8230;&#8230;&#8230;&#8230;&#8230;&#8230;&#8230;&#8230;&#8230;<wbr \/>&#8230;&#8230;&#8230;&#8230;&#8230;..<\/p><hr style=\"font-family: Arial, Helvetica, sans-serif; font-size: small; background-color: #ffffff;\" \/><p style=\"font-family: Arial, Helvetica, sans-serif; font-size: small;\">(*) niepotrzebne skre\u015bli\u0107<\/p>\t\t\t\t\t\t\t\t<\/div>\n\t\t\t\t\t<\/div>\n\t\t\t\t<\/div>\n\t\t\t\t<\/div>\n\t\t","protected":false},"excerpt":{"rendered":"<p>(ten formularz nale\u017cy wype\u0142ni\u0107 i odes\u0142a\u0107 tylko w przypadku ch\u0119ci odst\u0105pienia od umowy) Adresat:Mateusz BanachSklep internetowy\u00a0bobooaza.ple-mail: sklep.bobooaza@gmail.com Ja\/My (*) &#8230;&#8230;&#8230;&#8230;&#8230;&#8230;&#8230;&#8230;&#8230;&#8230;&#8230;&#8230;&#8230;&#8230;&#8230;&#8230;&#8230;&#8230;&#8230;&#8230;niniejszym informuj\u0119\/informujemy (*) o moim\/naszym odst\u0105pieniu od umowy sprzeda\u017cy nast\u0119puj\u0105cych towar\u00f3w: &#8230;&#8230;&#8230;&#8230;&#8230;&#8230;&#8230;&#8230;&#8230;&#8230;&#8230;&#8230;&#8230;&#8230;&#8230;&#8230;&#8230;&#8230;&#8230;&#8230;&#8230;&#8230;&#8230;&#8230;&#8230;&#8230;&#8230;&#8230;&#8230;&#8230;&#8230;&#8230;&#8230;&#8230;&#8230;&#8230;&#8230;&#8230;&#8230;&#8230;&#8230;&#8230;&#8230;&#8230;&#8230;&#8230;&#8230;&#8230;&#8230;&#8230;&#8230;&#8230;&#8230;&#8230;&#8230;&#8230; Data zawarcia umowy \/ odbioru towaru:\u00a0&#8230;&#8230;&#8230;&#8230;&#8230;&#8230;&#8230;&#8230;&#8230;&#8230;&#8230;&#8230;&#8230;&#8230;.. Imi\u0119 i nazwisko konsumenta(-\u00f3w):\u00a0&#8230;&#8230;&#8230;&#8230;&#8230;&#8230;&#8230;&#8230;&#8230;&#8230;&#8230;&#8230;&#8230;&#8230;&#8230;&#8230;&#8230; Adres konsumenta(-\u00f3w):\u00a0&#8230;&#8230;&#8230;&#8230;&#8230;&#8230;&#8230;&#8230;&#8230;&#8230;&#8230;&#8230;&#8230;&#8230;&#8230;&#8230;&#8230;&#8230;&#8230;&#8230;.. Numer zam\u00f3wienia (opcjonalnie):\u00a0&#8230;&#8230;&#8230;&#8230;&#8230;&#8230;&#8230;&#8230;&#8230;&#8230;&#8230;&#8230;&#8230;&#8230;&#8230;&#8230;&#8230;. Podpis konsumenta(-\u00f3w):\u00a0&#8230;&#8230;&#8230;&#8230;&#8230;&#8230;&#8230;&#8230;&#8230;&#8230;&#8230;&#8230;&#8230;&#8230;&#8230;&#8230;&#8230;&#8230;&#8230;&#8230;(tylko je\u015bli formularz jest wysy\u0142any w wersji papierowej) [&hellip;]<\/p>\n","protected":false},"author":2,"featured_media":0,"parent":0,"menu_order":0,"comment_status":"closed","ping_status":"closed","template":"","meta":{"footnotes":""},"class_list":["post-7335","page","type-page","status-publish","hentry"],"_links":{"self":[{"href":"https:\/\/www.bobooaza.pl\/index.php\/wp-json\/wp\/v2\/pages\/7335","targetHints":{"allow":["GET"]}}],"collection":[{"href":"https:\/\/www.bobooaza.pl\/index.php\/wp-json\/wp\/v2\/pages"}],"about":[{"href":"https:\/\/www.bobooaza.pl\/index.php\/wp-json\/wp\/v2\/types\/page"}],"author":[{"embeddable":true,"href":"https:\/\/www.bobooaza.pl\/index.php\/wp-json\/wp\/v2\/users\/2"}],"replies":[{"embeddable":true,"href":"https:\/\/www.bobooaza.pl\/index.php\/wp-json\/wp\/v2\/comments?post=7335"}],"version-history":[{"count":11,"href":"https:\/\/www.bobooaza.pl\/index.php\/wp-json\/wp\/v2\/pages\/7335\/revisions"}],"predecessor-version":[{"id":7356,"href":"https:\/\/www.bobooaza.pl\/index.php\/wp-json\/wp\/v2\/pages\/7335\/revisions\/7356"}],"wp:attachment":[{"href":"https:\/\/www.bobooaza.pl\/index.php\/wp-json\/wp\/v2\/media?parent=7335"}],"curies":[{"name":"wp","href":"https:\/\/api.w.org\/{rel}","templated":true}]}}