{"id":7423,"date":"2025-11-24T20:05:46","date_gmt":"2025-11-24T19:05:46","guid":{"rendered":"https:\/\/bobooaza.pl\/?page_id=7423"},"modified":"2025-11-24T20:07:59","modified_gmt":"2025-11-24T19:07:59","slug":"o-nas","status":"publish","type":"page","link":"https:\/\/www.bobooaza.pl\/index.php\/o-nas\/","title":{"rendered":"O nas"},"content":{"rendered":"\n<p>Jeste\u015bmy nowo otwartym sklepem internetowym dla dzieci za\u0142o\u017conym w grudniu 2025 roku. Chcemy drodzy rodzice aby\u015bcie mogli u nas znale\u017a\u0107 wszystko to, czego potrzebuj\u0105 Wasze pociechy. Ci\u0105gle rozwijamy nasz\u0105 ofert\u0119, wi\u0119c w przysz\u0142o\u015bci na pewno znajdziecie u nas jeszcze wi\u0119cej interesuj\u0105cych Was produkt\u00f3w.<\/p>\n","protected":false},"excerpt":{"rendered":"<p>Jeste\u015bmy nowo otwartym sklepem internetowym dla dzieci za\u0142o\u017conym w grudniu 2025 roku. Chcemy drodzy rodzice aby\u015bcie mogli u nas znale\u017a\u0107 wszystko to, czego potrzebuj\u0105 Wasze pociechy. Ci\u0105gle rozwijamy nasz\u0105 ofert\u0119, wi\u0119c w przysz\u0142o\u015bci na pewno znajdziecie u nas jeszcze wi\u0119cej interesuj\u0105cych Was produkt\u00f3w.<\/p>\n","protected":false},"author":2,"featured_media":0,"parent":0,"menu_order":0,"comment_status":"closed","ping_status":"closed","template":"","meta":{"footnotes":""},"class_list":["post-7423","page","type-page","status-publish","hentry"],"_links":{"self":[{"href":"https:\/\/www.bobooaza.pl\/index.php\/wp-json\/wp\/v2\/pages\/7423","targetHints":{"allow":["GET"]}}],"collection":[{"href":"https:\/\/www.bobooaza.pl\/index.php\/wp-json\/wp\/v2\/pages"}],"about":[{"href":"https:\/\/www.bobooaza.pl\/index.php\/wp-json\/wp\/v2\/types\/page"}],"author":[{"embeddable":true,"href":"https:\/\/www.bobooaza.pl\/index.php\/wp-json\/wp\/v2\/users\/2"}],"replies":[{"embeddable":true,"href":"https:\/\/www.bobooaza.pl\/index.php\/wp-json\/wp\/v2\/comments?post=7423"}],"version-history":[{"count":2,"href":"https:\/\/www.bobooaza.pl\/index.php\/wp-json\/wp\/v2\/pages\/7423\/revisions"}],"predecessor-version":[{"id":7426,"href":"https:\/\/www.bobooaza.pl\/index.php\/wp-json\/wp\/v2\/pages\/7423\/revisions\/7426"}],"wp:attachment":[{"href":"https:\/\/www.bobooaza.pl\/index.php\/wp-json\/wp\/v2\/media?parent=7423"}],"curies":[{"name":"wp","href":"https:\/\/api.w.org\/{rel}","templated":true}]}}