{"id":10001,"date":"2026-01-04T21:07:01","date_gmt":"2026-01-04T20:07:01","guid":{"rendered":"https:\/\/bobooaza.pl\/index.php\/produkt\/tommee-tippee-oslonki-na-sutki-2-szt\/"},"modified":"2026-01-04T21:10:30","modified_gmt":"2026-01-04T20:10:30","slug":"tommee-tippee-oslonki-na-sutki-2-szt","status":"publish","type":"product","link":"https:\/\/www.bobooaza.pl\/index.php\/produkt\/tommee-tippee-oslonki-na-sutki-2-szt\/","title":{"rendered":"Tommee Tippee  Os\u0142onki na sutki 2 szt."},"content":{"rendered":"<p>Tommee Tippee Os\u0142onki na sutki to delikatne, silikonowe nak\u0142adki przeznaczone dla kobiet karmi\u0105cych piersi\u0105, kt\u00f3re pomagaj\u0105 chroni\u0107 poranione lub bol\u0105ce sutki podczas karmienia. Os\u0142onki posiadaj\u0105 specjalne otworki, kt\u00f3re zapewniaj\u0105 odpowiedni\u0105 cyrkulacj\u0119 powietrza, a jednocze\u015bnie umo\u017cliwiaj\u0105 dziecku wyczuwanie zapachu piersi i mleka mamy, co wspiera naturalny proces ssania.<\/p>\n<p>Produkt jest wyposa\u017cony w praktyczny pojemnik, kt\u00f3ry mo\u017ce s\u0142u\u017cy\u0107 zar\u00f3wno do sterylizacji os\u0142onek, jak i do ich bezpiecznego przechowywania. Os\u0142onki wyst\u0119puj\u0105 w uniwersalnym rozmiarze, co czyni je wygodnym i funkcjonalnym rozwi\u0105zaniem dla ka\u017cdej mamy karmi\u0105cej piersi\u0105.<\/p>\n","protected":false},"excerpt":{"rendered":"<p>Tommee Tippee Os\u0142onki na sutki to delikatne, silikonowe nak\u0142adki przeznaczone dla kobiet karmi\u0105cych piersi\u0105, kt\u00f3re pomagaj\u0105 chroni\u0107 poranione lub bol\u0105ce sutki podczas karmienia. Os\u0142onki posiadaj\u0105 specjalne otworki, kt\u00f3re zapewniaj\u0105 odpowiedni\u0105 cyrkulacj\u0119 powietrza, a jednocze\u015bnie umo\u017cliwiaj\u0105 dziecku wyczuwanie zapachu piersi i mleka mamy, co wspiera naturalny proces ssania. Produkt jest wyposa\u017cony w praktyczny pojemnik, kt\u00f3ry mo\u017ce [&hellip;]<\/p>\n","protected":false},"featured_media":10000,"comment_status":"open","ping_status":"closed","template":"","meta":[],"product_brand":[],"product_cat":[94,88],"product_tag":[],"class_list":{"0":"post-10001","1":"product","2":"type-product","3":"status-publish","4":"has-post-thumbnail","6":"product_cat-karmienie-piersia","7":"product_cat-mama","9":"first","10":"instock","11":"taxable","12":"shipping-taxable","13":"purchasable","14":"product-type-simple"},"_links":{"self":[{"href":"https:\/\/www.bobooaza.pl\/index.php\/wp-json\/wp\/v2\/product\/10001","targetHints":{"allow":["GET"]}}],"collection":[{"href":"https:\/\/www.bobooaza.pl\/index.php\/wp-json\/wp\/v2\/product"}],"about":[{"href":"https:\/\/www.bobooaza.pl\/index.php\/wp-json\/wp\/v2\/types\/product"}],"replies":[{"embeddable":true,"href":"https:\/\/www.bobooaza.pl\/index.php\/wp-json\/wp\/v2\/comments?post=10001"}],"wp:featuredmedia":[{"embeddable":true,"href":"https:\/\/www.bobooaza.pl\/index.php\/wp-json\/wp\/v2\/media\/10000"}],"wp:attachment":[{"href":"https:\/\/www.bobooaza.pl\/index.php\/wp-json\/wp\/v2\/media?parent=10001"}],"wp:term":[{"taxonomy":"product_brand","embeddable":true,"href":"https:\/\/www.bobooaza.pl\/index.php\/wp-json\/wp\/v2\/product_brand?post=10001"},{"taxonomy":"product_cat","embeddable":true,"href":"https:\/\/www.bobooaza.pl\/index.php\/wp-json\/wp\/v2\/product_cat?post=10001"},{"taxonomy":"product_tag","embeddable":true,"href":"https:\/\/www.bobooaza.pl\/index.php\/wp-json\/wp\/v2\/product_tag?post=10001"}],"curies":[{"name":"wp","href":"https:\/\/api.w.org\/{rel}","templated":true}]}}