{"id":10007,"date":"2026-01-04T21:11:27","date_gmt":"2026-01-04T20:11:27","guid":{"rendered":"https:\/\/bobooaza.pl\/index.php\/produkt\/b-o-503-xxl-wielorazowe-majtki-siateczkowe-xxl-2sz\/"},"modified":"2026-01-19T20:18:59","modified_gmt":"2026-01-19T19:18:59","slug":"b-o-503-xxl-wielorazowe-majtki-siateczkowe-xxl-2sz","status":"publish","type":"product","link":"https:\/\/www.bobooaza.pl\/index.php\/produkt\/b-o-503-xxl-wielorazowe-majtki-siateczkowe-xxl-2sz\/","title":{"rendered":"B.O.503\/XXL Wielorazowe Majtki siateczkowe XXL 2sz"},"content":{"rendered":"<p>B.O.503\/XXL Wielorazowe majtki siateczkowe w rozmiarze XXL to funkcjonalne i wygodne rozwi\u0105zanie dla kobiet w okresie po\u0142ogu. Majtki zosta\u0142y zaprojektowane tak, aby niezawodnie podtrzymywa\u0107 podk\u0142ady poporodowe i wk\u0142ady ch\u0142onne, jednocze\u015bnie zapewniaj\u0105c komfort i odpowiedni\u0105 higien\u0119. Specjalna przewiewna konstrukcja umo\u017cliwia swobodn\u0105 cyrkulacj\u0119 powietrza, co zwi\u0119ksza poczucie \u015bwie\u017co\u015bci i wygody podczas noszenia.<\/p>\n<p>Produkt wykonany jest z trwa\u0142ego i delikatnego materia\u0142u, w sk\u0142ad kt\u00f3rego wchodzi 90% poliester i 10% elastan, co minimalizuje ryzyko podra\u017cnie\u0144 oraz wspiera gojenie ran krocza. Wielorazowe majtki B.O.503\/XXL pomagaj\u0105 utrzyma\u0107 podk\u0142ad higieniczny we w\u0142a\u015bciwym miejscu, zapewniaj\u0105c bezpiecze\u0144stwo i wygod\u0119 w codziennej piel\u0119gnacji poporodowej. Opakowanie zawiera dwie sztuki majtek w rozmiarze XXL, kt\u00f3re mo\u017cna pra\u0107 i u\u017cywa\u0107 wielokrotnie, co czyni je praktycznym i ekologicznym rozwi\u0105zaniem.<\/p>\n","protected":false},"excerpt":{"rendered":"<p>B.O.503\/XXL Wielorazowe majtki siateczkowe w rozmiarze XXL to funkcjonalne i wygodne rozwi\u0105zanie dla kobiet w okresie po\u0142ogu. Majtki zosta\u0142y zaprojektowane tak, aby niezawodnie podtrzymywa\u0107 podk\u0142ady poporodowe i wk\u0142ady ch\u0142onne, jednocze\u015bnie zapewniaj\u0105c komfort i odpowiedni\u0105 higien\u0119. Specjalna przewiewna konstrukcja umo\u017cliwia swobodn\u0105 cyrkulacj\u0119 powietrza, co zwi\u0119ksza poczucie \u015bwie\u017co\u015bci i wygody podczas noszenia. Produkt wykonany jest z trwa\u0142ego [&hellip;]<\/p>\n","protected":false},"featured_media":10006,"comment_status":"open","ping_status":"closed","template":"","meta":[],"product_brand":[],"product_cat":[95,97,90,88],"product_tag":[],"class_list":{"0":"post-10007","1":"product","2":"type-product","3":"status-publish","4":"has-post-thumbnail","6":"product_cat-artykuly-higieniczne","7":"product_cat-majtki","8":"product_cat-majtki-siateczkowe","9":"product_cat-mama","11":"first","12":"instock","13":"taxable","14":"shipping-taxable","15":"purchasable","16":"product-type-simple"},"_links":{"self":[{"href":"https:\/\/www.bobooaza.pl\/index.php\/wp-json\/wp\/v2\/product\/10007","targetHints":{"allow":["GET"]}}],"collection":[{"href":"https:\/\/www.bobooaza.pl\/index.php\/wp-json\/wp\/v2\/product"}],"about":[{"href":"https:\/\/www.bobooaza.pl\/index.php\/wp-json\/wp\/v2\/types\/product"}],"replies":[{"embeddable":true,"href":"https:\/\/www.bobooaza.pl\/index.php\/wp-json\/wp\/v2\/comments?post=10007"}],"wp:featuredmedia":[{"embeddable":true,"href":"https:\/\/www.bobooaza.pl\/index.php\/wp-json\/wp\/v2\/media\/10006"}],"wp:attachment":[{"href":"https:\/\/www.bobooaza.pl\/index.php\/wp-json\/wp\/v2\/media?parent=10007"}],"wp:term":[{"taxonomy":"product_brand","embeddable":true,"href":"https:\/\/www.bobooaza.pl\/index.php\/wp-json\/wp\/v2\/product_brand?post=10007"},{"taxonomy":"product_cat","embeddable":true,"href":"https:\/\/www.bobooaza.pl\/index.php\/wp-json\/wp\/v2\/product_cat?post=10007"},{"taxonomy":"product_tag","embeddable":true,"href":"https:\/\/www.bobooaza.pl\/index.php\/wp-json\/wp\/v2\/product_tag?post=10007"}],"curies":[{"name":"wp","href":"https:\/\/api.w.org\/{rel}","templated":true}]}}