{"id":10011,"date":"2026-01-04T21:19:31","date_gmt":"2026-01-04T20:19:31","guid":{"rendered":"https:\/\/bobooaza.pl\/index.php\/produkt\/canpol-9-599-majtki-poporodowe-l\/"},"modified":"2026-01-26T15:05:38","modified_gmt":"2026-01-26T14:05:38","slug":"canpol-9-599-majtki-poporodowe-l","status":"publish","type":"product","link":"https:\/\/www.bobooaza.pl\/index.php\/produkt\/canpol-9-599-majtki-poporodowe-l\/","title":{"rendered":"CANPOL 9\/599 Majtki poporodowe L"},"content":{"rendered":"<p>Canpol 9\/599 Majtki poporodowe w rozmiarze L to praktyczne jednorazowe majtki, idealne dla kobiet w pierwszych dniach po porodzie. Zapewniaj\u0105 pewne utrzymanie podk\u0142adu poporodowego na miejscu, co zwi\u0119ksza komfort i higien\u0119 w tym wymagaj\u0105cym okresie. Wykonane z mi\u0119kkich i delikatnych dla sk\u00f3ry w\u0142\u00f3kien, umo\u017cliwiaj\u0105 swobodny przep\u0142yw powietrza, a pas i pachwiny wyko\u0144czone s\u0105 elastyczn\u0105, nieuciskaj\u0105c\u0105 gumk\u0105, co dodatkowo podnosi wygod\u0119 noszenia.<\/p>\n<p>Ka\u017cda para majtek zapakowana jest oddzielnie w woreczek foliowy, co pozwala zachowa\u0107 odpowiedni\u0105 higien\u0119. Opakowanie zawiera pi\u0119\u0107 sztuk w rozmiarze L, odpowiednich dla kobiet o obwodzie bioder oko\u0142o 102 cm. Produkt \u0142\u0105czy funkcjonalno\u015b\u0107, komfort i higien\u0119, stanowi\u0105c niezb\u0119dny element codziennej piel\u0119gnacji poporodowej.<\/p>\n","protected":false},"excerpt":{"rendered":"<p>Canpol 9\/599 Majtki poporodowe w rozmiarze L to praktyczne jednorazowe majtki, idealne dla kobiet w pierwszych dniach po porodzie. Zapewniaj\u0105 pewne utrzymanie podk\u0142adu poporodowego na miejscu, co zwi\u0119ksza komfort i higien\u0119 w tym wymagaj\u0105cym okresie. Wykonane z mi\u0119kkich i delikatnych dla sk\u00f3ry w\u0142\u00f3kien, umo\u017cliwiaj\u0105 swobodny przep\u0142yw powietrza, a pas i pachwiny wyko\u0144czone s\u0105 elastyczn\u0105, nieuciskaj\u0105c\u0105 [&hellip;]<\/p>\n","protected":false},"featured_media":10010,"comment_status":"open","ping_status":"closed","template":"","meta":[],"product_brand":[],"product_cat":[95,97,89,88],"product_tag":[],"class_list":{"0":"post-10011","1":"product","2":"type-product","3":"status-publish","4":"has-post-thumbnail","6":"product_cat-artykuly-higieniczne","7":"product_cat-majtki","8":"product_cat-majtki-poporodowe","9":"product_cat-mama","11":"first","12":"instock","13":"taxable","14":"shipping-taxable","15":"purchasable","16":"product-type-simple"},"_links":{"self":[{"href":"https:\/\/www.bobooaza.pl\/index.php\/wp-json\/wp\/v2\/product\/10011","targetHints":{"allow":["GET"]}}],"collection":[{"href":"https:\/\/www.bobooaza.pl\/index.php\/wp-json\/wp\/v2\/product"}],"about":[{"href":"https:\/\/www.bobooaza.pl\/index.php\/wp-json\/wp\/v2\/types\/product"}],"replies":[{"embeddable":true,"href":"https:\/\/www.bobooaza.pl\/index.php\/wp-json\/wp\/v2\/comments?post=10011"}],"wp:featuredmedia":[{"embeddable":true,"href":"https:\/\/www.bobooaza.pl\/index.php\/wp-json\/wp\/v2\/media\/10010"}],"wp:attachment":[{"href":"https:\/\/www.bobooaza.pl\/index.php\/wp-json\/wp\/v2\/media?parent=10011"}],"wp:term":[{"taxonomy":"product_brand","embeddable":true,"href":"https:\/\/www.bobooaza.pl\/index.php\/wp-json\/wp\/v2\/product_brand?post=10011"},{"taxonomy":"product_cat","embeddable":true,"href":"https:\/\/www.bobooaza.pl\/index.php\/wp-json\/wp\/v2\/product_cat?post=10011"},{"taxonomy":"product_tag","embeddable":true,"href":"https:\/\/www.bobooaza.pl\/index.php\/wp-json\/wp\/v2\/product_tag?post=10011"}],"curies":[{"name":"wp","href":"https:\/\/api.w.org\/{rel}","templated":true}]}}