{"id":10013,"date":"2026-01-04T21:19:32","date_gmt":"2026-01-04T20:19:32","guid":{"rendered":"https:\/\/bobooaza.pl\/index.php\/produkt\/canpol-9-600-majtki-poporodowe-xl\/"},"modified":"2026-01-26T15:05:38","modified_gmt":"2026-01-26T14:05:38","slug":"canpol-9-600-majtki-poporodowe-xl","status":"publish","type":"product","link":"https:\/\/www.bobooaza.pl\/index.php\/produkt\/canpol-9-600-majtki-poporodowe-xl\/","title":{"rendered":"CANPOL 9\/600 Majtki poporodowe XL"},"content":{"rendered":"<p>Canpol 9\/600 Majtki poporodowe w rozmiarze XL to jednorazowe majtki stworzone z my\u015bl\u0105 o komforcie kobiet w pierwszych dniach po porodzie. Zapewniaj\u0105 pewne utrzymanie podk\u0142adu poporodowego na miejscu, co u\u0142atwia codzienn\u0105 piel\u0119gnacj\u0119 i zwi\u0119ksza higien\u0119. Wykonane z mi\u0119kkich, delikatnych dla sk\u00f3ry w\u0142\u00f3kien, pozwalaj\u0105 na swobodny przep\u0142yw powietrza, a pas i pachwiny wyko\u0144czone s\u0105 elastyczn\u0105, nieuciskaj\u0105c\u0105 gumk\u0105, co zwi\u0119ksza wygod\u0119 noszenia.<\/p>\n<p>Dla zachowania higieny ka\u017cda para majtek pakowana jest oddzielnie w woreczek foliowy. Opakowanie zawiera pi\u0119\u0107 sztuk majtek w rozmiarze XL, odpowiednich dla kobiet o obwodzie bioder oko\u0142o 108 cm. Produkt \u0142\u0105czy funkcjonalno\u015b\u0107, wygod\u0119 i higien\u0119, stanowi\u0105c praktyczne wsparcie w okresie poporodowym.<\/p>\n","protected":false},"excerpt":{"rendered":"<p>Canpol 9\/600 Majtki poporodowe w rozmiarze XL to jednorazowe majtki stworzone z my\u015bl\u0105 o komforcie kobiet w pierwszych dniach po porodzie. Zapewniaj\u0105 pewne utrzymanie podk\u0142adu poporodowego na miejscu, co u\u0142atwia codzienn\u0105 piel\u0119gnacj\u0119 i zwi\u0119ksza higien\u0119. Wykonane z mi\u0119kkich, delikatnych dla sk\u00f3ry w\u0142\u00f3kien, pozwalaj\u0105 na swobodny przep\u0142yw powietrza, a pas i pachwiny wyko\u0144czone s\u0105 elastyczn\u0105, nieuciskaj\u0105c\u0105 [&hellip;]<\/p>\n","protected":false},"featured_media":10012,"comment_status":"open","ping_status":"closed","template":"","meta":[],"product_brand":[],"product_cat":[95,97,89,88],"product_tag":[],"class_list":{"0":"post-10013","1":"product","2":"type-product","3":"status-publish","4":"has-post-thumbnail","6":"product_cat-artykuly-higieniczne","7":"product_cat-majtki","8":"product_cat-majtki-poporodowe","9":"product_cat-mama","11":"first","12":"instock","13":"taxable","14":"shipping-taxable","15":"purchasable","16":"product-type-simple"},"_links":{"self":[{"href":"https:\/\/www.bobooaza.pl\/index.php\/wp-json\/wp\/v2\/product\/10013","targetHints":{"allow":["GET"]}}],"collection":[{"href":"https:\/\/www.bobooaza.pl\/index.php\/wp-json\/wp\/v2\/product"}],"about":[{"href":"https:\/\/www.bobooaza.pl\/index.php\/wp-json\/wp\/v2\/types\/product"}],"replies":[{"embeddable":true,"href":"https:\/\/www.bobooaza.pl\/index.php\/wp-json\/wp\/v2\/comments?post=10013"}],"wp:featuredmedia":[{"embeddable":true,"href":"https:\/\/www.bobooaza.pl\/index.php\/wp-json\/wp\/v2\/media\/10012"}],"wp:attachment":[{"href":"https:\/\/www.bobooaza.pl\/index.php\/wp-json\/wp\/v2\/media?parent=10013"}],"wp:term":[{"taxonomy":"product_brand","embeddable":true,"href":"https:\/\/www.bobooaza.pl\/index.php\/wp-json\/wp\/v2\/product_brand?post=10013"},{"taxonomy":"product_cat","embeddable":true,"href":"https:\/\/www.bobooaza.pl\/index.php\/wp-json\/wp\/v2\/product_cat?post=10013"},{"taxonomy":"product_tag","embeddable":true,"href":"https:\/\/www.bobooaza.pl\/index.php\/wp-json\/wp\/v2\/product_tag?post=10013"}],"curies":[{"name":"wp","href":"https:\/\/api.w.org\/{rel}","templated":true}]}}