{"id":10041,"date":"2026-01-05T00:35:35","date_gmt":"2026-01-04T23:35:35","guid":{"rendered":"https:\/\/bobooaza.pl\/index.php\/produkt\/b-o-585-03-biustonosz-do-karmienia-d80-85-czarny\/"},"modified":"2026-01-05T00:37:07","modified_gmt":"2026-01-04T23:37:07","slug":"b-o-585-03-biustonosz-do-karmienia-d80-85-czarny","status":"publish","type":"product","link":"https:\/\/www.bobooaza.pl\/index.php\/produkt\/b-o-585-03-biustonosz-do-karmienia-d80-85-czarny\/","title":{"rendered":"B.O.585\/03 Biustonosz do karmienia D80-85 czarny"},"content":{"rendered":"<p>Biustonosz do karmienia D80-85 w kolorze czarnym to praktyczny i elegancki model stworzony z my\u015bl\u0105 o komforcie mam karmi\u0105cych. Wykonany jest z tkaniny impregnowanej zwi\u0105zkami srebra, co nadaje mu w\u0142a\u015bciwo\u015bci antybakteryjne i antygrzybicze, a przy tym jest hipoalergiczny, oddychaj\u0105cy i dobrze odprowadza wilgo\u0107, zachowuj\u0105c naturaln\u0105 ciep\u0142ot\u0119 cia\u0142a. Brak fiszbin, wysoka elastyczno\u015b\u0107 materia\u0142u i bezszwowa konstrukcja sprawiaj\u0105, \u017ce biustonosz idealnie dopasowuje si\u0119 do sylwetki, nie powoduj\u0105c ucisk\u00f3w i zapewniaj\u0105c wygod\u0119 noszenia. Odpinane miseczki umo\u017cliwiaj\u0105 szybkie karmienie jedn\u0105 r\u0119k\u0105, a dyskretny panel wzmacniaj\u0105cy stabilizuje biust i zwi\u0119ksza komfort podczas karmienia. Delikatna koronka dodaje elegancji, nie uwiera i nie podra\u017cnia sk\u00f3ry. Materia\u0142 sk\u0142ada si\u0119 w 90% z poliamidu i w 10% z elastanu. Konstrukcja jest bezszwowa, hipoalergiczna i oddychaj\u0105ca, a biustonosz pozostaje dobrze dopasowany zar\u00f3wno przed, jak i po karmieniu, \u0142\u0105cz\u0105c funkcjonalno\u015b\u0107 z estetyk\u0105.<\/p>\n","protected":false},"excerpt":{"rendered":"<p>Biustonosz do karmienia D80-85 w kolorze czarnym to praktyczny i elegancki model stworzony z my\u015bl\u0105 o komforcie mam karmi\u0105cych. Wykonany jest z tkaniny impregnowanej zwi\u0105zkami srebra, co nadaje mu w\u0142a\u015bciwo\u015bci antybakteryjne i antygrzybicze, a przy tym jest hipoalergiczny, oddychaj\u0105cy i dobrze odprowadza wilgo\u0107, zachowuj\u0105c naturaln\u0105 ciep\u0142ot\u0119 cia\u0142a. Brak fiszbin, wysoka elastyczno\u015b\u0107 materia\u0142u i bezszwowa konstrukcja [&hellip;]<\/p>\n","protected":false},"featured_media":10039,"comment_status":"open","ping_status":"closed","template":"","meta":[],"product_brand":[],"product_cat":[95,151,88],"product_tag":[],"class_list":{"0":"post-10041","1":"product","2":"type-product","3":"status-publish","4":"has-post-thumbnail","6":"product_cat-artykuly-higieniczne","7":"product_cat-biustonosze","8":"product_cat-mama","10":"first","11":"instock","12":"taxable","13":"shipping-taxable","14":"purchasable","15":"product-type-simple"},"_links":{"self":[{"href":"https:\/\/www.bobooaza.pl\/index.php\/wp-json\/wp\/v2\/product\/10041","targetHints":{"allow":["GET"]}}],"collection":[{"href":"https:\/\/www.bobooaza.pl\/index.php\/wp-json\/wp\/v2\/product"}],"about":[{"href":"https:\/\/www.bobooaza.pl\/index.php\/wp-json\/wp\/v2\/types\/product"}],"replies":[{"embeddable":true,"href":"https:\/\/www.bobooaza.pl\/index.php\/wp-json\/wp\/v2\/comments?post=10041"}],"wp:featuredmedia":[{"embeddable":true,"href":"https:\/\/www.bobooaza.pl\/index.php\/wp-json\/wp\/v2\/media\/10039"}],"wp:attachment":[{"href":"https:\/\/www.bobooaza.pl\/index.php\/wp-json\/wp\/v2\/media?parent=10041"}],"wp:term":[{"taxonomy":"product_brand","embeddable":true,"href":"https:\/\/www.bobooaza.pl\/index.php\/wp-json\/wp\/v2\/product_brand?post=10041"},{"taxonomy":"product_cat","embeddable":true,"href":"https:\/\/www.bobooaza.pl\/index.php\/wp-json\/wp\/v2\/product_cat?post=10041"},{"taxonomy":"product_tag","embeddable":true,"href":"https:\/\/www.bobooaza.pl\/index.php\/wp-json\/wp\/v2\/product_tag?post=10041"}],"curies":[{"name":"wp","href":"https:\/\/api.w.org\/{rel}","templated":true}]}}