{"id":10095,"date":"2026-01-05T00:36:15","date_gmt":"2026-01-04T23:36:15","guid":{"rendered":"https:\/\/bobooaza.pl\/index.php\/produkt\/b-o-585-24-biustonosz-do-karmienia-f75-80-czarny\/"},"modified":"2026-01-05T00:37:23","modified_gmt":"2026-01-04T23:37:23","slug":"b-o-585-24-biustonosz-do-karmienia-f75-80-czarny","status":"publish","type":"product","link":"https:\/\/www.bobooaza.pl\/index.php\/produkt\/b-o-585-24-biustonosz-do-karmienia-f75-80-czarny\/","title":{"rendered":"B.O.585\/24 Biustonosz do karmienia F75\/80 czarny"},"content":{"rendered":"<p>Biustonosz do karmienia w rozmiarze F75-80 w kolorze czarnym to komfortowy i funkcjonalny model stworzony z my\u015bl\u0105 o mamach karmi\u0105cych. Wykonany z w\u0142\u00f3kien Skin Protect, impregnowanych zwi\u0105zkami srebra, posiada w\u0142a\u015bciwo\u015bci antybakteryjne i antygrzybiczne, jest hipoalergiczny, oddychaj\u0105cy oraz dobrze odprowadza wilgo\u0107, jednocze\u015bnie utrzymuj\u0105c naturaln\u0105 ciep\u0142ot\u0119 cia\u0142a. Brak fiszbin, wysoka elastyczno\u015b\u0107 materia\u0142u i bezszwowa konstrukcja zapewniaj\u0105 wygod\u0119, odpowiednie podtrzymanie biustu i dopasowanie do r\u00f3\u017cnych sylwetek bez ucisk\u00f3w. Odpinane miseczki umo\u017cliwiaj\u0105 \u0142atwe karmienie jedn\u0105 r\u0119k\u0105, a dyskretny panel wzmacniaj\u0105cy zwi\u0119ksza stabilizacj\u0119 i komfort podczas karmienia. Delikatna koronka dodaje biustonoszowi elegancji, nie podra\u017cniaj\u0105c sk\u00f3ry. Materia\u0142 to 90% poliamid i 10% elastan, konstrukcja jest bezszwowa i oddychaj\u0105ca, a biustonosz pozostaje dobrze dopasowany zar\u00f3wno przed, jak i po karmieniu.<\/p>\n","protected":false},"excerpt":{"rendered":"<p>Biustonosz do karmienia w rozmiarze F75-80 w kolorze czarnym to komfortowy i funkcjonalny model stworzony z my\u015bl\u0105 o mamach karmi\u0105cych. Wykonany z w\u0142\u00f3kien Skin Protect, impregnowanych zwi\u0105zkami srebra, posiada w\u0142a\u015bciwo\u015bci antybakteryjne i antygrzybiczne, jest hipoalergiczny, oddychaj\u0105cy oraz dobrze odprowadza wilgo\u0107, jednocze\u015bnie utrzymuj\u0105c naturaln\u0105 ciep\u0142ot\u0119 cia\u0142a. Brak fiszbin, wysoka elastyczno\u015b\u0107 materia\u0142u i bezszwowa konstrukcja zapewniaj\u0105 wygod\u0119, [&hellip;]<\/p>\n","protected":false},"featured_media":10093,"comment_status":"open","ping_status":"closed","template":"","meta":[],"product_brand":[],"product_cat":[95,151,88],"product_tag":[],"class_list":{"0":"post-10095","1":"product","2":"type-product","3":"status-publish","4":"has-post-thumbnail","6":"product_cat-artykuly-higieniczne","7":"product_cat-biustonosze","8":"product_cat-mama","10":"first","11":"instock","12":"taxable","13":"shipping-taxable","14":"purchasable","15":"product-type-simple"},"_links":{"self":[{"href":"https:\/\/www.bobooaza.pl\/index.php\/wp-json\/wp\/v2\/product\/10095","targetHints":{"allow":["GET"]}}],"collection":[{"href":"https:\/\/www.bobooaza.pl\/index.php\/wp-json\/wp\/v2\/product"}],"about":[{"href":"https:\/\/www.bobooaza.pl\/index.php\/wp-json\/wp\/v2\/types\/product"}],"replies":[{"embeddable":true,"href":"https:\/\/www.bobooaza.pl\/index.php\/wp-json\/wp\/v2\/comments?post=10095"}],"wp:featuredmedia":[{"embeddable":true,"href":"https:\/\/www.bobooaza.pl\/index.php\/wp-json\/wp\/v2\/media\/10093"}],"wp:attachment":[{"href":"https:\/\/www.bobooaza.pl\/index.php\/wp-json\/wp\/v2\/media?parent=10095"}],"wp:term":[{"taxonomy":"product_brand","embeddable":true,"href":"https:\/\/www.bobooaza.pl\/index.php\/wp-json\/wp\/v2\/product_brand?post=10095"},{"taxonomy":"product_cat","embeddable":true,"href":"https:\/\/www.bobooaza.pl\/index.php\/wp-json\/wp\/v2\/product_cat?post=10095"},{"taxonomy":"product_tag","embeddable":true,"href":"https:\/\/www.bobooaza.pl\/index.php\/wp-json\/wp\/v2\/product_tag?post=10095"}],"curies":[{"name":"wp","href":"https:\/\/api.w.org\/{rel}","templated":true}]}}