{"id":10144,"date":"2026-01-05T08:16:34","date_gmt":"2026-01-05T07:16:34","guid":{"rendered":"https:\/\/bobooaza.pl\/index.php\/produkt\/woopie-50896-samochod-zdalnie-sterowany-kaskader\/"},"modified":"2026-01-05T08:23:42","modified_gmt":"2026-01-05T07:23:42","slug":"woopie-50896-samochod-zdalnie-sterowany-kaskader","status":"publish","type":"product","link":"https:\/\/www.bobooaza.pl\/index.php\/produkt\/woopie-50896-samochod-zdalnie-sterowany-kaskader\/","title":{"rendered":"WOOPIE 50896 Samoch\u00f3d zdalnie sterowany Kaskader"},"content":{"rendered":"<p>WOOPIE 50896 Samoch\u00f3d zdalnie sterowany Kaskader to dynamiczna zabawka stworzona z my\u015bl\u0105 o dzieciach od 3. roku \u017cycia, \u0142\u0105cz\u0105ca w sobie emocjonuj\u0105c\u0105 zabaw\u0119 z bezpiecze\u0144stwem u\u017cytkowania. Auto zosta\u0142o zaprojektowane tak, aby radzi\u0107 sobie na torach wy\u015bcigowych, wykonywa\u0107 kaskaderskie obroty oraz zapewnia\u0107 atrakcyjny wizualnie efekt dzi\u0119ki diodom LED na ko\u0142ach. Dzi\u0119ki solidnej konstrukcji pozbawionej ostrych kraw\u0119dzi, zabawa jest ca\u0142kowicie bezpieczna.<\/p>\n<p>Zdalne sterowanie odbywa si\u0119 przy u\u017cyciu nadajnika 2,4 GHz, co zapewnia wi\u0119kszy zasi\u0119g i szybsz\u0105 reakcj\u0119 samochodu na polecenia dziecka. Elastyczne opony kaskaderskie umo\u017cliwiaj\u0105 przewijanie dwustronne i jazd\u0119 w r\u00f3\u017cnych kierunkach, co dodatkowo urozmaica zabaw\u0119. Samoch\u00f3d Kaskader to po\u0142\u0105czenie wytrzyma\u0142o\u015bci, atrakcyjnego designu i interaktywnej zabawy, rozwijaj\u0105cej koordynacj\u0119 r\u0119ka-oko oraz zdolno\u015bci manualne.<\/p>\n","protected":false},"excerpt":{"rendered":"<p>WOOPIE 50896 Samoch\u00f3d zdalnie sterowany Kaskader to dynamiczna zabawka stworzona z my\u015bl\u0105 o dzieciach od 3. roku \u017cycia, \u0142\u0105cz\u0105ca w sobie emocjonuj\u0105c\u0105 zabaw\u0119 z bezpiecze\u0144stwem u\u017cytkowania. Auto zosta\u0142o zaprojektowane tak, aby radzi\u0107 sobie na torach wy\u015bcigowych, wykonywa\u0107 kaskaderskie obroty oraz zapewnia\u0107 atrakcyjny wizualnie efekt dzi\u0119ki diodom LED na ko\u0142ach. Dzi\u0119ki solidnej konstrukcji pozbawionej ostrych kraw\u0119dzi, [&hellip;]<\/p>\n","protected":false},"featured_media":10138,"comment_status":"open","ping_status":"closed","template":"","meta":[],"product_brand":[],"product_cat":[132,61],"product_tag":[],"class_list":{"0":"post-10144","1":"product","2":"type-product","3":"status-publish","4":"has-post-thumbnail","6":"product_cat-samochodziki","7":"product_cat-zabawki","9":"first","10":"instock","11":"taxable","12":"shipping-taxable","13":"purchasable","14":"product-type-simple"},"_links":{"self":[{"href":"https:\/\/www.bobooaza.pl\/index.php\/wp-json\/wp\/v2\/product\/10144","targetHints":{"allow":["GET"]}}],"collection":[{"href":"https:\/\/www.bobooaza.pl\/index.php\/wp-json\/wp\/v2\/product"}],"about":[{"href":"https:\/\/www.bobooaza.pl\/index.php\/wp-json\/wp\/v2\/types\/product"}],"replies":[{"embeddable":true,"href":"https:\/\/www.bobooaza.pl\/index.php\/wp-json\/wp\/v2\/comments?post=10144"}],"wp:featuredmedia":[{"embeddable":true,"href":"https:\/\/www.bobooaza.pl\/index.php\/wp-json\/wp\/v2\/media\/10138"}],"wp:attachment":[{"href":"https:\/\/www.bobooaza.pl\/index.php\/wp-json\/wp\/v2\/media?parent=10144"}],"wp:term":[{"taxonomy":"product_brand","embeddable":true,"href":"https:\/\/www.bobooaza.pl\/index.php\/wp-json\/wp\/v2\/product_brand?post=10144"},{"taxonomy":"product_cat","embeddable":true,"href":"https:\/\/www.bobooaza.pl\/index.php\/wp-json\/wp\/v2\/product_cat?post=10144"},{"taxonomy":"product_tag","embeddable":true,"href":"https:\/\/www.bobooaza.pl\/index.php\/wp-json\/wp\/v2\/product_tag?post=10144"}],"curies":[{"name":"wp","href":"https:\/\/api.w.org\/{rel}","templated":true}]}}