{"id":10178,"date":"2026-01-05T08:36:40","date_gmt":"2026-01-05T07:36:40","guid":{"rendered":"https:\/\/bobooaza.pl\/index.php\/produkt\/woopie-43841-zestaw-do-piasku-w-wiaderku-samochodzik\/"},"modified":"2026-01-05T08:38:11","modified_gmt":"2026-01-05T07:38:11","slug":"woopie-43841-zestaw-do-piasku-w-wiaderku-samochodzik","status":"publish","type":"product","link":"https:\/\/www.bobooaza.pl\/index.php\/produkt\/woopie-43841-zestaw-do-piasku-w-wiaderku-samochodzik\/","title":{"rendered":"WOOPIE 43841 Zestaw do piasku w wiaderku samochodzik"},"content":{"rendered":"<p>Zestaw do Piasku w Wiaderku od marki WOOPIE to \u015bwietny dodatek do piaskownicy, a nawet ogrodu. Zestaw zawiera 10 element\u00f3w: wiaderko, konewk\u0119, \u0142y\u017ck\u0119, 4 foremki, \u0142opatk\u0119 i grabki oraz samochodzik. Zestaw ma pi\u0119kny pastelowy design. Wiaderko i konewka ma wygodny uchwyt do przenoszenia. Gwarancja super zabawy w piaskownicy, na pla\u017cy, a nawet w ogrodzie!<\/p>\n<p>Charakterystyka:<\/p>\n<p>&#8211; od 3 roku \u017cycia,<br \/>\n&#8211; pastelowy design,<br \/>\n&#8211; do zabawy w piaskownicy, na pla\u017cy, a nawet w ogrodzie!<br \/>\nZestaw zawiera:<\/p>\n<p>&#8211; wiaderko,<br \/>\n&#8211; konewk\u0119,<br \/>\n&#8211; \u0142y\u017ck\u0119,<br \/>\n&#8211; 4 foremki,<br \/>\n&#8211; \u0142opatki,<br \/>\n&#8211; grabki,<br \/>\n&#8211; samochodzik.<br \/>\nZabawka rozwija:<\/p>\n<p>&#8211; koordynacje wzrokowo-ruchow\u0105,<br \/>\n&#8211; wyobra\u017ani\u0119,<br \/>\n&#8211; my\u015blenie przestrzenne,<br \/>\n&#8211; umiej\u0119tno\u015bci spo\u0142eczne,<br \/>\n&#8211; motoryk\u0119,<br \/>\n&#8211; zdolno\u015bci manualne.<\/p>\n<p>Produkt wprowadzony do obrotu na terenie UE przed 13.12.2024\tTak<br \/>\nWaga:\t0.4 kg<\/p>\n","protected":false},"excerpt":{"rendered":"<p>Zestaw do Piasku w Wiaderku od marki WOOPIE to \u015bwietny dodatek do piaskownicy, a nawet ogrodu. Zestaw zawiera 10 element\u00f3w: wiaderko, konewk\u0119, \u0142y\u017ck\u0119, 4 foremki, \u0142opatk\u0119 i grabki oraz samochodzik. Zestaw ma pi\u0119kny pastelowy design. Wiaderko i konewka ma wygodny uchwyt do przenoszenia. Gwarancja super zabawy w piaskownicy, na pla\u017cy, a nawet w ogrodzie! Charakterystyka: [&hellip;]<\/p>\n","protected":false},"featured_media":10177,"comment_status":"open","ping_status":"closed","template":"","meta":[],"product_brand":[],"product_cat":[61,136,130],"product_tag":[],"class_list":{"0":"post-10178","1":"product","2":"type-product","3":"status-publish","4":"has-post-thumbnail","6":"product_cat-zabawki","7":"product_cat-zabawki-pozostale","8":"product_cat-zestawy-do-piasku","10":"first","11":"instock","12":"taxable","13":"shipping-taxable","14":"purchasable","15":"product-type-simple"},"_links":{"self":[{"href":"https:\/\/www.bobooaza.pl\/index.php\/wp-json\/wp\/v2\/product\/10178","targetHints":{"allow":["GET"]}}],"collection":[{"href":"https:\/\/www.bobooaza.pl\/index.php\/wp-json\/wp\/v2\/product"}],"about":[{"href":"https:\/\/www.bobooaza.pl\/index.php\/wp-json\/wp\/v2\/types\/product"}],"replies":[{"embeddable":true,"href":"https:\/\/www.bobooaza.pl\/index.php\/wp-json\/wp\/v2\/comments?post=10178"}],"wp:featuredmedia":[{"embeddable":true,"href":"https:\/\/www.bobooaza.pl\/index.php\/wp-json\/wp\/v2\/media\/10177"}],"wp:attachment":[{"href":"https:\/\/www.bobooaza.pl\/index.php\/wp-json\/wp\/v2\/media?parent=10178"}],"wp:term":[{"taxonomy":"product_brand","embeddable":true,"href":"https:\/\/www.bobooaza.pl\/index.php\/wp-json\/wp\/v2\/product_brand?post=10178"},{"taxonomy":"product_cat","embeddable":true,"href":"https:\/\/www.bobooaza.pl\/index.php\/wp-json\/wp\/v2\/product_cat?post=10178"},{"taxonomy":"product_tag","embeddable":true,"href":"https:\/\/www.bobooaza.pl\/index.php\/wp-json\/wp\/v2\/product_tag?post=10178"}],"curies":[{"name":"wp","href":"https:\/\/api.w.org\/{rel}","templated":true}]}}