{"id":10189,"date":"2026-01-05T09:10:40","date_gmt":"2026-01-05T08:10:40","guid":{"rendered":"https:\/\/bobooaza.pl\/index.php\/produkt\/dumel-dd-10226-jezdzik-pociag-4w1\/"},"modified":"2026-01-19T21:53:25","modified_gmt":"2026-01-19T20:53:25","slug":"dumel-dd-10226-jezdzik-pociag-4w1","status":"publish","type":"product","link":"https:\/\/www.bobooaza.pl\/index.php\/produkt\/dumel-dd-10226-jezdzik-pociag-4w1\/","title":{"rendered":"DUMEL DD 10226 Je\u017adzik poci\u0105g 4w1"},"content":{"rendered":"<p>DUMEL DD 10226 Je\u017adzik poci\u0105g 4w1 to kolorowa ciuchcia stworzona dla dzieci w wieku od 12 do 36 miesi\u0119cy, oferuj\u0105ca a\u017c cztery r\u00f3\u017cne sposoby zabawy. Maluch mo\u017ce siedzie\u0107 na wagoniku i odpycha\u0107 si\u0119 n\u00f3\u017ckami, odczepi\u0107 wagonik i chodzi\u0107 za ciuchci\u0105, ci\u0105gn\u0105\u0107 wagonik lub siedzie\u0107 przy ciuchci i bawi\u0107 si\u0119 aktywnymi elementami. Zabawka posiada wiele atrakcji wspieraj\u0105cych rozw\u00f3j ma\u0142ej motoryki i zdolno\u015bci manualnych: tarcz\u0119 zegara z ruchom\u0105 wskaz\u00f3wk\u0105, koraliki do przesuwania, ksi\u0105\u017ceczk\u0119 ze stronami do przewracania, kolorowe trybiki do kr\u0119cenia oraz pianinko do tworzenia w\u0142asnych melodii.<\/p>\n<p>Je\u017adzik wyposa\u017cono w \u015bwiate\u0142ko, weso\u0142e d\u017awi\u0119ki i melodie oraz regulacj\u0119 g\u0142o\u015bno\u015bci, aby dostosowa\u0107 zabaw\u0119 do potrzeb dziecka. Siedzisko mo\u017cna podnie\u015b\u0107 i obr\u00f3ci\u0107, przekszta\u0142caj\u0105c wagonik w w\u00f3zek do prowadzenia, a wagonik mo\u017cna odczepi\u0107. Dodatkowe funkcje to opuszczane okienko, barometr z przekr\u0119canym kluczykiem, ruchome koraliki oraz pianinko. Zabawka wymaga 3 baterii AAA (brak w zestawie).<\/p>\n","protected":false},"excerpt":{"rendered":"<p>DUMEL DD 10226 Je\u017adzik poci\u0105g 4w1 to kolorowa ciuchcia stworzona dla dzieci w wieku od 12 do 36 miesi\u0119cy, oferuj\u0105ca a\u017c cztery r\u00f3\u017cne sposoby zabawy. Maluch mo\u017ce siedzie\u0107 na wagoniku i odpycha\u0107 si\u0119 n\u00f3\u017ckami, odczepi\u0107 wagonik i chodzi\u0107 za ciuchci\u0105, ci\u0105gn\u0105\u0107 wagonik lub siedzie\u0107 przy ciuchci i bawi\u0107 si\u0119 aktywnymi elementami. Zabawka posiada wiele atrakcji [&hellip;]<\/p>\n","protected":false},"featured_media":10187,"comment_status":"open","ping_status":"closed","template":"","meta":[],"product_brand":[],"product_cat":[145,61,136],"product_tag":[],"class_list":{"0":"post-10189","1":"product","2":"type-product","3":"status-publish","4":"has-post-thumbnail","6":"product_cat-jezdziki","7":"product_cat-zabawki","8":"product_cat-zabawki-pozostale","10":"first","11":"instock","12":"taxable","13":"shipping-taxable","14":"purchasable","15":"product-type-simple"},"_links":{"self":[{"href":"https:\/\/www.bobooaza.pl\/index.php\/wp-json\/wp\/v2\/product\/10189","targetHints":{"allow":["GET"]}}],"collection":[{"href":"https:\/\/www.bobooaza.pl\/index.php\/wp-json\/wp\/v2\/product"}],"about":[{"href":"https:\/\/www.bobooaza.pl\/index.php\/wp-json\/wp\/v2\/types\/product"}],"replies":[{"embeddable":true,"href":"https:\/\/www.bobooaza.pl\/index.php\/wp-json\/wp\/v2\/comments?post=10189"}],"wp:featuredmedia":[{"embeddable":true,"href":"https:\/\/www.bobooaza.pl\/index.php\/wp-json\/wp\/v2\/media\/10187"}],"wp:attachment":[{"href":"https:\/\/www.bobooaza.pl\/index.php\/wp-json\/wp\/v2\/media?parent=10189"}],"wp:term":[{"taxonomy":"product_brand","embeddable":true,"href":"https:\/\/www.bobooaza.pl\/index.php\/wp-json\/wp\/v2\/product_brand?post=10189"},{"taxonomy":"product_cat","embeddable":true,"href":"https:\/\/www.bobooaza.pl\/index.php\/wp-json\/wp\/v2\/product_cat?post=10189"},{"taxonomy":"product_tag","embeddable":true,"href":"https:\/\/www.bobooaza.pl\/index.php\/wp-json\/wp\/v2\/product_tag?post=10189"}],"curies":[{"name":"wp","href":"https:\/\/api.w.org\/{rel}","templated":true}]}}