{"id":10195,"date":"2026-01-05T09:10:43","date_gmt":"2026-01-05T08:10:43","guid":{"rendered":"https:\/\/bobooaza.pl\/index.php\/produkt\/viga-44240-polarb-drewniany-jezdzik-lisek\/"},"modified":"2026-01-05T09:11:33","modified_gmt":"2026-01-05T08:11:33","slug":"viga-44240-polarb-drewniany-jezdzik-lisek","status":"publish","type":"product","link":"https:\/\/www.bobooaza.pl\/index.php\/produkt\/viga-44240-polarb-drewniany-jezdzik-lisek\/","title":{"rendered":"Viga 44240 PolarB Drewniany je\u017adzik Lisek"},"content":{"rendered":"<p>Viga 44240 PolarB Drewniany je\u017adzik Lisek to pastelowy je\u017adzik w kszta\u0142cie lisa, zaprojektowany dla dzieci od 12 miesi\u0105ca \u017cycia. Pozwala maluchowi rozwija\u0107 si\u0142\u0119 mi\u0119\u015bniow\u0105, koordynacj\u0119 ruchow\u0105 oraz r\u00f3wnowag\u0119 podczas zabawy. Zabawka wykonana jest z drewna, z elementami w pastelowych kolorach, posiada zaokr\u0105glone kraw\u0119dzie i bezpieczne materia\u0142y, a cztery ko\u0142a EVA zapewniaj\u0105 stabilno\u015b\u0107 i trwa\u0142o\u015b\u0107. Dodatkowo wyposa\u017cona jest w blokad\u0119 kierownicy dla zwi\u0119kszenia bezpiecze\u0144stwa.<\/p>\n<p>Zabawka wspiera rozw\u00f3j: r\u00f3wnowagi, koordynacji cia\u0142a, umiej\u0119tno\u015bci motorycznych oraz si\u0142y mi\u0119\u015bniowej.<\/p>\n<p>Wymiary: 53 x 27,5 x 38,3 cm.<\/p>\n","protected":false},"excerpt":{"rendered":"<p>Viga 44240 PolarB Drewniany je\u017adzik Lisek to pastelowy je\u017adzik w kszta\u0142cie lisa, zaprojektowany dla dzieci od 12 miesi\u0105ca \u017cycia. Pozwala maluchowi rozwija\u0107 si\u0142\u0119 mi\u0119\u015bniow\u0105, koordynacj\u0119 ruchow\u0105 oraz r\u00f3wnowag\u0119 podczas zabawy. Zabawka wykonana jest z drewna, z elementami w pastelowych kolorach, posiada zaokr\u0105glone kraw\u0119dzie i bezpieczne materia\u0142y, a cztery ko\u0142a EVA zapewniaj\u0105 stabilno\u015b\u0107 i trwa\u0142o\u015b\u0107. Dodatkowo [&hellip;]<\/p>\n","protected":false},"featured_media":10190,"comment_status":"open","ping_status":"closed","template":"","meta":[],"product_brand":[],"product_cat":[145,61,136],"product_tag":[],"class_list":{"0":"post-10195","1":"product","2":"type-product","3":"status-publish","4":"has-post-thumbnail","6":"product_cat-jezdziki","7":"product_cat-zabawki","8":"product_cat-zabawki-pozostale","10":"first","11":"instock","12":"taxable","13":"shipping-taxable","14":"purchasable","15":"product-type-simple"},"_links":{"self":[{"href":"https:\/\/www.bobooaza.pl\/index.php\/wp-json\/wp\/v2\/product\/10195","targetHints":{"allow":["GET"]}}],"collection":[{"href":"https:\/\/www.bobooaza.pl\/index.php\/wp-json\/wp\/v2\/product"}],"about":[{"href":"https:\/\/www.bobooaza.pl\/index.php\/wp-json\/wp\/v2\/types\/product"}],"replies":[{"embeddable":true,"href":"https:\/\/www.bobooaza.pl\/index.php\/wp-json\/wp\/v2\/comments?post=10195"}],"wp:featuredmedia":[{"embeddable":true,"href":"https:\/\/www.bobooaza.pl\/index.php\/wp-json\/wp\/v2\/media\/10190"}],"wp:attachment":[{"href":"https:\/\/www.bobooaza.pl\/index.php\/wp-json\/wp\/v2\/media?parent=10195"}],"wp:term":[{"taxonomy":"product_brand","embeddable":true,"href":"https:\/\/www.bobooaza.pl\/index.php\/wp-json\/wp\/v2\/product_brand?post=10195"},{"taxonomy":"product_cat","embeddable":true,"href":"https:\/\/www.bobooaza.pl\/index.php\/wp-json\/wp\/v2\/product_cat?post=10195"},{"taxonomy":"product_tag","embeddable":true,"href":"https:\/\/www.bobooaza.pl\/index.php\/wp-json\/wp\/v2\/product_tag?post=10195"}],"curies":[{"name":"wp","href":"https:\/\/api.w.org\/{rel}","templated":true}]}}