{"id":10204,"date":"2026-01-05T09:11:00","date_gmt":"2026-01-05T08:11:00","guid":{"rendered":"https:\/\/bobooaza.pl\/index.php\/produkt\/milly-mally-jezdzik-grawitacyjny-gravity-green-yellow\/"},"modified":"2026-01-19T21:53:26","modified_gmt":"2026-01-19T20:53:26","slug":"milly-mally-jezdzik-grawitacyjny-gravity-green-yellow","status":"publish","type":"product","link":"https:\/\/www.bobooaza.pl\/index.php\/produkt\/milly-mally-jezdzik-grawitacyjny-gravity-green-yellow\/","title":{"rendered":"MILLY MALLY Je\u017adzik Grawitacyjny Gravity Green Yellow"},"content":{"rendered":"<p>MILLY MALLY Je\u017adzik Grawitacyjny Gravity Green Yellow to innowacyjny pojazd dla dzieci od 3 roku \u017cycia, kt\u00f3ry nie wymaga peda\u0142\u00f3w ani baterii \u2013 porusza si\u0119 dzi\u0119ki sile grawitacji i ruchom cia\u0142a dziecka. Dziecko steruje je\u017adzikiem, manewruj\u0105c kierownic\u0105 w prawo i w lewo, co wspiera rozw\u00f3j motoryki, koordynacji i kondycji fizycznej. Je\u017adzik ma \u015bwiec\u0105ce k\u00f3\u0142ka LED, wyprofilowane i wygodne siedzisko oraz stabiln\u0105, szerok\u0105 podstaw\u0119 z nisko po\u0142o\u017conym \u015brodkiem ci\u0119\u017cko\u015bci, co zapewnia bezpiecze\u0144stwo podczas zabawy. Solidna konstrukcja z wysokiej jako\u015bci tworzywa oraz piankowa os\u0142ona kolumny kierowniczej dodatkowo chroni\u0105 dziecko, a ergonomiczna kierownica jest \u0142atwa do uchwycenia przez ma\u0142e r\u0105czki. Maksymalne obci\u0105\u017cenie pojazdu wynosi 50 kg, a produkt spe\u0142nia europejskie normy bezpiecze\u0144stwa. Wymiary je\u017adzika to 41,5 cm wysoko\u015bci, 80 cm d\u0142ugo\u015bci i 35 cm szeroko\u015bci, wysoko\u015b\u0107 do siedziska wynosi 22 cm, szeroko\u015b\u0107 siedziska 26 cm, d\u0142ugo\u015b\u0107 siedziska 20 cm, szeroko\u015b\u0107 kierownicy 25 cm, a \u015brednica k\u00f3\u0142 to 9 cm. Pojazd rozwija r\u00f3wnowag\u0119 i koordynacj\u0119 ruchow\u0105, zach\u0119ca do aktywno\u015bci fizycznej, \u0107wiczy motoryk\u0119 du\u017c\u0105 i zapewnia bezpieczn\u0105 oraz emocjonuj\u0105c\u0105 zabaw\u0119 zar\u00f3wno w domu, jak i na \u015bwie\u017cym powietrzu.<\/p>\n","protected":false},"excerpt":{"rendered":"<p>MILLY MALLY Je\u017adzik Grawitacyjny Gravity Green Yellow to innowacyjny pojazd dla dzieci od 3 roku \u017cycia, kt\u00f3ry nie wymaga peda\u0142\u00f3w ani baterii \u2013 porusza si\u0119 dzi\u0119ki sile grawitacji i ruchom cia\u0142a dziecka. Dziecko steruje je\u017adzikiem, manewruj\u0105c kierownic\u0105 w prawo i w lewo, co wspiera rozw\u00f3j motoryki, koordynacji i kondycji fizycznej. Je\u017adzik ma \u015bwiec\u0105ce k\u00f3\u0142ka LED, [&hellip;]<\/p>\n","protected":false},"featured_media":10196,"comment_status":"open","ping_status":"closed","template":"","meta":[],"product_brand":[],"product_cat":[145,61,136],"product_tag":[],"class_list":{"0":"post-10204","1":"product","2":"type-product","3":"status-publish","4":"has-post-thumbnail","6":"product_cat-jezdziki","7":"product_cat-zabawki","8":"product_cat-zabawki-pozostale","10":"first","11":"instock","12":"taxable","13":"shipping-taxable","14":"purchasable","15":"product-type-simple"},"_links":{"self":[{"href":"https:\/\/www.bobooaza.pl\/index.php\/wp-json\/wp\/v2\/product\/10204","targetHints":{"allow":["GET"]}}],"collection":[{"href":"https:\/\/www.bobooaza.pl\/index.php\/wp-json\/wp\/v2\/product"}],"about":[{"href":"https:\/\/www.bobooaza.pl\/index.php\/wp-json\/wp\/v2\/types\/product"}],"replies":[{"embeddable":true,"href":"https:\/\/www.bobooaza.pl\/index.php\/wp-json\/wp\/v2\/comments?post=10204"}],"wp:featuredmedia":[{"embeddable":true,"href":"https:\/\/www.bobooaza.pl\/index.php\/wp-json\/wp\/v2\/media\/10196"}],"wp:attachment":[{"href":"https:\/\/www.bobooaza.pl\/index.php\/wp-json\/wp\/v2\/media?parent=10204"}],"wp:term":[{"taxonomy":"product_brand","embeddable":true,"href":"https:\/\/www.bobooaza.pl\/index.php\/wp-json\/wp\/v2\/product_brand?post=10204"},{"taxonomy":"product_cat","embeddable":true,"href":"https:\/\/www.bobooaza.pl\/index.php\/wp-json\/wp\/v2\/product_cat?post=10204"},{"taxonomy":"product_tag","embeddable":true,"href":"https:\/\/www.bobooaza.pl\/index.php\/wp-json\/wp\/v2\/product_tag?post=10204"}],"curies":[{"name":"wp","href":"https:\/\/api.w.org\/{rel}","templated":true}]}}