{"id":10216,"date":"2026-01-05T09:11:11","date_gmt":"2026-01-05T08:11:11","guid":{"rendered":"https:\/\/bobooaza.pl\/index.php\/produkt\/milly-mally-jezdzik-grawitacyjny-gravity-lime-yellow\/"},"modified":"2026-01-05T09:12:21","modified_gmt":"2026-01-05T08:12:21","slug":"milly-mally-jezdzik-grawitacyjny-gravity-lime-yellow","status":"publish","type":"product","link":"https:\/\/www.bobooaza.pl\/index.php\/produkt\/milly-mally-jezdzik-grawitacyjny-gravity-lime-yellow\/","title":{"rendered":"MILLY MALLY Je\u017adzik Grawitacyjny Gravity Lime Yellow"},"content":{"rendered":"<p>MILLY MALLY Je\u017adzik Grawitacyjny Gravity Lime Yellow to innowacyjny pojazd dla dzieci od 3 roku \u017cycia, kt\u00f3ry porusza si\u0119 dzi\u0119ki sile grawitacji i ruchom cia\u0142a dziecka, bez u\u017cycia peda\u0142\u00f3w czy baterii. Dziecko steruje je\u017adzikiem, manewruj\u0105c kierownic\u0105 w prawo i w lewo, co wspiera rozw\u00f3j motoryki, koordynacji i kondycji fizycznej. Je\u017adzik zosta\u0142 wykonany z wysokiej jako\u015bci tworzywa, dzi\u0119ki czemu jest lekki i wytrzyma\u0142y, a ergonomiczny kszta\u0142t i wyprofilowane siedzisko zapewniaj\u0105 komfort podczas zabawy. Stabilna, szeroka podstawa oraz nisko po\u0142o\u017cony \u015brodek ci\u0119\u017cko\u015bci gwarantuj\u0105 bezpiecze\u0144stwo, a kierownica jest \u0142atwa do uchwycenia przez ma\u0142e r\u0105czki. Pojazd posiada \u015bwiec\u0105ce k\u00f3\u0142ka LED, kt\u00f3re zwi\u0119kszaj\u0105 jego atrakcyjno\u015b\u0107. Solidna konstrukcja, piankowa os\u0142ona kolumny kierowniczej i spe\u0142nienie europejskich norm bezpiecze\u0144stwa dodatkowo podnosz\u0105 bezpiecze\u0144stwo u\u017cytkowania. Maksymalne obci\u0105\u017cenie wynosi 50 kg. Wymiary je\u017adzika to 41,5 cm wysoko\u015bci, 80 cm d\u0142ugo\u015bci i 35 cm szeroko\u015bci, wysoko\u015b\u0107 do siedziska 22 cm, szeroko\u015b\u0107 siedziska 26 cm, d\u0142ugo\u015b\u0107 siedziska 20 cm, szeroko\u015b\u0107 kierownicy 25 cm, a \u015brednica k\u00f3\u0142 wynosi 9 cm.<\/p>\n","protected":false},"excerpt":{"rendered":"<p>MILLY MALLY Je\u017adzik Grawitacyjny Gravity Lime Yellow to innowacyjny pojazd dla dzieci od 3 roku \u017cycia, kt\u00f3ry porusza si\u0119 dzi\u0119ki sile grawitacji i ruchom cia\u0142a dziecka, bez u\u017cycia peda\u0142\u00f3w czy baterii. Dziecko steruje je\u017adzikiem, manewruj\u0105c kierownic\u0105 w prawo i w lewo, co wspiera rozw\u00f3j motoryki, koordynacji i kondycji fizycznej. Je\u017adzik zosta\u0142 wykonany z wysokiej jako\u015bci [&hellip;]<\/p>\n","protected":false},"featured_media":10211,"comment_status":"open","ping_status":"closed","template":"","meta":[],"product_brand":[],"product_cat":[145,61,136],"product_tag":[],"class_list":{"0":"post-10216","1":"product","2":"type-product","3":"status-publish","4":"has-post-thumbnail","6":"product_cat-jezdziki","7":"product_cat-zabawki","8":"product_cat-zabawki-pozostale","10":"first","11":"instock","12":"taxable","13":"shipping-taxable","14":"purchasable","15":"product-type-simple"},"_links":{"self":[{"href":"https:\/\/www.bobooaza.pl\/index.php\/wp-json\/wp\/v2\/product\/10216","targetHints":{"allow":["GET"]}}],"collection":[{"href":"https:\/\/www.bobooaza.pl\/index.php\/wp-json\/wp\/v2\/product"}],"about":[{"href":"https:\/\/www.bobooaza.pl\/index.php\/wp-json\/wp\/v2\/types\/product"}],"replies":[{"embeddable":true,"href":"https:\/\/www.bobooaza.pl\/index.php\/wp-json\/wp\/v2\/comments?post=10216"}],"wp:featuredmedia":[{"embeddable":true,"href":"https:\/\/www.bobooaza.pl\/index.php\/wp-json\/wp\/v2\/media\/10211"}],"wp:attachment":[{"href":"https:\/\/www.bobooaza.pl\/index.php\/wp-json\/wp\/v2\/media?parent=10216"}],"wp:term":[{"taxonomy":"product_brand","embeddable":true,"href":"https:\/\/www.bobooaza.pl\/index.php\/wp-json\/wp\/v2\/product_brand?post=10216"},{"taxonomy":"product_cat","embeddable":true,"href":"https:\/\/www.bobooaza.pl\/index.php\/wp-json\/wp\/v2\/product_cat?post=10216"},{"taxonomy":"product_tag","embeddable":true,"href":"https:\/\/www.bobooaza.pl\/index.php\/wp-json\/wp\/v2\/product_tag?post=10216"}],"curies":[{"name":"wp","href":"https:\/\/api.w.org\/{rel}","templated":true}]}}