{"id":10227,"date":"2026-01-05T09:11:24","date_gmt":"2026-01-05T08:11:24","guid":{"rendered":"https:\/\/bobooaza.pl\/index.php\/produkt\/falk-910d-jezdzik-marcel-construction-z-lyzka\/"},"modified":"2026-01-05T09:12:22","modified_gmt":"2026-01-05T08:12:22","slug":"falk-910d-jezdzik-marcel-construction-z-lyzka","status":"publish","type":"product","link":"https:\/\/www.bobooaza.pl\/index.php\/produkt\/falk-910d-jezdzik-marcel-construction-z-lyzka\/","title":{"rendered":"FALK 910D Je\u017adzik Marcel Construction z \u0142y\u017ck\u0105"},"content":{"rendered":"<p>FALK 910D Je\u017adzik Marcel Construction z \u0142y\u017ck\u0105 to wszechstronny pojazd dla dzieci od 12 miesi\u0105ca \u017cycia, \u0142\u0105cz\u0105cy zabaw\u0119 w je\u017adzie i pierwsze pr\u00f3by chodzenia z kreatywnym odgrywaniem r\u00f3l. Je\u017adzik posiada funkcjonaln\u0105 \u0142y\u017ck\u0119 czo\u0142ow\u0105, kt\u00f3r\u0105 mo\u017cna nabiera\u0107 i zrzuca\u0107 drobne przedmioty, kierownic\u0119 z klaksonem oraz klikaj\u0105cy kluczyk, a tak\u017ce por\u0119czn\u0105 r\u0105czk\u0119 do pchania, wspieraj\u0105c\u0105 nauk\u0119 chodzenia. Dodatkowo pod siedziskiem znajduje si\u0119 schowek na \u201eskarby\u201d malucha. Solidna konstrukcja z wysokiej jako\u015bci materia\u0142\u00f3w zapewnia bezpiecze\u0144stwo, a maksymalne obci\u0105\u017cenie pojazdu wynosi 25 kg. Zabawka rozwija motoryk\u0119, wyobra\u017ani\u0119 oraz kreatywno\u015b\u0107 dziecka. Wymiary je\u017adzika to 72 cm d\u0142ugo\u015bci, 31 cm szeroko\u015bci i 45 cm wysoko\u015bci.<\/p>\n","protected":false},"excerpt":{"rendered":"<p>FALK 910D Je\u017adzik Marcel Construction z \u0142y\u017ck\u0105 to wszechstronny pojazd dla dzieci od 12 miesi\u0105ca \u017cycia, \u0142\u0105cz\u0105cy zabaw\u0119 w je\u017adzie i pierwsze pr\u00f3by chodzenia z kreatywnym odgrywaniem r\u00f3l. Je\u017adzik posiada funkcjonaln\u0105 \u0142y\u017ck\u0119 czo\u0142ow\u0105, kt\u00f3r\u0105 mo\u017cna nabiera\u0107 i zrzuca\u0107 drobne przedmioty, kierownic\u0119 z klaksonem oraz klikaj\u0105cy kluczyk, a tak\u017ce por\u0119czn\u0105 r\u0105czk\u0119 do pchania, wspieraj\u0105c\u0105 nauk\u0119 chodzenia. [&hellip;]<\/p>\n","protected":false},"featured_media":10223,"comment_status":"open","ping_status":"closed","template":"","meta":[],"product_brand":[],"product_cat":[145,61,136],"product_tag":[],"class_list":{"0":"post-10227","1":"product","2":"type-product","3":"status-publish","4":"has-post-thumbnail","6":"product_cat-jezdziki","7":"product_cat-zabawki","8":"product_cat-zabawki-pozostale","10":"first","11":"instock","12":"taxable","13":"shipping-taxable","14":"purchasable","15":"product-type-simple"},"_links":{"self":[{"href":"https:\/\/www.bobooaza.pl\/index.php\/wp-json\/wp\/v2\/product\/10227","targetHints":{"allow":["GET"]}}],"collection":[{"href":"https:\/\/www.bobooaza.pl\/index.php\/wp-json\/wp\/v2\/product"}],"about":[{"href":"https:\/\/www.bobooaza.pl\/index.php\/wp-json\/wp\/v2\/types\/product"}],"replies":[{"embeddable":true,"href":"https:\/\/www.bobooaza.pl\/index.php\/wp-json\/wp\/v2\/comments?post=10227"}],"wp:featuredmedia":[{"embeddable":true,"href":"https:\/\/www.bobooaza.pl\/index.php\/wp-json\/wp\/v2\/media\/10223"}],"wp:attachment":[{"href":"https:\/\/www.bobooaza.pl\/index.php\/wp-json\/wp\/v2\/media?parent=10227"}],"wp:term":[{"taxonomy":"product_brand","embeddable":true,"href":"https:\/\/www.bobooaza.pl\/index.php\/wp-json\/wp\/v2\/product_brand?post=10227"},{"taxonomy":"product_cat","embeddable":true,"href":"https:\/\/www.bobooaza.pl\/index.php\/wp-json\/wp\/v2\/product_cat?post=10227"},{"taxonomy":"product_tag","embeddable":true,"href":"https:\/\/www.bobooaza.pl\/index.php\/wp-json\/wp\/v2\/product_tag?post=10227"}],"curies":[{"name":"wp","href":"https:\/\/api.w.org\/{rel}","templated":true}]}}