{"id":10237,"date":"2026-01-05T09:11:33","date_gmt":"2026-01-05T08:11:33","guid":{"rendered":"https:\/\/bobooaza.pl\/index.php\/produkt\/falk-700-jezdzik-samochod-strazacki-z-klaksonem\/"},"modified":"2026-01-05T09:23:39","modified_gmt":"2026-01-05T08:23:39","slug":"falk-700-jezdzik-samochod-strazacki-z-klaksonem","status":"publish","type":"product","link":"https:\/\/www.bobooaza.pl\/index.php\/produkt\/falk-700-jezdzik-samochod-strazacki-z-klaksonem\/","title":{"rendered":"FALK 700 Je\u017adzik Samoch\u00f3d Stra\u017cacki z klaksonem"},"content":{"rendered":"<p>FALK 700 Je\u017adzik Samoch\u00f3d Stra\u017cacki z klaksonem to pierwszy pojazd dla dzieci od 12 miesi\u0105ca \u017cycia, kt\u00f3ry \u0142\u0105czy zabaw\u0119, nauk\u0119 ruchu i kreatywno\u015b\u0107. Wyposa\u017cony w ergonomiczn\u0105 kierownic\u0119 z klaksonem, pozwala maluchowi na \u0142atwe manewrowanie, rozwijaj\u0105c koordynacj\u0119 ruchow\u0105 i sprawno\u015b\u0107 fizyczn\u0105. Pod siedziskiem znajduje si\u0119 praktyczny schowek na zabawki lub drobne skarby, a ruchoma d\u017awignia wprowadza dziecko w \u015bwiat symulacji akcji ratunkowej. Tablica rejestracyjna umo\u017cliwia personalizacj\u0119 pojazdu, dzi\u0119ki czemu staje si\u0119 on wyj\u0105tkowy. Je\u017adzik rozwija motoryk\u0119, r\u00f3wnowag\u0119, wyobra\u017ani\u0119 oraz pewno\u015b\u0107 siebie dziecka. Wymiary pojazdu to 55 cm d\u0142ugo\u015bci, 30 cm szeroko\u015bci i 35 cm wysoko\u015bci, a maksymalne obci\u0105\u017cenie wynosi 25 kg.<\/p>\n","protected":false},"excerpt":{"rendered":"<p>FALK 700 Je\u017adzik Samoch\u00f3d Stra\u017cacki z klaksonem to pierwszy pojazd dla dzieci od 12 miesi\u0105ca \u017cycia, kt\u00f3ry \u0142\u0105czy zabaw\u0119, nauk\u0119 ruchu i kreatywno\u015b\u0107. Wyposa\u017cony w ergonomiczn\u0105 kierownic\u0119 z klaksonem, pozwala maluchowi na \u0142atwe manewrowanie, rozwijaj\u0105c koordynacj\u0119 ruchow\u0105 i sprawno\u015b\u0107 fizyczn\u0105. Pod siedziskiem znajduje si\u0119 praktyczny schowek na zabawki lub drobne skarby, a ruchoma d\u017awignia wprowadza [&hellip;]<\/p>\n","protected":false},"featured_media":10228,"comment_status":"open","ping_status":"closed","template":"","meta":[],"product_brand":[],"product_cat":[145,61,136],"product_tag":[],"class_list":{"0":"post-10237","1":"product","2":"type-product","3":"status-publish","4":"has-post-thumbnail","6":"product_cat-jezdziki","7":"product_cat-zabawki","8":"product_cat-zabawki-pozostale","10":"first","11":"instock","12":"taxable","13":"shipping-taxable","14":"purchasable","15":"product-type-simple"},"_links":{"self":[{"href":"https:\/\/www.bobooaza.pl\/index.php\/wp-json\/wp\/v2\/product\/10237","targetHints":{"allow":["GET"]}}],"collection":[{"href":"https:\/\/www.bobooaza.pl\/index.php\/wp-json\/wp\/v2\/product"}],"about":[{"href":"https:\/\/www.bobooaza.pl\/index.php\/wp-json\/wp\/v2\/types\/product"}],"replies":[{"embeddable":true,"href":"https:\/\/www.bobooaza.pl\/index.php\/wp-json\/wp\/v2\/comments?post=10237"}],"wp:featuredmedia":[{"embeddable":true,"href":"https:\/\/www.bobooaza.pl\/index.php\/wp-json\/wp\/v2\/media\/10228"}],"wp:attachment":[{"href":"https:\/\/www.bobooaza.pl\/index.php\/wp-json\/wp\/v2\/media?parent=10237"}],"wp:term":[{"taxonomy":"product_brand","embeddable":true,"href":"https:\/\/www.bobooaza.pl\/index.php\/wp-json\/wp\/v2\/product_brand?post=10237"},{"taxonomy":"product_cat","embeddable":true,"href":"https:\/\/www.bobooaza.pl\/index.php\/wp-json\/wp\/v2\/product_cat?post=10237"},{"taxonomy":"product_tag","embeddable":true,"href":"https:\/\/www.bobooaza.pl\/index.php\/wp-json\/wp\/v2\/product_tag?post=10237"}],"curies":[{"name":"wp","href":"https:\/\/api.w.org\/{rel}","templated":true}]}}