{"id":10242,"date":"2026-01-05T09:11:36","date_gmt":"2026-01-05T08:11:36","guid":{"rendered":"https:\/\/bobooaza.pl\/index.php\/produkt\/falk-910n-jezdzik-marcel-construction-z-lyzka-i-przyczepa\/"},"modified":"2026-01-05T09:23:40","modified_gmt":"2026-01-05T08:23:40","slug":"falk-910n-jezdzik-marcel-construction-z-lyzka-i-przyczepa","status":"publish","type":"product","link":"https:\/\/www.bobooaza.pl\/index.php\/produkt\/falk-910n-jezdzik-marcel-construction-z-lyzka-i-przyczepa\/","title":{"rendered":"FALK 910N Je\u017adzik Marcel Construction z \u0142y\u017ck\u0105 i przyczep\u0105"},"content":{"rendered":"<p>FALK 910N Je\u017adzik Marcel Construction z \u0142y\u017ck\u0105 i przyczep\u0105 to kompaktowy pojazd dla dzieci od 12 miesi\u0105ca \u017cycia, kt\u00f3ry \u0142\u0105czy zabaw\u0119 z nauk\u0105 ruchu i odgrywaniem r\u00f3l. Wyposa\u017cony w dzia\u0142aj\u0105c\u0105 przedni\u0105 i tyln\u0105 \u0142y\u017ck\u0119, kierownic\u0119 z klaksonem, klikaj\u0105cy kluczyk oraz odczepian\u0105 przyczep\u0119, umo\u017cliwia r\u00f3\u017cnorodne scenariusze zabawy w domu i na dworze. Pojazd posiada stabiln\u0105 konstrukcj\u0119, r\u0105czk\u0119 do nauki chodzenia oraz schowek pod siedziskiem na drobne skarby. Zabawa je\u017adzikiem wspiera rozw\u00f3j motoryki, wyobra\u017ani i kreatywno\u015bci dziecka, a maksymalne obci\u0105\u017cenie wynosi 25 kg. W zestawie znajduj\u0105 si\u0119 je\u017adzik Marcel, przednia i tylna \u0142y\u017cka, odczepiana przyczepa oraz r\u0105czka do pchania.<\/p>\n","protected":false},"excerpt":{"rendered":"<p>FALK 910N Je\u017adzik Marcel Construction z \u0142y\u017ck\u0105 i przyczep\u0105 to kompaktowy pojazd dla dzieci od 12 miesi\u0105ca \u017cycia, kt\u00f3ry \u0142\u0105czy zabaw\u0119 z nauk\u0105 ruchu i odgrywaniem r\u00f3l. Wyposa\u017cony w dzia\u0142aj\u0105c\u0105 przedni\u0105 i tyln\u0105 \u0142y\u017ck\u0119, kierownic\u0119 z klaksonem, klikaj\u0105cy kluczyk oraz odczepian\u0105 przyczep\u0119, umo\u017cliwia r\u00f3\u017cnorodne scenariusze zabawy w domu i na dworze. Pojazd posiada stabiln\u0105 konstrukcj\u0119, [&hellip;]<\/p>\n","protected":false},"featured_media":10238,"comment_status":"open","ping_status":"closed","template":"","meta":[],"product_brand":[],"product_cat":[145,61,136],"product_tag":[],"class_list":{"0":"post-10242","1":"product","2":"type-product","3":"status-publish","4":"has-post-thumbnail","6":"product_cat-jezdziki","7":"product_cat-zabawki","8":"product_cat-zabawki-pozostale","10":"first","11":"instock","12":"taxable","13":"shipping-taxable","14":"purchasable","15":"product-type-simple"},"_links":{"self":[{"href":"https:\/\/www.bobooaza.pl\/index.php\/wp-json\/wp\/v2\/product\/10242","targetHints":{"allow":["GET"]}}],"collection":[{"href":"https:\/\/www.bobooaza.pl\/index.php\/wp-json\/wp\/v2\/product"}],"about":[{"href":"https:\/\/www.bobooaza.pl\/index.php\/wp-json\/wp\/v2\/types\/product"}],"replies":[{"embeddable":true,"href":"https:\/\/www.bobooaza.pl\/index.php\/wp-json\/wp\/v2\/comments?post=10242"}],"wp:featuredmedia":[{"embeddable":true,"href":"https:\/\/www.bobooaza.pl\/index.php\/wp-json\/wp\/v2\/media\/10238"}],"wp:attachment":[{"href":"https:\/\/www.bobooaza.pl\/index.php\/wp-json\/wp\/v2\/media?parent=10242"}],"wp:term":[{"taxonomy":"product_brand","embeddable":true,"href":"https:\/\/www.bobooaza.pl\/index.php\/wp-json\/wp\/v2\/product_brand?post=10242"},{"taxonomy":"product_cat","embeddable":true,"href":"https:\/\/www.bobooaza.pl\/index.php\/wp-json\/wp\/v2\/product_cat?post=10242"},{"taxonomy":"product_tag","embeddable":true,"href":"https:\/\/www.bobooaza.pl\/index.php\/wp-json\/wp\/v2\/product_tag?post=10242"}],"curies":[{"name":"wp","href":"https:\/\/api.w.org\/{rel}","templated":true}]}}