{"id":10253,"date":"2026-01-05T09:11:47","date_gmt":"2026-01-05T08:11:47","guid":{"rendered":"https:\/\/bobooaza.pl\/index.php\/produkt\/falk-701-jezdzik-samochod-ambulans-z-klaksonem\/"},"modified":"2026-01-05T09:23:41","modified_gmt":"2026-01-05T08:23:41","slug":"falk-701-jezdzik-samochod-ambulans-z-klaksonem","status":"publish","type":"product","link":"https:\/\/www.bobooaza.pl\/index.php\/produkt\/falk-701-jezdzik-samochod-ambulans-z-klaksonem\/","title":{"rendered":"FALK 701 Je\u017adzik Samoch\u00f3d Ambulans z klaksonem"},"content":{"rendered":"<p>FALK 701 Je\u017adzik Samoch\u00f3d Ambulans z klaksonem to pojazd dla dzieci od 12 miesi\u0105ca \u017cycia, kt\u00f3ry \u0142\u0105czy zabaw\u0119 z nauk\u0105 koordynacji ruchowej i motoryki. Wyposa\u017cony w kierownic\u0119 z klaksonem, ergonomiczne siedzisko i praktyczny schowek pod siedziskiem, umo\u017cliwia \u0142atwe manewrowanie i zabaw\u0119 w odgrywanie scenariuszy ratunkowych. Dodatkowo posiada tablic\u0119 rejestracyjn\u0105, na kt\u00f3rej dziecko mo\u017ce nada\u0107 w\u0142asn\u0105 nazw\u0119 pojazdowi. Maksymalne obci\u0105\u017cenie wynosi 25 kg, a monta\u017c jest prosty. Wymiary produktu to 55 x 30 x 35 cm.<\/p>\n","protected":false},"excerpt":{"rendered":"<p>FALK 701 Je\u017adzik Samoch\u00f3d Ambulans z klaksonem to pojazd dla dzieci od 12 miesi\u0105ca \u017cycia, kt\u00f3ry \u0142\u0105czy zabaw\u0119 z nauk\u0105 koordynacji ruchowej i motoryki. Wyposa\u017cony w kierownic\u0119 z klaksonem, ergonomiczne siedzisko i praktyczny schowek pod siedziskiem, umo\u017cliwia \u0142atwe manewrowanie i zabaw\u0119 w odgrywanie scenariuszy ratunkowych. Dodatkowo posiada tablic\u0119 rejestracyjn\u0105, na kt\u00f3rej dziecko mo\u017ce nada\u0107 w\u0142asn\u0105 [&hellip;]<\/p>\n","protected":false},"featured_media":10243,"comment_status":"open","ping_status":"closed","template":"","meta":[],"product_brand":[],"product_cat":[145,61,136],"product_tag":[],"class_list":{"0":"post-10253","1":"product","2":"type-product","3":"status-publish","4":"has-post-thumbnail","6":"product_cat-jezdziki","7":"product_cat-zabawki","8":"product_cat-zabawki-pozostale","10":"first","11":"instock","12":"taxable","13":"shipping-taxable","14":"purchasable","15":"product-type-simple"},"_links":{"self":[{"href":"https:\/\/www.bobooaza.pl\/index.php\/wp-json\/wp\/v2\/product\/10253","targetHints":{"allow":["GET"]}}],"collection":[{"href":"https:\/\/www.bobooaza.pl\/index.php\/wp-json\/wp\/v2\/product"}],"about":[{"href":"https:\/\/www.bobooaza.pl\/index.php\/wp-json\/wp\/v2\/types\/product"}],"replies":[{"embeddable":true,"href":"https:\/\/www.bobooaza.pl\/index.php\/wp-json\/wp\/v2\/comments?post=10253"}],"wp:featuredmedia":[{"embeddable":true,"href":"https:\/\/www.bobooaza.pl\/index.php\/wp-json\/wp\/v2\/media\/10243"}],"wp:attachment":[{"href":"https:\/\/www.bobooaza.pl\/index.php\/wp-json\/wp\/v2\/media?parent=10253"}],"wp:term":[{"taxonomy":"product_brand","embeddable":true,"href":"https:\/\/www.bobooaza.pl\/index.php\/wp-json\/wp\/v2\/product_brand?post=10253"},{"taxonomy":"product_cat","embeddable":true,"href":"https:\/\/www.bobooaza.pl\/index.php\/wp-json\/wp\/v2\/product_cat?post=10253"},{"taxonomy":"product_tag","embeddable":true,"href":"https:\/\/www.bobooaza.pl\/index.php\/wp-json\/wp\/v2\/product_tag?post=10253"}],"curies":[{"name":"wp","href":"https:\/\/api.w.org\/{rel}","templated":true}]}}