{"id":10261,"date":"2026-01-05T09:11:56","date_gmt":"2026-01-05T08:11:56","guid":{"rendered":"https:\/\/bobooaza.pl\/index.php\/produkt\/injusa-1901-jezdzik-pchacz-motorek-biegowy-repsol\/"},"modified":"2026-01-05T09:23:43","modified_gmt":"2026-01-05T08:23:43","slug":"injusa-1901-jezdzik-pchacz-motorek-biegowy-repsol","status":"publish","type":"product","link":"https:\/\/www.bobooaza.pl\/index.php\/produkt\/injusa-1901-jezdzik-pchacz-motorek-biegowy-repsol\/","title":{"rendered":"INJUSA 1901 Je\u017adzik Pchacz Motorek biegowy Repsol"},"content":{"rendered":"<p>INJUSA 1901 Je\u017adzik Pchacz Motorek biegowy Repsol to pojazd dla dzieci od 18 miesi\u0105ca \u017cycia, kt\u00f3ry \u0142\u0105czy sportowy design z funkcjonalno\u015bci\u0105. W czarno-pomara\u0144czowej kolorystyce inspirowanej wy\u015bcigami, z oficjaln\u0105 licencj\u0105 Repsol, je\u017adzik posiada szerokie, trwa\u0142e ko\u0142a zapewniaj\u0105ce stabilno\u015b\u0107 i \u0142atwe utrzymanie r\u00f3wnowagi. Przednie skr\u0119tne ko\u0142o umo\u017cliwia wygodne manewrowanie, a ergonomiczne siedzisko i wygodny uchwyt u\u0142atwiaj\u0105 przenoszenie. Naklejki wtopione technologi\u0105 IML s\u0105 odporne na \u015bcieranie, a solidna konstrukcja gwarantuje bezpiecze\u0144stwo i d\u0142ug\u0105 \u017cywotno\u015b\u0107 zabawki. Je\u017adzik nie wymaga monta\u017cu i nadaje si\u0119 do u\u017cytku w domu oraz na zewn\u0105trz, z maksymalnym obci\u0105\u017ceniem 30 kg. Wymiary produktu to 69 x 27,5 x 49 cm, a wysoko\u015b\u0107 siedziska wynosi 32 cm.<\/p>\n","protected":false},"excerpt":{"rendered":"<p>INJUSA 1901 Je\u017adzik Pchacz Motorek biegowy Repsol to pojazd dla dzieci od 18 miesi\u0105ca \u017cycia, kt\u00f3ry \u0142\u0105czy sportowy design z funkcjonalno\u015bci\u0105. W czarno-pomara\u0144czowej kolorystyce inspirowanej wy\u015bcigami, z oficjaln\u0105 licencj\u0105 Repsol, je\u017adzik posiada szerokie, trwa\u0142e ko\u0142a zapewniaj\u0105ce stabilno\u015b\u0107 i \u0142atwe utrzymanie r\u00f3wnowagi. Przednie skr\u0119tne ko\u0142o umo\u017cliwia wygodne manewrowanie, a ergonomiczne siedzisko i wygodny uchwyt u\u0142atwiaj\u0105 przenoszenie. [&hellip;]<\/p>\n","protected":false},"featured_media":10258,"comment_status":"open","ping_status":"closed","template":"","meta":[],"product_brand":[],"product_cat":[145,61,136],"product_tag":[],"class_list":{"0":"post-10261","1":"product","2":"type-product","3":"status-publish","4":"has-post-thumbnail","6":"product_cat-jezdziki","7":"product_cat-zabawki","8":"product_cat-zabawki-pozostale","10":"first","11":"instock","12":"taxable","13":"shipping-taxable","14":"purchasable","15":"product-type-simple"},"_links":{"self":[{"href":"https:\/\/www.bobooaza.pl\/index.php\/wp-json\/wp\/v2\/product\/10261","targetHints":{"allow":["GET"]}}],"collection":[{"href":"https:\/\/www.bobooaza.pl\/index.php\/wp-json\/wp\/v2\/product"}],"about":[{"href":"https:\/\/www.bobooaza.pl\/index.php\/wp-json\/wp\/v2\/types\/product"}],"replies":[{"embeddable":true,"href":"https:\/\/www.bobooaza.pl\/index.php\/wp-json\/wp\/v2\/comments?post=10261"}],"wp:featuredmedia":[{"embeddable":true,"href":"https:\/\/www.bobooaza.pl\/index.php\/wp-json\/wp\/v2\/media\/10258"}],"wp:attachment":[{"href":"https:\/\/www.bobooaza.pl\/index.php\/wp-json\/wp\/v2\/media?parent=10261"}],"wp:term":[{"taxonomy":"product_brand","embeddable":true,"href":"https:\/\/www.bobooaza.pl\/index.php\/wp-json\/wp\/v2\/product_brand?post=10261"},{"taxonomy":"product_cat","embeddable":true,"href":"https:\/\/www.bobooaza.pl\/index.php\/wp-json\/wp\/v2\/product_cat?post=10261"},{"taxonomy":"product_tag","embeddable":true,"href":"https:\/\/www.bobooaza.pl\/index.php\/wp-json\/wp\/v2\/product_tag?post=10261"}],"curies":[{"name":"wp","href":"https:\/\/api.w.org\/{rel}","templated":true}]}}