{"id":10266,"date":"2026-01-05T09:12:00","date_gmt":"2026-01-05T08:12:00","guid":{"rendered":"https:\/\/bobooaza.pl\/index.php\/produkt\/injusa-194_005-jezdzik-pchacz-motocykl-winner-750sxczerwony\/"},"modified":"2026-01-19T21:53:28","modified_gmt":"2026-01-19T20:53:28","slug":"injusa-194_005-jezdzik-pchacz-motocykl-winner-750sxczerwony","status":"publish","type":"product","link":"https:\/\/www.bobooaza.pl\/index.php\/produkt\/injusa-194_005-jezdzik-pchacz-motocykl-winner-750sxczerwony\/","title":{"rendered":"INJUSA 194_005 Je\u017adzik Pchacz Motocykl Winner 750sxCzerwony"},"content":{"rendered":"<p>Motor biegowy Winner 750 XS marki INJUSA to czerwony pojazd dla dzieci od 3 roku \u017cycia, kt\u00f3ry \u0142\u0105czy sportowy wygl\u0105d z funkcjonalno\u015bci\u0105 i bezpiecze\u0144stwem. Ergonomiczne, wyprofilowane siedzisko oraz skr\u0119tne przednie ko\u0142o zapewniaj\u0105 komfortow\u0105 jazd\u0119, a szerokie ko\u0142a gwarantuj\u0105 stabilno\u015b\u0107 i u\u0142atwiaj\u0105 nauk\u0119 r\u00f3wnowagi. Wykonany z trwa\u0142ych i bezpiecznych materia\u0142\u00f3w, motor jest odporny na intensywn\u0105 zabaw\u0119. Maksymalne obci\u0105\u017cenie wynosi 30 kg, wysoko\u015b\u0107 siedziska 41 cm, a rozmiar k\u00f3\u0142 to 12 cali.<\/p>\n","protected":false},"excerpt":{"rendered":"<p>Motor biegowy Winner 750 XS marki INJUSA to czerwony pojazd dla dzieci od 3 roku \u017cycia, kt\u00f3ry \u0142\u0105czy sportowy wygl\u0105d z funkcjonalno\u015bci\u0105 i bezpiecze\u0144stwem. Ergonomiczne, wyprofilowane siedzisko oraz skr\u0119tne przednie ko\u0142o zapewniaj\u0105 komfortow\u0105 jazd\u0119, a szerokie ko\u0142a gwarantuj\u0105 stabilno\u015b\u0107 i u\u0142atwiaj\u0105 nauk\u0119 r\u00f3wnowagi. Wykonany z trwa\u0142ych i bezpiecznych materia\u0142\u00f3w, motor jest odporny na intensywn\u0105 zabaw\u0119. [&hellip;]<\/p>\n","protected":false},"featured_media":10262,"comment_status":"open","ping_status":"closed","template":"","meta":[],"product_brand":[],"product_cat":[145,61,136],"product_tag":[],"class_list":{"0":"post-10266","1":"product","2":"type-product","3":"status-publish","4":"has-post-thumbnail","6":"product_cat-jezdziki","7":"product_cat-zabawki","8":"product_cat-zabawki-pozostale","10":"first","11":"instock","12":"taxable","13":"shipping-taxable","14":"purchasable","15":"product-type-simple"},"_links":{"self":[{"href":"https:\/\/www.bobooaza.pl\/index.php\/wp-json\/wp\/v2\/product\/10266","targetHints":{"allow":["GET"]}}],"collection":[{"href":"https:\/\/www.bobooaza.pl\/index.php\/wp-json\/wp\/v2\/product"}],"about":[{"href":"https:\/\/www.bobooaza.pl\/index.php\/wp-json\/wp\/v2\/types\/product"}],"replies":[{"embeddable":true,"href":"https:\/\/www.bobooaza.pl\/index.php\/wp-json\/wp\/v2\/comments?post=10266"}],"wp:featuredmedia":[{"embeddable":true,"href":"https:\/\/www.bobooaza.pl\/index.php\/wp-json\/wp\/v2\/media\/10262"}],"wp:attachment":[{"href":"https:\/\/www.bobooaza.pl\/index.php\/wp-json\/wp\/v2\/media?parent=10266"}],"wp:term":[{"taxonomy":"product_brand","embeddable":true,"href":"https:\/\/www.bobooaza.pl\/index.php\/wp-json\/wp\/v2\/product_brand?post=10266"},{"taxonomy":"product_cat","embeddable":true,"href":"https:\/\/www.bobooaza.pl\/index.php\/wp-json\/wp\/v2\/product_cat?post=10266"},{"taxonomy":"product_tag","embeddable":true,"href":"https:\/\/www.bobooaza.pl\/index.php\/wp-json\/wp\/v2\/product_tag?post=10266"}],"curies":[{"name":"wp","href":"https:\/\/api.w.org\/{rel}","templated":true}]}}