{"id":10272,"date":"2026-01-05T09:12:04","date_gmt":"2026-01-05T08:12:04","guid":{"rendered":"https:\/\/bobooaza.pl\/index.php\/produkt\/dumel-dd-30830-jezdzik-banan-4w1\/"},"modified":"2026-01-05T09:23:45","modified_gmt":"2026-01-05T08:23:45","slug":"dumel-dd-30830-jezdzik-banan-4w1","status":"publish","type":"product","link":"https:\/\/www.bobooaza.pl\/index.php\/produkt\/dumel-dd-30830-jezdzik-banan-4w1\/","title":{"rendered":"DUMEL DD 30830 Je\u017adzik Banan 4w1"},"content":{"rendered":"<p>Je\u017adzik Banan 4w1 Dumel to wszechstronny pojazd dla dzieci od 12 do 36 miesi\u0105ca \u017cycia, kt\u00f3ry umo\u017cliwia cztery sposoby zabawy: siedzenie i odpychanie si\u0119 n\u00f3\u017ckami, jazd\u0119 z n\u00f3\u017ckami na podn\u00f3\u017ckach prowadzon\u0105 przez doros\u0142ego, spacerowanie z je\u017adzikiem przy pomocy wyci\u0105ganej r\u0105czki oraz zabaw\u0119 statyczn\u0105 przy elektronicznej kierownicy. Wyposa\u017cony w ruchome \u015bmig\u0142o, dr\u0105\u017cek sterowania, klakson, melodie i d\u017awi\u0119ki, je\u017adzik \u0142\u0105czy zabaw\u0119 z nauk\u0105 koordynacji i motoryki. Funkcjonalne elementy, takie jak podnoszone siedzisko, sk\u0142adane podn\u00f3\u017cki i rozk\u0142adana podp\u00f3rka zapobiegaj\u0105ca przewr\u00f3ceniu, zwi\u0119kszaj\u0105 komfort i bezpiecze\u0144stwo. Zabawka nie posiada nap\u0119du automatycznego i wymaga u\u017cycia baterii 3 x AA (brak w zestawie).<\/p>\n","protected":false},"excerpt":{"rendered":"<p>Je\u017adzik Banan 4w1 Dumel to wszechstronny pojazd dla dzieci od 12 do 36 miesi\u0105ca \u017cycia, kt\u00f3ry umo\u017cliwia cztery sposoby zabawy: siedzenie i odpychanie si\u0119 n\u00f3\u017ckami, jazd\u0119 z n\u00f3\u017ckami na podn\u00f3\u017ckach prowadzon\u0105 przez doros\u0142ego, spacerowanie z je\u017adzikiem przy pomocy wyci\u0105ganej r\u0105czki oraz zabaw\u0119 statyczn\u0105 przy elektronicznej kierownicy. Wyposa\u017cony w ruchome \u015bmig\u0142o, dr\u0105\u017cek sterowania, klakson, melodie i [&hellip;]<\/p>\n","protected":false},"featured_media":10267,"comment_status":"open","ping_status":"closed","template":"","meta":[],"product_brand":[],"product_cat":[145,61,136],"product_tag":[],"class_list":{"0":"post-10272","1":"product","2":"type-product","3":"status-publish","4":"has-post-thumbnail","6":"product_cat-jezdziki","7":"product_cat-zabawki","8":"product_cat-zabawki-pozostale","10":"first","11":"instock","12":"taxable","13":"shipping-taxable","14":"purchasable","15":"product-type-simple"},"_links":{"self":[{"href":"https:\/\/www.bobooaza.pl\/index.php\/wp-json\/wp\/v2\/product\/10272","targetHints":{"allow":["GET"]}}],"collection":[{"href":"https:\/\/www.bobooaza.pl\/index.php\/wp-json\/wp\/v2\/product"}],"about":[{"href":"https:\/\/www.bobooaza.pl\/index.php\/wp-json\/wp\/v2\/types\/product"}],"replies":[{"embeddable":true,"href":"https:\/\/www.bobooaza.pl\/index.php\/wp-json\/wp\/v2\/comments?post=10272"}],"wp:featuredmedia":[{"embeddable":true,"href":"https:\/\/www.bobooaza.pl\/index.php\/wp-json\/wp\/v2\/media\/10267"}],"wp:attachment":[{"href":"https:\/\/www.bobooaza.pl\/index.php\/wp-json\/wp\/v2\/media?parent=10272"}],"wp:term":[{"taxonomy":"product_brand","embeddable":true,"href":"https:\/\/www.bobooaza.pl\/index.php\/wp-json\/wp\/v2\/product_brand?post=10272"},{"taxonomy":"product_cat","embeddable":true,"href":"https:\/\/www.bobooaza.pl\/index.php\/wp-json\/wp\/v2\/product_cat?post=10272"},{"taxonomy":"product_tag","embeddable":true,"href":"https:\/\/www.bobooaza.pl\/index.php\/wp-json\/wp\/v2\/product_tag?post=10272"}],"curies":[{"name":"wp","href":"https:\/\/api.w.org\/{rel}","templated":true}]}}