{"id":10277,"date":"2026-01-05T09:12:07","date_gmt":"2026-01-05T08:12:07","guid":{"rendered":"https:\/\/bobooaza.pl\/index.php\/produkt\/tiny-love-tl19008067-jezdzik-pchacz-5w1-rosne-z-toba-niebieski\/"},"modified":"2026-01-05T09:23:46","modified_gmt":"2026-01-05T08:23:46","slug":"tiny-love-tl19008067-jezdzik-pchacz-5w1-rosne-z-toba-niebieski","status":"publish","type":"product","link":"https:\/\/www.bobooaza.pl\/index.php\/produkt\/tiny-love-tl19008067-jezdzik-pchacz-5w1-rosne-z-toba-niebieski\/","title":{"rendered":"TINY LOVE TL19008067 Je\u017adzik-pchacz 5w1 Rosn\u0119 z Tob\u0105 niebieski"},"content":{"rendered":"<p>Je\u017adzik-pchacz 5w1 Tiny Love \u201eRosn\u0119 z Tob\u0105\u201d w kolorze niebieskim to wszechstronna zabawka, kt\u00f3ra rozwija mobilno\u015b\u0107 dziecka na ka\u017cdym etapie jego rozwoju. Zabawka oferuje pi\u0119\u0107 tryb\u00f3w u\u017cytkowania: siedzenie i zabaw\u0119, stanie i zabaw\u0119, nauk\u0119 chodzenia, je\u017cd\u017cenie oraz pchanie. Dzi\u0119ki innowacyjnej kontroli pr\u0119dko\u015bci przedniego ko\u0142a w trzech stopniach dziecko mo\u017ce najpierw uczy\u0107 si\u0119 stania i chodzenia ze stabilno\u015bci\u0105, p\u00f3\u017aniej je\u017adzi\u0107 na wprost, a na ko\u0144cu korzysta\u0107 z pe\u0142nej manewrowo\u015bci obrotu 360\u00b0. Panel elektroniczny z muzycznymi przyciskami, elementem ku-ku, lusterkiem, obracaj\u0105c\u0105 si\u0119 kul\u0105 z koralikami, piszczkiem, z\u0119batkami i pokr\u0119t\u0142ami wspiera rozw\u00f3j poznawczy i koordynacj\u0119 wzrokowo-ruchow\u0105. Pojemny kosz umo\u017cliwia przewo\u017cenie zabawek, a wykonanie z odpornego plastiku zapewnia trwa\u0142o\u015b\u0107 i bezpiecze\u0144stwo. Wymiary je\u017adzika to 45 \u00d7 37 \u00d7 57 cm.<\/p>\n","protected":false},"excerpt":{"rendered":"<p>Je\u017adzik-pchacz 5w1 Tiny Love \u201eRosn\u0119 z Tob\u0105\u201d w kolorze niebieskim to wszechstronna zabawka, kt\u00f3ra rozwija mobilno\u015b\u0107 dziecka na ka\u017cdym etapie jego rozwoju. Zabawka oferuje pi\u0119\u0107 tryb\u00f3w u\u017cytkowania: siedzenie i zabaw\u0119, stanie i zabaw\u0119, nauk\u0119 chodzenia, je\u017cd\u017cenie oraz pchanie. Dzi\u0119ki innowacyjnej kontroli pr\u0119dko\u015bci przedniego ko\u0142a w trzech stopniach dziecko mo\u017ce najpierw uczy\u0107 si\u0119 stania i chodzenia [&hellip;]<\/p>\n","protected":false},"featured_media":10273,"comment_status":"open","ping_status":"closed","template":"","meta":[],"product_brand":[],"product_cat":[145,61,136],"product_tag":[],"class_list":{"0":"post-10277","1":"product","2":"type-product","3":"status-publish","4":"has-post-thumbnail","6":"product_cat-jezdziki","7":"product_cat-zabawki","8":"product_cat-zabawki-pozostale","10":"first","11":"instock","12":"taxable","13":"shipping-taxable","14":"purchasable","15":"product-type-simple"},"_links":{"self":[{"href":"https:\/\/www.bobooaza.pl\/index.php\/wp-json\/wp\/v2\/product\/10277","targetHints":{"allow":["GET"]}}],"collection":[{"href":"https:\/\/www.bobooaza.pl\/index.php\/wp-json\/wp\/v2\/product"}],"about":[{"href":"https:\/\/www.bobooaza.pl\/index.php\/wp-json\/wp\/v2\/types\/product"}],"replies":[{"embeddable":true,"href":"https:\/\/www.bobooaza.pl\/index.php\/wp-json\/wp\/v2\/comments?post=10277"}],"wp:featuredmedia":[{"embeddable":true,"href":"https:\/\/www.bobooaza.pl\/index.php\/wp-json\/wp\/v2\/media\/10273"}],"wp:attachment":[{"href":"https:\/\/www.bobooaza.pl\/index.php\/wp-json\/wp\/v2\/media?parent=10277"}],"wp:term":[{"taxonomy":"product_brand","embeddable":true,"href":"https:\/\/www.bobooaza.pl\/index.php\/wp-json\/wp\/v2\/product_brand?post=10277"},{"taxonomy":"product_cat","embeddable":true,"href":"https:\/\/www.bobooaza.pl\/index.php\/wp-json\/wp\/v2\/product_cat?post=10277"},{"taxonomy":"product_tag","embeddable":true,"href":"https:\/\/www.bobooaza.pl\/index.php\/wp-json\/wp\/v2\/product_tag?post=10277"}],"curies":[{"name":"wp","href":"https:\/\/api.w.org\/{rel}","templated":true}]}}