{"id":10286,"date":"2026-01-05T09:12:16","date_gmt":"2026-01-05T08:12:16","guid":{"rendered":"https:\/\/bobooaza.pl\/index.php\/produkt\/baby-mix-45832-dzieciecy-jezdzik-z-dzwiekiem-racer-czarny\/"},"modified":"2026-01-05T09:23:47","modified_gmt":"2026-01-05T08:23:47","slug":"baby-mix-45832-dzieciecy-jezdzik-z-dzwiekiem-racer-czarny","status":"publish","type":"product","link":"https:\/\/www.bobooaza.pl\/index.php\/produkt\/baby-mix-45832-dzieciecy-jezdzik-z-dzwiekiem-racer-czarny\/","title":{"rendered":"BABY MIX 45832 Dzieci\u0119cy je\u017adzik z d\u017awi\u0119kiem RACER czarny"},"content":{"rendered":"<p>Je\u017adzik-pchacz Baby Mix RACER w kolorze czarnym to solidna i bezpieczna zabawka dla ma\u0142ych kierowc\u00f3w. Wykonany z trwa\u0142ego tworzywa, wyposa\u017cony jest w panel d\u017awi\u0119kowy, skr\u0119tne przednie ko\u0142a oraz miejsce na skarby pod siedzeniem. Tylna \u201estopka\u201d stabilizuje pojazd i zapobiega przewr\u00f3ceniu si\u0119, a wyprofilowane siedzisko z wygodnym oparciem umo\u017cliwia zar\u00f3wno siedzenie, jak i prowadzenie je\u017adzika. Przeznaczony dla dzieci od 12 miesi\u0105ca \u017cycia, o wadze do 25 kg. Do dzia\u0142ania wymagane s\u0105 2 baterie AA (nie do\u0142\u0105czone). Wymiary je\u017adzika to 84 \u00d7 28 \u00d7 22,5 cm, \u015brednica k\u00f3\u0142 14 cm.<\/p>\n","protected":false},"excerpt":{"rendered":"<p>Je\u017adzik-pchacz Baby Mix RACER w kolorze czarnym to solidna i bezpieczna zabawka dla ma\u0142ych kierowc\u00f3w. Wykonany z trwa\u0142ego tworzywa, wyposa\u017cony jest w panel d\u017awi\u0119kowy, skr\u0119tne przednie ko\u0142a oraz miejsce na skarby pod siedzeniem. Tylna \u201estopka\u201d stabilizuje pojazd i zapobiega przewr\u00f3ceniu si\u0119, a wyprofilowane siedzisko z wygodnym oparciem umo\u017cliwia zar\u00f3wno siedzenie, jak i prowadzenie je\u017adzika. Przeznaczony [&hellip;]<\/p>\n","protected":false},"featured_media":10278,"comment_status":"open","ping_status":"closed","template":"","meta":[],"product_brand":[],"product_cat":[145,61,136],"product_tag":[],"class_list":{"0":"post-10286","1":"product","2":"type-product","3":"status-publish","4":"has-post-thumbnail","6":"product_cat-jezdziki","7":"product_cat-zabawki","8":"product_cat-zabawki-pozostale","10":"first","11":"instock","12":"taxable","13":"shipping-taxable","14":"purchasable","15":"product-type-simple"},"_links":{"self":[{"href":"https:\/\/www.bobooaza.pl\/index.php\/wp-json\/wp\/v2\/product\/10286","targetHints":{"allow":["GET"]}}],"collection":[{"href":"https:\/\/www.bobooaza.pl\/index.php\/wp-json\/wp\/v2\/product"}],"about":[{"href":"https:\/\/www.bobooaza.pl\/index.php\/wp-json\/wp\/v2\/types\/product"}],"replies":[{"embeddable":true,"href":"https:\/\/www.bobooaza.pl\/index.php\/wp-json\/wp\/v2\/comments?post=10286"}],"wp:featuredmedia":[{"embeddable":true,"href":"https:\/\/www.bobooaza.pl\/index.php\/wp-json\/wp\/v2\/media\/10278"}],"wp:attachment":[{"href":"https:\/\/www.bobooaza.pl\/index.php\/wp-json\/wp\/v2\/media?parent=10286"}],"wp:term":[{"taxonomy":"product_brand","embeddable":true,"href":"https:\/\/www.bobooaza.pl\/index.php\/wp-json\/wp\/v2\/product_brand?post=10286"},{"taxonomy":"product_cat","embeddable":true,"href":"https:\/\/www.bobooaza.pl\/index.php\/wp-json\/wp\/v2\/product_cat?post=10286"},{"taxonomy":"product_tag","embeddable":true,"href":"https:\/\/www.bobooaza.pl\/index.php\/wp-json\/wp\/v2\/product_tag?post=10286"}],"curies":[{"name":"wp","href":"https:\/\/api.w.org\/{rel}","templated":true}]}}