{"id":10302,"date":"2026-01-05T09:12:32","date_gmt":"2026-01-05T08:12:32","guid":{"rendered":"https:\/\/bobooaza.pl\/index.php\/produkt\/baby-mix-45828-dzieciecy-jezdzik-z-dzwiekiem-i-raczka-racer-czarny\/"},"modified":"2026-01-05T09:23:48","modified_gmt":"2026-01-05T08:23:48","slug":"baby-mix-45828-dzieciecy-jezdzik-z-dzwiekiem-i-raczka-racer-czarny","status":"publish","type":"product","link":"https:\/\/www.bobooaza.pl\/index.php\/produkt\/baby-mix-45828-dzieciecy-jezdzik-z-dzwiekiem-i-raczka-racer-czarny\/","title":{"rendered":"BABY MIX 45828 Dzieci\u0119cy je\u017cdzik z d\u017cwi\u0119kiem i r\u0105czk\u0105 RACER czarny"},"content":{"rendered":"<p>Je\u017adzik-pchacz Baby Mix RACER w kolorze czarnym to wielofunkcyjna zabawka dla ma\u0142ych kierowc\u00f3w, kt\u00f3ra ro\u015bnie razem z dzieckiem. Wykonany z trwa\u0142ego tworzywa, posiada panel d\u017awi\u0119kowy, skr\u0119tne przednie ko\u0142a oraz miejsce na skarby pod siedzeniem. Tylna \u201estopka\u201d stabilizuje pojazd i chroni przed przewr\u00f3ceniem si\u0119. Wyprofilowane siedzisko z wygodnym oparciem pozwala dziecku na bezpieczn\u0105 zabaw\u0119, a d\u0142uga, zdejmowana r\u0105czka umo\u017cliwia prowadzenie je\u017adzika przez rodzica. Podn\u00f3\u017cki, barierk\u0119 i r\u0105czk\u0119 mo\u017cna zdemontowa\u0107, gdy dziecko jest starsze. Przeznaczony dla dzieci od 12 miesi\u0105ca \u017cycia, o wadze do 25 kg. Do dzia\u0142ania wymagane s\u0105 2 baterie AA (nie do\u0142\u0105czone). Wymiary je\u017adzika: d\u0142ugo\u015b\u0107 84 cm, szeroko\u015b\u0107 z podn\u00f3\u017ckami 43,5 cm, wysoko\u015b\u0107 z r\u0105czk\u0105 84,7 cm, szeroko\u015b\u0107 auta bez podn\u00f3\u017ck\u00f3w 28 cm, \u015brednica k\u00f3\u0142 14 cm, wysoko\u015b\u0107 do siedziska 22,5 cm.<\/p>\n","protected":false},"excerpt":{"rendered":"<p>Je\u017adzik-pchacz Baby Mix RACER w kolorze czarnym to wielofunkcyjna zabawka dla ma\u0142ych kierowc\u00f3w, kt\u00f3ra ro\u015bnie razem z dzieckiem. Wykonany z trwa\u0142ego tworzywa, posiada panel d\u017awi\u0119kowy, skr\u0119tne przednie ko\u0142a oraz miejsce na skarby pod siedzeniem. Tylna \u201estopka\u201d stabilizuje pojazd i chroni przed przewr\u00f3ceniem si\u0119. Wyprofilowane siedzisko z wygodnym oparciem pozwala dziecku na bezpieczn\u0105 zabaw\u0119, a d\u0142uga, [&hellip;]<\/p>\n","protected":false},"featured_media":10296,"comment_status":"open","ping_status":"closed","template":"","meta":[],"product_brand":[],"product_cat":[145,61,136],"product_tag":[],"class_list":{"0":"post-10302","1":"product","2":"type-product","3":"status-publish","4":"has-post-thumbnail","6":"product_cat-jezdziki","7":"product_cat-zabawki","8":"product_cat-zabawki-pozostale","10":"first","11":"instock","12":"taxable","13":"shipping-taxable","14":"purchasable","15":"product-type-simple"},"_links":{"self":[{"href":"https:\/\/www.bobooaza.pl\/index.php\/wp-json\/wp\/v2\/product\/10302","targetHints":{"allow":["GET"]}}],"collection":[{"href":"https:\/\/www.bobooaza.pl\/index.php\/wp-json\/wp\/v2\/product"}],"about":[{"href":"https:\/\/www.bobooaza.pl\/index.php\/wp-json\/wp\/v2\/types\/product"}],"replies":[{"embeddable":true,"href":"https:\/\/www.bobooaza.pl\/index.php\/wp-json\/wp\/v2\/comments?post=10302"}],"wp:featuredmedia":[{"embeddable":true,"href":"https:\/\/www.bobooaza.pl\/index.php\/wp-json\/wp\/v2\/media\/10296"}],"wp:attachment":[{"href":"https:\/\/www.bobooaza.pl\/index.php\/wp-json\/wp\/v2\/media?parent=10302"}],"wp:term":[{"taxonomy":"product_brand","embeddable":true,"href":"https:\/\/www.bobooaza.pl\/index.php\/wp-json\/wp\/v2\/product_brand?post=10302"},{"taxonomy":"product_cat","embeddable":true,"href":"https:\/\/www.bobooaza.pl\/index.php\/wp-json\/wp\/v2\/product_cat?post=10302"},{"taxonomy":"product_tag","embeddable":true,"href":"https:\/\/www.bobooaza.pl\/index.php\/wp-json\/wp\/v2\/product_tag?post=10302"}],"curies":[{"name":"wp","href":"https:\/\/api.w.org\/{rel}","templated":true}]}}