{"id":10305,"date":"2026-01-05T09:12:34","date_gmt":"2026-01-05T08:12:34","guid":{"rendered":"https:\/\/bobooaza.pl\/index.php\/produkt\/smily-play-0760-konik-jezdzik\/"},"modified":"2026-01-19T21:53:28","modified_gmt":"2026-01-19T20:53:28","slug":"smily-play-0760-konik-jezdzik","status":"publish","type":"product","link":"https:\/\/www.bobooaza.pl\/index.php\/produkt\/smily-play-0760-konik-jezdzik\/","title":{"rendered":"SMILY PLAY 0760 Konik je\u017adzik"},"content":{"rendered":"<p>Je\u017adzik-konik Smily Play 0760 to kolorowa zabawka dla dzieci, kt\u00f3ra pozwala na bujanie i je\u017cd\u017cenie w domu oraz na r\u00f3wnej powierzchni na zewn\u0105trz. Konik posiada k\u00f3\u0142ka oraz wygodne uchwyty przy g\u0142owie dla ma\u0142ych r\u0105czek. Wyposa\u017cony jest w weso\u0142e melodyjki i kolorowe \u015bwiate\u0142ka, kt\u00f3re dodatkowo zach\u0119caj\u0105 do zabawy. Wykonany z wysokiej jako\u015bci materia\u0142\u00f3w, posiada wymagane certyfikaty bezpiecze\u0144stwa. Idealny dla dzieci od 12 miesi\u0105ca \u017cycia. Wymiary je\u017adzika: 57 x 21 x 33 cm. Zasilanie: 2 baterie AAA w zestawie.<\/p>\n","protected":false},"excerpt":{"rendered":"<p>Je\u017adzik-konik Smily Play 0760 to kolorowa zabawka dla dzieci, kt\u00f3ra pozwala na bujanie i je\u017cd\u017cenie w domu oraz na r\u00f3wnej powierzchni na zewn\u0105trz. Konik posiada k\u00f3\u0142ka oraz wygodne uchwyty przy g\u0142owie dla ma\u0142ych r\u0105czek. Wyposa\u017cony jest w weso\u0142e melodyjki i kolorowe \u015bwiate\u0142ka, kt\u00f3re dodatkowo zach\u0119caj\u0105 do zabawy. Wykonany z wysokiej jako\u015bci materia\u0142\u00f3w, posiada wymagane certyfikaty [&hellip;]<\/p>\n","protected":false},"featured_media":10303,"comment_status":"open","ping_status":"closed","template":"","meta":[],"product_brand":[],"product_cat":[145,61,136],"product_tag":[],"class_list":{"0":"post-10305","1":"product","2":"type-product","3":"status-publish","4":"has-post-thumbnail","6":"product_cat-jezdziki","7":"product_cat-zabawki","8":"product_cat-zabawki-pozostale","10":"first","11":"instock","12":"taxable","13":"shipping-taxable","14":"purchasable","15":"product-type-simple"},"_links":{"self":[{"href":"https:\/\/www.bobooaza.pl\/index.php\/wp-json\/wp\/v2\/product\/10305","targetHints":{"allow":["GET"]}}],"collection":[{"href":"https:\/\/www.bobooaza.pl\/index.php\/wp-json\/wp\/v2\/product"}],"about":[{"href":"https:\/\/www.bobooaza.pl\/index.php\/wp-json\/wp\/v2\/types\/product"}],"replies":[{"embeddable":true,"href":"https:\/\/www.bobooaza.pl\/index.php\/wp-json\/wp\/v2\/comments?post=10305"}],"wp:featuredmedia":[{"embeddable":true,"href":"https:\/\/www.bobooaza.pl\/index.php\/wp-json\/wp\/v2\/media\/10303"}],"wp:attachment":[{"href":"https:\/\/www.bobooaza.pl\/index.php\/wp-json\/wp\/v2\/media?parent=10305"}],"wp:term":[{"taxonomy":"product_brand","embeddable":true,"href":"https:\/\/www.bobooaza.pl\/index.php\/wp-json\/wp\/v2\/product_brand?post=10305"},{"taxonomy":"product_cat","embeddable":true,"href":"https:\/\/www.bobooaza.pl\/index.php\/wp-json\/wp\/v2\/product_cat?post=10305"},{"taxonomy":"product_tag","embeddable":true,"href":"https:\/\/www.bobooaza.pl\/index.php\/wp-json\/wp\/v2\/product_tag?post=10305"}],"curies":[{"name":"wp","href":"https:\/\/api.w.org\/{rel}","templated":true}]}}