{"id":10311,"date":"2026-01-05T09:19:56","date_gmt":"2026-01-05T08:19:56","guid":{"rendered":"https:\/\/bobooaza.pl\/index.php\/produkt\/artyk-169313-basen-spiderman\/"},"modified":"2026-01-05T09:33:41","modified_gmt":"2026-01-05T08:33:41","slug":"artyk-169313-basen-spiderman","status":"publish","type":"product","link":"https:\/\/www.bobooaza.pl\/index.php\/produkt\/artyk-169313-basen-spiderman\/","title":{"rendered":"ARTYK 169313 Basen SPIDERMAN"},"content":{"rendered":"<p>Dmuchany basen z motywem Spidermana o \u015brednicy 100 cm, przeznaczony dla dzieci od 10 miesi\u0105ca \u017cycia. Idealny do zabawy w wodzie w domu i ogrodzie.<\/p>\n","protected":false},"excerpt":{"rendered":"<p>Dmuchany basen z motywem Spidermana o \u015brednicy 100 cm, przeznaczony dla dzieci od 10 miesi\u0105ca \u017cycia. Idealny do zabawy w wodzie w domu i ogrodzie.<\/p>\n","protected":false},"featured_media":10310,"comment_status":"open","ping_status":"closed","template":"","meta":[],"product_brand":[],"product_cat":[129,61,136],"product_tag":[],"class_list":{"0":"post-10311","1":"product","2":"type-product","3":"status-publish","4":"has-post-thumbnail","6":"product_cat-baseniki","7":"product_cat-zabawki","8":"product_cat-zabawki-pozostale","10":"first","11":"instock","12":"taxable","13":"shipping-taxable","14":"purchasable","15":"product-type-simple"},"_links":{"self":[{"href":"https:\/\/www.bobooaza.pl\/index.php\/wp-json\/wp\/v2\/product\/10311","targetHints":{"allow":["GET"]}}],"collection":[{"href":"https:\/\/www.bobooaza.pl\/index.php\/wp-json\/wp\/v2\/product"}],"about":[{"href":"https:\/\/www.bobooaza.pl\/index.php\/wp-json\/wp\/v2\/types\/product"}],"replies":[{"embeddable":true,"href":"https:\/\/www.bobooaza.pl\/index.php\/wp-json\/wp\/v2\/comments?post=10311"}],"wp:featuredmedia":[{"embeddable":true,"href":"https:\/\/www.bobooaza.pl\/index.php\/wp-json\/wp\/v2\/media\/10310"}],"wp:attachment":[{"href":"https:\/\/www.bobooaza.pl\/index.php\/wp-json\/wp\/v2\/media?parent=10311"}],"wp:term":[{"taxonomy":"product_brand","embeddable":true,"href":"https:\/\/www.bobooaza.pl\/index.php\/wp-json\/wp\/v2\/product_brand?post=10311"},{"taxonomy":"product_cat","embeddable":true,"href":"https:\/\/www.bobooaza.pl\/index.php\/wp-json\/wp\/v2\/product_cat?post=10311"},{"taxonomy":"product_tag","embeddable":true,"href":"https:\/\/www.bobooaza.pl\/index.php\/wp-json\/wp\/v2\/product_tag?post=10311"}],"curies":[{"name":"wp","href":"https:\/\/api.w.org\/{rel}","templated":true}]}}