{"id":10318,"date":"2026-01-05T09:20:00","date_gmt":"2026-01-05T08:20:00","guid":{"rendered":"https:\/\/bobooaza.pl\/index.php\/produkt\/bestway-52211-basenik-dmuchany-statek-piracki-140cmx130cmx104cm\/"},"modified":"2026-01-05T09:33:41","modified_gmt":"2026-01-05T08:33:41","slug":"bestway-52211-basenik-dmuchany-statek-piracki-140cmx130cmx104cm","status":"publish","type":"product","link":"https:\/\/www.bobooaza.pl\/index.php\/produkt\/bestway-52211-basenik-dmuchany-statek-piracki-140cmx130cmx104cm\/","title":{"rendered":"BESTWAY 52211 Basenik dmuchany Statek Piracki 140cmx130cmx104cm"},"content":{"rendered":"<p>Basen dmuchany Bestway 52211 w kszta\u0142cie statku pirackiego o wymiarach 140 x 130 x 104 cm to idealne centrum zabaw dla dzieci. Wyposa\u017cony w ruchome ko\u0142o sterowe, zdejmowane elementy i akcesoria do gry w rzucanie (o\u015bmiornica i 4 nadmuchiwane gwiazdki), wspiera rozw\u00f3j motoryki i koordynacj\u0119 r\u0119ka-oko. Pojemno\u015b\u0107 basenu wynosi 84\u202fl, \u0142atwo si\u0119 go nape\u0142nia i opr\u00f3\u017cnia dzi\u0119ki zaworowi spustowemu. Produkt jest prosty w monta\u017cu, nie wymaga narz\u0119dzi i zawiera \u0142atk\u0119 naprawcz\u0105.<\/p>\n","protected":false},"excerpt":{"rendered":"<p>Basen dmuchany Bestway 52211 w kszta\u0142cie statku pirackiego o wymiarach 140 x 130 x 104 cm to idealne centrum zabaw dla dzieci. Wyposa\u017cony w ruchome ko\u0142o sterowe, zdejmowane elementy i akcesoria do gry w rzucanie (o\u015bmiornica i 4 nadmuchiwane gwiazdki), wspiera rozw\u00f3j motoryki i koordynacj\u0119 r\u0119ka-oko. Pojemno\u015b\u0107 basenu wynosi 84\u202fl, \u0142atwo si\u0119 go nape\u0142nia i [&hellip;]<\/p>\n","protected":false},"featured_media":10312,"comment_status":"open","ping_status":"closed","template":"","meta":[],"product_brand":[],"product_cat":[129,61,136],"product_tag":[],"class_list":{"0":"post-10318","1":"product","2":"type-product","3":"status-publish","4":"has-post-thumbnail","6":"product_cat-baseniki","7":"product_cat-zabawki","8":"product_cat-zabawki-pozostale","10":"first","11":"instock","12":"taxable","13":"shipping-taxable","14":"purchasable","15":"product-type-simple"},"_links":{"self":[{"href":"https:\/\/www.bobooaza.pl\/index.php\/wp-json\/wp\/v2\/product\/10318","targetHints":{"allow":["GET"]}}],"collection":[{"href":"https:\/\/www.bobooaza.pl\/index.php\/wp-json\/wp\/v2\/product"}],"about":[{"href":"https:\/\/www.bobooaza.pl\/index.php\/wp-json\/wp\/v2\/types\/product"}],"replies":[{"embeddable":true,"href":"https:\/\/www.bobooaza.pl\/index.php\/wp-json\/wp\/v2\/comments?post=10318"}],"wp:featuredmedia":[{"embeddable":true,"href":"https:\/\/www.bobooaza.pl\/index.php\/wp-json\/wp\/v2\/media\/10312"}],"wp:attachment":[{"href":"https:\/\/www.bobooaza.pl\/index.php\/wp-json\/wp\/v2\/media?parent=10318"}],"wp:term":[{"taxonomy":"product_brand","embeddable":true,"href":"https:\/\/www.bobooaza.pl\/index.php\/wp-json\/wp\/v2\/product_brand?post=10318"},{"taxonomy":"product_cat","embeddable":true,"href":"https:\/\/www.bobooaza.pl\/index.php\/wp-json\/wp\/v2\/product_cat?post=10318"},{"taxonomy":"product_tag","embeddable":true,"href":"https:\/\/www.bobooaza.pl\/index.php\/wp-json\/wp\/v2\/product_tag?post=10318"}],"curies":[{"name":"wp","href":"https:\/\/api.w.org\/{rel}","templated":true}]}}