{"id":10321,"date":"2026-01-05T09:20:03","date_gmt":"2026-01-05T08:20:03","guid":{"rendered":"https:\/\/bobooaza.pl\/index.php\/produkt\/bestway-51008-basenik-dmuchany-zwierzatka-z-safari-102x25\/"},"modified":"2026-01-05T09:33:42","modified_gmt":"2026-01-05T08:33:42","slug":"bestway-51008-basenik-dmuchany-zwierzatka-z-safari-102x25","status":"publish","type":"product","link":"https:\/\/www.bobooaza.pl\/index.php\/produkt\/bestway-51008-basenik-dmuchany-zwierzatka-z-safari-102x25\/","title":{"rendered":"BESTWAY 51008 Basenik dmuchany Zwierz\u0105tka z safari 102&#215;25"},"content":{"rendered":"<p>Dmuchany basen dzieci\u0119cy Bestway\u00ae Safari Pals\u2122 o \u015brednicy 1,02\u202fm i wysoko\u015bci 25\u202fcm to \u015bwietna propozycja dla maluch\u00f3w od 2 lat. Sk\u0142ada si\u0119 z 3 r\u00f3wnych pier\u015bcieni i ma uroczy zwierz\u0119cy motyw. Pojemno\u015b\u0107 basenu wynosi 101\u202fl, a monta\u017c jest szybki i prosty \u2013 wystarczy nadmucha\u0107 pier\u015bcienie, by dzieci mog\u0142y od razu zacz\u0105\u0107 pluska\u0107 si\u0119 w wodzie. Po zabawie basen \u0142atwo osuszy\u0107, z\u0142o\u017cy\u0107 i przechowywa\u0107. Idealny te\u017c do ca\u0142orocznej zabawy z pi\u0142kami w domu. W zestawie znajduje si\u0119 basen i \u0142atka naprawcza.<\/p>\n","protected":false},"excerpt":{"rendered":"<p>Dmuchany basen dzieci\u0119cy Bestway\u00ae Safari Pals\u2122 o \u015brednicy 1,02\u202fm i wysoko\u015bci 25\u202fcm to \u015bwietna propozycja dla maluch\u00f3w od 2 lat. Sk\u0142ada si\u0119 z 3 r\u00f3wnych pier\u015bcieni i ma uroczy zwierz\u0119cy motyw. Pojemno\u015b\u0107 basenu wynosi 101\u202fl, a monta\u017c jest szybki i prosty \u2013 wystarczy nadmucha\u0107 pier\u015bcienie, by dzieci mog\u0142y od razu zacz\u0105\u0107 pluska\u0107 si\u0119 w wodzie. [&hellip;]<\/p>\n","protected":false},"featured_media":10319,"comment_status":"open","ping_status":"closed","template":"","meta":[],"product_brand":[],"product_cat":[129,61,136],"product_tag":[],"class_list":{"0":"post-10321","1":"product","2":"type-product","3":"status-publish","4":"has-post-thumbnail","6":"product_cat-baseniki","7":"product_cat-zabawki","8":"product_cat-zabawki-pozostale","10":"first","11":"instock","12":"taxable","13":"shipping-taxable","14":"purchasable","15":"product-type-simple"},"_links":{"self":[{"href":"https:\/\/www.bobooaza.pl\/index.php\/wp-json\/wp\/v2\/product\/10321","targetHints":{"allow":["GET"]}}],"collection":[{"href":"https:\/\/www.bobooaza.pl\/index.php\/wp-json\/wp\/v2\/product"}],"about":[{"href":"https:\/\/www.bobooaza.pl\/index.php\/wp-json\/wp\/v2\/types\/product"}],"replies":[{"embeddable":true,"href":"https:\/\/www.bobooaza.pl\/index.php\/wp-json\/wp\/v2\/comments?post=10321"}],"wp:featuredmedia":[{"embeddable":true,"href":"https:\/\/www.bobooaza.pl\/index.php\/wp-json\/wp\/v2\/media\/10319"}],"wp:attachment":[{"href":"https:\/\/www.bobooaza.pl\/index.php\/wp-json\/wp\/v2\/media?parent=10321"}],"wp:term":[{"taxonomy":"product_brand","embeddable":true,"href":"https:\/\/www.bobooaza.pl\/index.php\/wp-json\/wp\/v2\/product_brand?post=10321"},{"taxonomy":"product_cat","embeddable":true,"href":"https:\/\/www.bobooaza.pl\/index.php\/wp-json\/wp\/v2\/product_cat?post=10321"},{"taxonomy":"product_tag","embeddable":true,"href":"https:\/\/www.bobooaza.pl\/index.php\/wp-json\/wp\/v2\/product_tag?post=10321"}],"curies":[{"name":"wp","href":"https:\/\/api.w.org\/{rel}","templated":true}]}}