{"id":10327,"date":"2026-01-05T09:20:08","date_gmt":"2026-01-05T08:20:08","guid":{"rendered":"https:\/\/bobooaza.pl\/index.php\/produkt\/bestway-52728-basen-dmuchany-wielofunkcyjny-z-pileczkamu-koszykowka-pileczki-i-pilka-nozna-120x107m\/"},"modified":"2026-01-05T09:33:43","modified_gmt":"2026-01-05T08:33:43","slug":"bestway-52728-basen-dmuchany-wielofunkcyjny-z-pileczkamu-koszykowka-pileczki-i-pilka-nozna-120x107m","status":"publish","type":"product","link":"https:\/\/www.bobooaza.pl\/index.php\/produkt\/bestway-52728-basen-dmuchany-wielofunkcyjny-z-pileczkamu-koszykowka-pileczki-i-pilka-nozna-120x107m\/","title":{"rendered":"BESTWAY 52728 Basen dmuchany wielofunkcyjny z pi\u0142eczkamu Koszyk\u00f3wka, pi\u0142eczki i pi\u0142ka no\u017cna 1,20&#215;1,07m"},"content":{"rendered":"<p>Wielofunkcyjny dmuchany basen 3\u202fw\u202f1 Bestway\u00ae Kick \u2018N Swish\u2122 to zabawka, kt\u00f3ra \u0142\u0105czy basen z pi\u0142kami, mini koszyk\u00f3wk\u0119 i mini pi\u0142k\u0119 no\u017cn\u0105. Zawiera dwie obr\u0119cze do koszyk\u00f3wki z ramp\u0105 powrotn\u0105, bramk\u0119 do pi\u0142ki no\u017cnej oraz basenik na pi\u0142ki z 15 pi\u0142kami do zabawy. Dzieci mog\u0105 strzela\u0107 do kosza, gra\u0107 w pi\u0142k\u0119 no\u017cn\u0105 lub po prostu bawi\u0107 si\u0119 w basenie z pi\u0142kami. Zabawa wspiera rozw\u00f3j motoryki ma\u0142ej, koordynacj\u0119 r\u0119ka\u2011oko, zr\u0119czno\u015b\u0107 oraz pewno\u015b\u0107 siebie i umiej\u0119tno\u015bci spo\u0142eczne. W zestawie znajduj\u0105 si\u0119 basenik, pi\u0142ki do zabawy, pi\u0142ki do koszyk\u00f3wki, pi\u0142ka do pi\u0142ki no\u017cnej oraz \u0142atka naprawcza. Ramp\u0119 do koszyk\u00f3wki mo\u017cna zwin\u0105\u0107, je\u015bli u\u017cywa si\u0119 tylko basenu z pi\u0142kami.<\/p>\n","protected":false},"excerpt":{"rendered":"<p>Wielofunkcyjny dmuchany basen 3\u202fw\u202f1 Bestway\u00ae Kick \u2018N Swish\u2122 to zabawka, kt\u00f3ra \u0142\u0105czy basen z pi\u0142kami, mini koszyk\u00f3wk\u0119 i mini pi\u0142k\u0119 no\u017cn\u0105. Zawiera dwie obr\u0119cze do koszyk\u00f3wki z ramp\u0105 powrotn\u0105, bramk\u0119 do pi\u0142ki no\u017cnej oraz basenik na pi\u0142ki z 15 pi\u0142kami do zabawy. Dzieci mog\u0105 strzela\u0107 do kosza, gra\u0107 w pi\u0142k\u0119 no\u017cn\u0105 lub po prostu bawi\u0107 [&hellip;]<\/p>\n","protected":false},"featured_media":10322,"comment_status":"open","ping_status":"closed","template":"","meta":[],"product_brand":[],"product_cat":[129,61,136],"product_tag":[],"class_list":{"0":"post-10327","1":"product","2":"type-product","3":"status-publish","4":"has-post-thumbnail","6":"product_cat-baseniki","7":"product_cat-zabawki","8":"product_cat-zabawki-pozostale","10":"first","11":"instock","12":"taxable","13":"shipping-taxable","14":"purchasable","15":"product-type-simple"},"_links":{"self":[{"href":"https:\/\/www.bobooaza.pl\/index.php\/wp-json\/wp\/v2\/product\/10327","targetHints":{"allow":["GET"]}}],"collection":[{"href":"https:\/\/www.bobooaza.pl\/index.php\/wp-json\/wp\/v2\/product"}],"about":[{"href":"https:\/\/www.bobooaza.pl\/index.php\/wp-json\/wp\/v2\/types\/product"}],"replies":[{"embeddable":true,"href":"https:\/\/www.bobooaza.pl\/index.php\/wp-json\/wp\/v2\/comments?post=10327"}],"wp:featuredmedia":[{"embeddable":true,"href":"https:\/\/www.bobooaza.pl\/index.php\/wp-json\/wp\/v2\/media\/10322"}],"wp:attachment":[{"href":"https:\/\/www.bobooaza.pl\/index.php\/wp-json\/wp\/v2\/media?parent=10327"}],"wp:term":[{"taxonomy":"product_brand","embeddable":true,"href":"https:\/\/www.bobooaza.pl\/index.php\/wp-json\/wp\/v2\/product_brand?post=10327"},{"taxonomy":"product_cat","embeddable":true,"href":"https:\/\/www.bobooaza.pl\/index.php\/wp-json\/wp\/v2\/product_cat?post=10327"},{"taxonomy":"product_tag","embeddable":true,"href":"https:\/\/www.bobooaza.pl\/index.php\/wp-json\/wp\/v2\/product_tag?post=10327"}],"curies":[{"name":"wp","href":"https:\/\/api.w.org\/{rel}","templated":true}]}}