{"id":10334,"date":"2026-01-05T09:20:15","date_gmt":"2026-01-05T08:20:15","guid":{"rendered":"https:\/\/bobooaza.pl\/index.php\/produkt\/bestway-53156-basen-dmuchany-plac-zabaw-arktyka-134mx131mx73cm\/"},"modified":"2026-01-05T09:33:43","modified_gmt":"2026-01-05T08:33:43","slug":"bestway-53156-basen-dmuchany-plac-zabaw-arktyka-134mx131mx73cm","status":"publish","type":"product","link":"https:\/\/www.bobooaza.pl\/index.php\/produkt\/bestway-53156-basen-dmuchany-plac-zabaw-arktyka-134mx131mx73cm\/","title":{"rendered":"BESTWAY 53156 Basen dmuchany\/Plac zabaw Arktyka 1,34mx1,31mx73cm"},"content":{"rendered":"<p>BESTWAY 53156 Basen dmuchany \/ Plac zabaw Arktyka to dmuchany zestaw do zabawy dla dzieci od 2 lat, kt\u00f3ry \u0142\u0105czy basen z mini gr\u0105 zr\u0119czno\u015bciow\u0105. Zawiera du\u017cy basenik z motywem arktycznych zwierz\u0105t, nadmuchiwan\u0105 fok\u0119, pingwina oraz 2 piankowe rybki. Dzieci mog\u0105 bawi\u0107 si\u0119 w rzucanie pier\u015bcieniami w kszta\u0142cie ryb w cel narwala lub na fok\u0119. Basen ma pojemno\u015b\u0107 84\u202fL i wyposa\u017cony jest w zaw\u00f3r spustowy do \u0142atwego opr\u00f3\u017cniania wody. W zestawie znajduje si\u0119 r\u00f3wnie\u017c \u0142atka naprawcza.<\/p>\n<p>Zabawa rozwija motoryk\u0119, koordynacj\u0119 r\u0119ka\u2011oko oraz kreatywno\u015b\u0107 podczas interakcji z wod\u0105 i elementami do rzucania.<\/p>\n","protected":false},"excerpt":{"rendered":"<p>BESTWAY 53156 Basen dmuchany \/ Plac zabaw Arktyka to dmuchany zestaw do zabawy dla dzieci od 2 lat, kt\u00f3ry \u0142\u0105czy basen z mini gr\u0105 zr\u0119czno\u015bciow\u0105. Zawiera du\u017cy basenik z motywem arktycznych zwierz\u0105t, nadmuchiwan\u0105 fok\u0119, pingwina oraz 2 piankowe rybki. Dzieci mog\u0105 bawi\u0107 si\u0119 w rzucanie pier\u015bcieniami w kszta\u0142cie ryb w cel narwala lub na fok\u0119. [&hellip;]<\/p>\n","protected":false},"featured_media":10328,"comment_status":"open","ping_status":"closed","template":"","meta":[],"product_brand":[],"product_cat":[129,61,136],"product_tag":[],"class_list":{"0":"post-10334","1":"product","2":"type-product","3":"status-publish","4":"has-post-thumbnail","6":"product_cat-baseniki","7":"product_cat-zabawki","8":"product_cat-zabawki-pozostale","10":"first","11":"instock","12":"taxable","13":"shipping-taxable","14":"purchasable","15":"product-type-simple"},"_links":{"self":[{"href":"https:\/\/www.bobooaza.pl\/index.php\/wp-json\/wp\/v2\/product\/10334","targetHints":{"allow":["GET"]}}],"collection":[{"href":"https:\/\/www.bobooaza.pl\/index.php\/wp-json\/wp\/v2\/product"}],"about":[{"href":"https:\/\/www.bobooaza.pl\/index.php\/wp-json\/wp\/v2\/types\/product"}],"replies":[{"embeddable":true,"href":"https:\/\/www.bobooaza.pl\/index.php\/wp-json\/wp\/v2\/comments?post=10334"}],"wp:featuredmedia":[{"embeddable":true,"href":"https:\/\/www.bobooaza.pl\/index.php\/wp-json\/wp\/v2\/media\/10328"}],"wp:attachment":[{"href":"https:\/\/www.bobooaza.pl\/index.php\/wp-json\/wp\/v2\/media?parent=10334"}],"wp:term":[{"taxonomy":"product_brand","embeddable":true,"href":"https:\/\/www.bobooaza.pl\/index.php\/wp-json\/wp\/v2\/product_brand?post=10334"},{"taxonomy":"product_cat","embeddable":true,"href":"https:\/\/www.bobooaza.pl\/index.php\/wp-json\/wp\/v2\/product_cat?post=10334"},{"taxonomy":"product_tag","embeddable":true,"href":"https:\/\/www.bobooaza.pl\/index.php\/wp-json\/wp\/v2\/product_tag?post=10334"}],"curies":[{"name":"wp","href":"https:\/\/api.w.org\/{rel}","templated":true}]}}