{"id":10339,"date":"2026-01-05T15:21:45","date_gmt":"2026-01-05T14:21:45","guid":{"rendered":"https:\/\/bobooaza.pl\/index.php\/produkt\/b-o-1649-01-plecak-dla-mamy-modern-style-czarny\/"},"modified":"2026-01-05T15:30:46","modified_gmt":"2026-01-05T14:30:46","slug":"b-o-1649-01-plecak-dla-mamy-modern-style-czarny","status":"publish","type":"product","link":"https:\/\/www.bobooaza.pl\/index.php\/produkt\/b-o-1649-01-plecak-dla-mamy-modern-style-czarny\/","title":{"rendered":"B.O.1649\/01 Plecak dla mamy MODERN STYLE czarny"},"content":{"rendered":"<p>Plecak dla mamy MODERN STYLE w kolorze czarnym to nowoczesne i funkcjonalne rozwi\u0105zanie dla kobiet, kt\u00f3re ceni\u0105 minimalizm, dobr\u0105 organizacj\u0119 i uniwersalny design. Kompaktowa forma \u0142\u0105czy si\u0119 tu z du\u017c\u0105 pojemno\u015bci\u0105, dzi\u0119ki czemu plecak sprawdzi si\u0119 zar\u00f3wno na co dzie\u0144 z dzieckiem, jak i w pracy, na uczelni czy podczas podr\u00f3\u017cy.<\/p>\n<p>Wn\u0119trze zaprojektowano z my\u015bl\u0105 o maksymalnej wygodzie u\u017cytkowania. Dwana\u015bcie praktycznych kieszeni pozwala logicznie rozplanowa\u0107 przestrze\u0144 i szybko znale\u017a\u0107 potrzebne rzeczy. Plecak pomie\u015bci pieluszki, butelki, przewijak, a tak\u017ce tablet, ksi\u0105\u017ck\u0119 czy bidon z wod\u0105. Specjalne kieszenie termiczne i wodoodporne u\u0142atwiaj\u0105 przechowywanie mokrych lub wymagaj\u0105cych ochrony przed temperatur\u0105 akcesori\u00f3w.<\/p>\n<p>Model MODERN STYLE wykonano z lekkiego, wodoodpornego i \u0142atwego w czyszczeniu poliestru, co czyni go idealnym wyborem na ka\u017cd\u0105 pogod\u0119. Regulowane szelki oraz wygodne uchwyty umo\u017cliwiaj\u0105 noszenie plecaka na plecach lub w r\u0119ku, a do\u0142\u0105czone zaczepy pozwalaj\u0105 szybko przypi\u0105\u0107 go do w\u00f3zka. Dodatkowa kiesze\u0144 szybkiego dost\u0119pu oraz smycz na klucze lub smoczek zwi\u0119kszaj\u0105 komfort codziennego u\u017cytkowania.<\/p>\n<p>W zestawie znajduje si\u0119 du\u017ca, gruba mata do przewijania, dzi\u0119ki kt\u00f3rej bez problemu zadbasz o dziecko tak\u017ce poza domem. Plecak wyr\u00f3\u017cnia si\u0119 nowoczesnym, uniwersalnym wygl\u0105dem, dlatego mo\u017ce by\u0107 u\u017cywany zar\u00f3wno przez mamy, jak i tat\u00f3w. To praktyczny organizer i stylowy dodatek w jednym, zaprojektowany z my\u015bl\u0105 o aktywnych rodzicach.<\/p>\n","protected":false},"excerpt":{"rendered":"<p>Plecak dla mamy MODERN STYLE w kolorze czarnym to nowoczesne i funkcjonalne rozwi\u0105zanie dla kobiet, kt\u00f3re ceni\u0105 minimalizm, dobr\u0105 organizacj\u0119 i uniwersalny design. Kompaktowa forma \u0142\u0105czy si\u0119 tu z du\u017c\u0105 pojemno\u015bci\u0105, dzi\u0119ki czemu plecak sprawdzi si\u0119 zar\u00f3wno na co dzie\u0144 z dzieckiem, jak i w pracy, na uczelni czy podczas podr\u00f3\u017cy. Wn\u0119trze zaprojektowano z my\u015bl\u0105 [&hellip;]<\/p>\n","protected":false},"featured_media":10335,"comment_status":"open","ping_status":"closed","template":"","meta":[],"product_brand":[],"product_cat":[88,149],"product_tag":[],"class_list":{"0":"post-10339","1":"product","2":"type-product","3":"status-publish","4":"has-post-thumbnail","6":"product_cat-mama","7":"product_cat-torby-i-plecaki","9":"first","10":"instock","11":"taxable","12":"shipping-taxable","13":"purchasable","14":"product-type-simple"},"_links":{"self":[{"href":"https:\/\/www.bobooaza.pl\/index.php\/wp-json\/wp\/v2\/product\/10339","targetHints":{"allow":["GET"]}}],"collection":[{"href":"https:\/\/www.bobooaza.pl\/index.php\/wp-json\/wp\/v2\/product"}],"about":[{"href":"https:\/\/www.bobooaza.pl\/index.php\/wp-json\/wp\/v2\/types\/product"}],"replies":[{"embeddable":true,"href":"https:\/\/www.bobooaza.pl\/index.php\/wp-json\/wp\/v2\/comments?post=10339"}],"wp:featuredmedia":[{"embeddable":true,"href":"https:\/\/www.bobooaza.pl\/index.php\/wp-json\/wp\/v2\/media\/10335"}],"wp:attachment":[{"href":"https:\/\/www.bobooaza.pl\/index.php\/wp-json\/wp\/v2\/media?parent=10339"}],"wp:term":[{"taxonomy":"product_brand","embeddable":true,"href":"https:\/\/www.bobooaza.pl\/index.php\/wp-json\/wp\/v2\/product_brand?post=10339"},{"taxonomy":"product_cat","embeddable":true,"href":"https:\/\/www.bobooaza.pl\/index.php\/wp-json\/wp\/v2\/product_cat?post=10339"},{"taxonomy":"product_tag","embeddable":true,"href":"https:\/\/www.bobooaza.pl\/index.php\/wp-json\/wp\/v2\/product_tag?post=10339"}],"curies":[{"name":"wp","href":"https:\/\/api.w.org\/{rel}","templated":true}]}}