{"id":10349,"date":"2026-01-05T15:21:53","date_gmt":"2026-01-05T14:21:53","guid":{"rendered":"https:\/\/bobooaza.pl\/index.php\/produkt\/canpol-50-104-plecak-dla-mamy-z-funkcja-przypiecia-do-wozka-granatowy\/"},"modified":"2026-01-05T15:30:47","modified_gmt":"2026-01-05T14:30:47","slug":"canpol-50-104-plecak-dla-mamy-z-funkcja-przypiecia-do-wozka-granatowy","status":"publish","type":"product","link":"https:\/\/www.bobooaza.pl\/index.php\/produkt\/canpol-50-104-plecak-dla-mamy-z-funkcja-przypiecia-do-wozka-granatowy\/","title":{"rendered":"CANPOL 50\/104 Plecak dla mamy z funkcj\u0105 przypi\u0119cia do w\u00f3zka granatowy"},"content":{"rendered":"<p>Plecak dla mamy CANPOL 50\/104 w kolorze granatowym to elegancki i funkcjonalny wyb\u00f3r na ka\u017cdy spacer, spotkanie czy wyjazd z dzieckiem. \u0141\u0105czy nowoczesny design z praktycznymi rozwi\u0105zaniami, pozwalaj\u0105c wygodnie przechowywa\u0107 wszystkie niezb\u0119dne akcesoria oraz ulubione zabawki maluszka.<\/p>\n<p>Wyposa\u017cony w termoizolacyjne kieszenie, plecak utrzymuje odpowiedni\u0105 temperatur\u0119 pokarmu i napoj\u00f3w. Boczne przegr\u00f3dki zapewniaj\u0105 \u0142atwy dost\u0119p do bidonu, kubka lub chusteczek, a dyskretne kieszenie pozwalaj\u0105 bezpiecznie przechowa\u0107 dokumenty. Karabi\u0144czyk umo\u017cliwia przypi\u0119cie kluczy, breloczka lub zabawki dziecka, a wodoodporna kiesze\u0144 na mokre ubranie lub pieluszk\u0119 zapewnia dodatkow\u0105 wygod\u0119.<\/p>\n<p>Szerokie, regulowane szelki gwarantuj\u0105 komfort noszenia, a uchwyty pozwalaj\u0105 przypi\u0105\u0107 plecak do w\u00f3zka. Do zestawu do\u0142\u0105czono praktyczn\u0105 mat\u0119 do przewijania, idealn\u0105 podczas spacer\u00f3w i podr\u00f3\u017cy, co czyni plecak CANPOL 50\/104 niezast\u0105pionym dodatkiem dla aktywnych rodzic\u00f3w.<\/p>\n","protected":false},"excerpt":{"rendered":"<p>Plecak dla mamy CANPOL 50\/104 w kolorze granatowym to elegancki i funkcjonalny wyb\u00f3r na ka\u017cdy spacer, spotkanie czy wyjazd z dzieckiem. \u0141\u0105czy nowoczesny design z praktycznymi rozwi\u0105zaniami, pozwalaj\u0105c wygodnie przechowywa\u0107 wszystkie niezb\u0119dne akcesoria oraz ulubione zabawki maluszka. Wyposa\u017cony w termoizolacyjne kieszenie, plecak utrzymuje odpowiedni\u0105 temperatur\u0119 pokarmu i napoj\u00f3w. Boczne przegr\u00f3dki zapewniaj\u0105 \u0142atwy dost\u0119p do bidonu, [&hellip;]<\/p>\n","protected":false},"featured_media":10348,"comment_status":"open","ping_status":"closed","template":"","meta":[],"product_brand":[],"product_cat":[88,149],"product_tag":[],"class_list":{"0":"post-10349","1":"product","2":"type-product","3":"status-publish","4":"has-post-thumbnail","6":"product_cat-mama","7":"product_cat-torby-i-plecaki","9":"first","10":"outofstock","11":"taxable","12":"shipping-taxable","13":"purchasable","14":"product-type-simple"},"_links":{"self":[{"href":"https:\/\/www.bobooaza.pl\/index.php\/wp-json\/wp\/v2\/product\/10349","targetHints":{"allow":["GET"]}}],"collection":[{"href":"https:\/\/www.bobooaza.pl\/index.php\/wp-json\/wp\/v2\/product"}],"about":[{"href":"https:\/\/www.bobooaza.pl\/index.php\/wp-json\/wp\/v2\/types\/product"}],"replies":[{"embeddable":true,"href":"https:\/\/www.bobooaza.pl\/index.php\/wp-json\/wp\/v2\/comments?post=10349"}],"wp:featuredmedia":[{"embeddable":true,"href":"https:\/\/www.bobooaza.pl\/index.php\/wp-json\/wp\/v2\/media\/10348"}],"wp:attachment":[{"href":"https:\/\/www.bobooaza.pl\/index.php\/wp-json\/wp\/v2\/media?parent=10349"}],"wp:term":[{"taxonomy":"product_brand","embeddable":true,"href":"https:\/\/www.bobooaza.pl\/index.php\/wp-json\/wp\/v2\/product_brand?post=10349"},{"taxonomy":"product_cat","embeddable":true,"href":"https:\/\/www.bobooaza.pl\/index.php\/wp-json\/wp\/v2\/product_cat?post=10349"},{"taxonomy":"product_tag","embeddable":true,"href":"https:\/\/www.bobooaza.pl\/index.php\/wp-json\/wp\/v2\/product_tag?post=10349"}],"curies":[{"name":"wp","href":"https:\/\/api.w.org\/{rel}","templated":true}]}}