{"id":10353,"date":"2026-01-05T15:21:55","date_gmt":"2026-01-05T14:21:55","guid":{"rendered":"https:\/\/bobooaza.pl\/index.php\/produkt\/canpol-50-102-plecak-dla-mamy-z-funkcja-przypiecia-do-wozka-czarny\/"},"modified":"2026-01-05T15:30:48","modified_gmt":"2026-01-05T14:30:48","slug":"canpol-50-102-plecak-dla-mamy-z-funkcja-przypiecia-do-wozka-czarny","status":"publish","type":"product","link":"https:\/\/www.bobooaza.pl\/index.php\/produkt\/canpol-50-102-plecak-dla-mamy-z-funkcja-przypiecia-do-wozka-czarny\/","title":{"rendered":"CANPOL 50\/102 Plecak dla mamy z funkcj\u0105 przypi\u0119cia do w\u00f3zka czarny"},"content":{"rendered":"<p>Plecak dla mamy CANPOL 50\/102 w kolorze czarnym to elegancki i praktyczny dodatek na ka\u017cdy spacer, spotkanie czy wyjazd z dzieckiem. \u0141\u0105czy nowoczesny design z funkcjonalno\u015bci\u0105, umo\u017cliwiaj\u0105c wygodne przechowywanie wszystkich niezb\u0119dnych akcesori\u00f3w oraz ulubionych zabawek maluszka.<\/p>\n<p>Wyposa\u017cony w termoizolacyjne kieszenie, plecak utrzymuje odpowiedni\u0105 temperatur\u0119 pokarmu i napoj\u00f3w. Boczne kieszenie zapewniaj\u0105 \u0142atwy dost\u0119p do kubka, bidonu czy chusteczek, a dyskretne przegr\u00f3dki pozwalaj\u0105 bezpiecznie przechowa\u0107 dokumenty. Karabi\u0144czyk umo\u017cliwia przypi\u0119cie kluczy, breloczka lub zabawki dziecka, a wodoodporna kiesze\u0144 na mokre ubranie lub pieluszk\u0119 zwi\u0119ksza wygod\u0119 u\u017cytkowania.<\/p>\n<p>Szerokie, regulowane szelki gwarantuj\u0105 komfort noszenia, a uchwyty pozwalaj\u0105 przypi\u0105\u0107 plecak do w\u00f3zka. Do zestawu do\u0142\u0105czono praktyczn\u0105 mat\u0119 do przewijania, idealn\u0105 podczas spacer\u00f3w i podr\u00f3\u017cy, co czyni plecak CANPOL 50\/102 niezast\u0105pionym rozwi\u0105zaniem dla aktywnych rodzic\u00f3w.<\/p>\n","protected":false},"excerpt":{"rendered":"<p>Plecak dla mamy CANPOL 50\/102 w kolorze czarnym to elegancki i praktyczny dodatek na ka\u017cdy spacer, spotkanie czy wyjazd z dzieckiem. \u0141\u0105czy nowoczesny design z funkcjonalno\u015bci\u0105, umo\u017cliwiaj\u0105c wygodne przechowywanie wszystkich niezb\u0119dnych akcesori\u00f3w oraz ulubionych zabawek maluszka. Wyposa\u017cony w termoizolacyjne kieszenie, plecak utrzymuje odpowiedni\u0105 temperatur\u0119 pokarmu i napoj\u00f3w. Boczne kieszenie zapewniaj\u0105 \u0142atwy dost\u0119p do kubka, bidonu [&hellip;]<\/p>\n","protected":false},"featured_media":10352,"comment_status":"open","ping_status":"closed","template":"","meta":[],"product_brand":[],"product_cat":[88,149],"product_tag":[],"class_list":{"0":"post-10353","1":"product","2":"type-product","3":"status-publish","4":"has-post-thumbnail","6":"product_cat-mama","7":"product_cat-torby-i-plecaki","9":"first","10":"outofstock","11":"taxable","12":"shipping-taxable","13":"purchasable","14":"product-type-simple"},"_links":{"self":[{"href":"https:\/\/www.bobooaza.pl\/index.php\/wp-json\/wp\/v2\/product\/10353","targetHints":{"allow":["GET"]}}],"collection":[{"href":"https:\/\/www.bobooaza.pl\/index.php\/wp-json\/wp\/v2\/product"}],"about":[{"href":"https:\/\/www.bobooaza.pl\/index.php\/wp-json\/wp\/v2\/types\/product"}],"replies":[{"embeddable":true,"href":"https:\/\/www.bobooaza.pl\/index.php\/wp-json\/wp\/v2\/comments?post=10353"}],"wp:featuredmedia":[{"embeddable":true,"href":"https:\/\/www.bobooaza.pl\/index.php\/wp-json\/wp\/v2\/media\/10352"}],"wp:attachment":[{"href":"https:\/\/www.bobooaza.pl\/index.php\/wp-json\/wp\/v2\/media?parent=10353"}],"wp:term":[{"taxonomy":"product_brand","embeddable":true,"href":"https:\/\/www.bobooaza.pl\/index.php\/wp-json\/wp\/v2\/product_brand?post=10353"},{"taxonomy":"product_cat","embeddable":true,"href":"https:\/\/www.bobooaza.pl\/index.php\/wp-json\/wp\/v2\/product_cat?post=10353"},{"taxonomy":"product_tag","embeddable":true,"href":"https:\/\/www.bobooaza.pl\/index.php\/wp-json\/wp\/v2\/product_tag?post=10353"}],"curies":[{"name":"wp","href":"https:\/\/api.w.org\/{rel}","templated":true}]}}