{"id":10358,"date":"2026-01-05T15:21:58","date_gmt":"2026-01-05T14:21:58","guid":{"rendered":"https:\/\/bobooaza.pl\/index.php\/produkt\/b-o-1424-01-plecak-dla-mamy-torba-do-wozka-oslo-style\/"},"modified":"2026-01-19T20:19:13","modified_gmt":"2026-01-19T19:19:13","slug":"b-o-1424-01-plecak-dla-mamy-torba-do-wozka-oslo-style","status":"publish","type":"product","link":"https:\/\/www.bobooaza.pl\/index.php\/produkt\/b-o-1424-01-plecak-dla-mamy-torba-do-wozka-oslo-style\/","title":{"rendered":"B.O.1424\/01 Plecak dla mamy &#8211; torba do w\u00f3zka OSLO STYLE"},"content":{"rendered":"<p>Plecak dla mamy OSLO STYLE marki Babyono to elegancki i funkcjonalny dodatek dla aktywnych rodzic\u00f3w, kt\u00f3ry \u0142\u0105czy miejski styl z praktycznymi rozwi\u0105zaniami. Dzi\u0119ki 12 dedykowanym kieszeniom, w tym termokieszeni na butelki, wodoodpornej kieszeni na mokre rzeczy oraz przegr\u00f3dkom szybkiego dost\u0119pu na telefon czy smoczek, umo\u017cliwia wygodne przechowywanie wszystkich niezb\u0119dnych akcesori\u00f3w dziecka.<\/p>\n<p>Plecak mo\u017cna nosi\u0107 na plecach lub przypi\u0105\u0107 do w\u00f3zka dzi\u0119ki odpinanym bocznym paskom, a mi\u0119kkie, regulowane szelki i kr\u00f3tkie uchwyty do r\u0119ki zapewniaj\u0105 komfort u\u017cytkowania. G\u0142\u00f3wna komora zamykana jest na dwukierunkowy zamek, a smycz na klucze i mata do przewijania w zestawie zwi\u0119kszaj\u0105 funkcjonalno\u015b\u0107 plecaka.<\/p>\n<p>Wykonany z trwa\u0142ego, \u0142atwego w czyszczeniu poliestru z wzmocnion\u0105 konstrukcj\u0105, plecak OSLO STYLE jest odporny na codzienne u\u017cytkowanie i r\u00f3\u017cne warunki. To idealny wyb\u00f3r na spacer, wyjazd czy codzienne obowi\u0105zki, \u0142\u0105cz\u0105cy elegancj\u0119, praktyczno\u015b\u0107 i wysok\u0105 jako\u015b\u0107 wykonania. Wymiary: 30 \u00d7 40 \u00d7 16 cm, waga 0,76 kg.<\/p>\n","protected":false},"excerpt":{"rendered":"<p>Plecak dla mamy OSLO STYLE marki Babyono to elegancki i funkcjonalny dodatek dla aktywnych rodzic\u00f3w, kt\u00f3ry \u0142\u0105czy miejski styl z praktycznymi rozwi\u0105zaniami. Dzi\u0119ki 12 dedykowanym kieszeniom, w tym termokieszeni na butelki, wodoodpornej kieszeni na mokre rzeczy oraz przegr\u00f3dkom szybkiego dost\u0119pu na telefon czy smoczek, umo\u017cliwia wygodne przechowywanie wszystkich niezb\u0119dnych akcesori\u00f3w dziecka. Plecak mo\u017cna nosi\u0107 na [&hellip;]<\/p>\n","protected":false},"featured_media":10357,"comment_status":"open","ping_status":"closed","template":"","meta":[],"product_brand":[],"product_cat":[88,149],"product_tag":[],"class_list":{"0":"post-10358","1":"product","2":"type-product","3":"status-publish","4":"has-post-thumbnail","6":"product_cat-mama","7":"product_cat-torby-i-plecaki","9":"first","10":"instock","11":"taxable","12":"shipping-taxable","13":"purchasable","14":"product-type-simple"},"_links":{"self":[{"href":"https:\/\/www.bobooaza.pl\/index.php\/wp-json\/wp\/v2\/product\/10358","targetHints":{"allow":["GET"]}}],"collection":[{"href":"https:\/\/www.bobooaza.pl\/index.php\/wp-json\/wp\/v2\/product"}],"about":[{"href":"https:\/\/www.bobooaza.pl\/index.php\/wp-json\/wp\/v2\/types\/product"}],"replies":[{"embeddable":true,"href":"https:\/\/www.bobooaza.pl\/index.php\/wp-json\/wp\/v2\/comments?post=10358"}],"wp:featuredmedia":[{"embeddable":true,"href":"https:\/\/www.bobooaza.pl\/index.php\/wp-json\/wp\/v2\/media\/10357"}],"wp:attachment":[{"href":"https:\/\/www.bobooaza.pl\/index.php\/wp-json\/wp\/v2\/media?parent=10358"}],"wp:term":[{"taxonomy":"product_brand","embeddable":true,"href":"https:\/\/www.bobooaza.pl\/index.php\/wp-json\/wp\/v2\/product_brand?post=10358"},{"taxonomy":"product_cat","embeddable":true,"href":"https:\/\/www.bobooaza.pl\/index.php\/wp-json\/wp\/v2\/product_cat?post=10358"},{"taxonomy":"product_tag","embeddable":true,"href":"https:\/\/www.bobooaza.pl\/index.php\/wp-json\/wp\/v2\/product_tag?post=10358"}],"curies":[{"name":"wp","href":"https:\/\/api.w.org\/{rel}","templated":true}]}}