{"id":10362,"date":"2026-01-05T15:22:01","date_gmt":"2026-01-05T14:22:01","guid":{"rendered":"https:\/\/bobooaza.pl\/index.php\/produkt\/canpol-78-802-plecak-dla-mamy-flower\/"},"modified":"2026-01-05T15:30:50","modified_gmt":"2026-01-05T14:30:50","slug":"canpol-78-802-plecak-dla-mamy-flower","status":"publish","type":"product","link":"https:\/\/www.bobooaza.pl\/index.php\/produkt\/canpol-78-802-plecak-dla-mamy-flower\/","title":{"rendered":"CANPOL 78\/802 Plecak dla mamy Flower"},"content":{"rendered":"<p>Plecak dla mamy CANPOL 78\/802 Flower to elegancki i praktyczny dodatek idealny na spacery i podr\u00f3\u017ce z dzieckiem. Wyposa\u017cony w wielofunkcyjne kieszenie, w tym termoizolacyjne przegr\u00f3dki utrzymuj\u0105ce odpowiedni\u0105 temperatur\u0119 pokarmu i napoj\u00f3w, boczn\u0105 kiesze\u0144 na kubek lub bidon oraz dyskretne kieszenie na dokumenty, pozwala wygodnie przechowywa\u0107 wszystkie niezb\u0119dne akcesoria maluszka.<\/p>\n<p>Plecak wykonano z \u0142atwej w czyszczeniu sk\u00f3ry ekologicznej, a szerokie, regulowane szelki zapewniaj\u0105 komfort noszenia przez d\u0142ugi czas. Do zestawu do\u0142\u0105czono mat\u0119 do przewijania, idealn\u0105 podczas spacer\u00f3w i wyjazd\u00f3w, co czyni plecak CANPOL 78\/802 Flower praktycznym i stylowym rozwi\u0105zaniem dla aktywnych mam.<\/p>\n","protected":false},"excerpt":{"rendered":"<p>Plecak dla mamy CANPOL 78\/802 Flower to elegancki i praktyczny dodatek idealny na spacery i podr\u00f3\u017ce z dzieckiem. Wyposa\u017cony w wielofunkcyjne kieszenie, w tym termoizolacyjne przegr\u00f3dki utrzymuj\u0105ce odpowiedni\u0105 temperatur\u0119 pokarmu i napoj\u00f3w, boczn\u0105 kiesze\u0144 na kubek lub bidon oraz dyskretne kieszenie na dokumenty, pozwala wygodnie przechowywa\u0107 wszystkie niezb\u0119dne akcesoria maluszka. Plecak wykonano z \u0142atwej w [&hellip;]<\/p>\n","protected":false},"featured_media":10359,"comment_status":"open","ping_status":"closed","template":"","meta":[],"product_brand":[],"product_cat":[88,149],"product_tag":[],"class_list":{"0":"post-10362","1":"product","2":"type-product","3":"status-publish","4":"has-post-thumbnail","6":"product_cat-mama","7":"product_cat-torby-i-plecaki","9":"first","10":"outofstock","11":"taxable","12":"shipping-taxable","13":"purchasable","14":"product-type-simple"},"_links":{"self":[{"href":"https:\/\/www.bobooaza.pl\/index.php\/wp-json\/wp\/v2\/product\/10362","targetHints":{"allow":["GET"]}}],"collection":[{"href":"https:\/\/www.bobooaza.pl\/index.php\/wp-json\/wp\/v2\/product"}],"about":[{"href":"https:\/\/www.bobooaza.pl\/index.php\/wp-json\/wp\/v2\/types\/product"}],"replies":[{"embeddable":true,"href":"https:\/\/www.bobooaza.pl\/index.php\/wp-json\/wp\/v2\/comments?post=10362"}],"wp:featuredmedia":[{"embeddable":true,"href":"https:\/\/www.bobooaza.pl\/index.php\/wp-json\/wp\/v2\/media\/10359"}],"wp:attachment":[{"href":"https:\/\/www.bobooaza.pl\/index.php\/wp-json\/wp\/v2\/media?parent=10362"}],"wp:term":[{"taxonomy":"product_brand","embeddable":true,"href":"https:\/\/www.bobooaza.pl\/index.php\/wp-json\/wp\/v2\/product_brand?post=10362"},{"taxonomy":"product_cat","embeddable":true,"href":"https:\/\/www.bobooaza.pl\/index.php\/wp-json\/wp\/v2\/product_cat?post=10362"},{"taxonomy":"product_tag","embeddable":true,"href":"https:\/\/www.bobooaza.pl\/index.php\/wp-json\/wp\/v2\/product_tag?post=10362"}],"curies":[{"name":"wp","href":"https:\/\/api.w.org\/{rel}","templated":true}]}}