{"id":10369,"date":"2026-01-05T15:22:08","date_gmt":"2026-01-05T14:22:08","guid":{"rendered":"https:\/\/bobooaza.pl\/index.php\/produkt\/canpol-78-801-plecak-dla-mamy-elegant\/"},"modified":"2026-01-05T15:30:50","modified_gmt":"2026-01-05T14:30:50","slug":"canpol-78-801-plecak-dla-mamy-elegant","status":"publish","type":"product","link":"https:\/\/www.bobooaza.pl\/index.php\/produkt\/canpol-78-801-plecak-dla-mamy-elegant\/","title":{"rendered":"CANPOL 78\/801 Plecak dla mamy Elegant"},"content":{"rendered":"<p>Plecak dla mamy CANPOL 78\/801 Elegant to stylowy i funkcjonalny wyb\u00f3r na spacery oraz podr\u00f3\u017ce z dzieckiem. Wyposa\u017cony w wielofunkcyjne kieszenie, w tym termoizolacyjne przegr\u00f3dki utrzymuj\u0105ce optymaln\u0105 temperatur\u0119 pokarmu i napoj\u00f3w, boczn\u0105 kiesze\u0144 na kubek lub bidon oraz dyskretne kieszenie na dokumenty, umo\u017cliwia wygodne przechowywanie wszystkich niezb\u0119dnych akcesori\u00f3w maluszka.<\/p>\n<p>Wykonany z \u0142atwej w czyszczeniu sk\u00f3ry ekologicznej, plecak zapewnia trwa\u0142o\u015b\u0107 i estetyczny wygl\u0105d, a szerokie, regulowane szelki gwarantuj\u0105 komfort noszenia. Do zestawu do\u0142\u0105czono mat\u0119 do przewijania, idealn\u0105 podczas spacer\u00f3w i wyjazd\u00f3w, co czyni plecak CANPOL 78\/801 Elegant praktycznym i eleganckim rozwi\u0105zaniem dla aktywnych mam.<\/p>\n","protected":false},"excerpt":{"rendered":"<p>Plecak dla mamy CANPOL 78\/801 Elegant to stylowy i funkcjonalny wyb\u00f3r na spacery oraz podr\u00f3\u017ce z dzieckiem. Wyposa\u017cony w wielofunkcyjne kieszenie, w tym termoizolacyjne przegr\u00f3dki utrzymuj\u0105ce optymaln\u0105 temperatur\u0119 pokarmu i napoj\u00f3w, boczn\u0105 kiesze\u0144 na kubek lub bidon oraz dyskretne kieszenie na dokumenty, umo\u017cliwia wygodne przechowywanie wszystkich niezb\u0119dnych akcesori\u00f3w maluszka. Wykonany z \u0142atwej w czyszczeniu sk\u00f3ry [&hellip;]<\/p>\n","protected":false},"featured_media":10363,"comment_status":"open","ping_status":"closed","template":"","meta":[],"product_brand":[],"product_cat":[88,149],"product_tag":[],"class_list":{"0":"post-10369","1":"product","2":"type-product","3":"status-publish","4":"has-post-thumbnail","6":"product_cat-mama","7":"product_cat-torby-i-plecaki","9":"first","10":"outofstock","11":"taxable","12":"shipping-taxable","13":"purchasable","14":"product-type-simple"},"_links":{"self":[{"href":"https:\/\/www.bobooaza.pl\/index.php\/wp-json\/wp\/v2\/product\/10369","targetHints":{"allow":["GET"]}}],"collection":[{"href":"https:\/\/www.bobooaza.pl\/index.php\/wp-json\/wp\/v2\/product"}],"about":[{"href":"https:\/\/www.bobooaza.pl\/index.php\/wp-json\/wp\/v2\/types\/product"}],"replies":[{"embeddable":true,"href":"https:\/\/www.bobooaza.pl\/index.php\/wp-json\/wp\/v2\/comments?post=10369"}],"wp:featuredmedia":[{"embeddable":true,"href":"https:\/\/www.bobooaza.pl\/index.php\/wp-json\/wp\/v2\/media\/10363"}],"wp:attachment":[{"href":"https:\/\/www.bobooaza.pl\/index.php\/wp-json\/wp\/v2\/media?parent=10369"}],"wp:term":[{"taxonomy":"product_brand","embeddable":true,"href":"https:\/\/www.bobooaza.pl\/index.php\/wp-json\/wp\/v2\/product_brand?post=10369"},{"taxonomy":"product_cat","embeddable":true,"href":"https:\/\/www.bobooaza.pl\/index.php\/wp-json\/wp\/v2\/product_cat?post=10369"},{"taxonomy":"product_tag","embeddable":true,"href":"https:\/\/www.bobooaza.pl\/index.php\/wp-json\/wp\/v2\/product_tag?post=10369"}],"curies":[{"name":"wp","href":"https:\/\/api.w.org\/{rel}","templated":true}]}}