{"id":10377,"date":"2026-01-05T15:22:15","date_gmt":"2026-01-05T14:22:15","guid":{"rendered":"https:\/\/bobooaza.pl\/index.php\/produkt\/b-o-1448-plecak-dla-mamy-torba-do-wozka-pom-pom\/"},"modified":"2026-01-05T15:30:51","modified_gmt":"2026-01-05T14:30:51","slug":"b-o-1448-plecak-dla-mamy-torba-do-wozka-pom-pom","status":"publish","type":"product","link":"https:\/\/www.bobooaza.pl\/index.php\/produkt\/b-o-1448-plecak-dla-mamy-torba-do-wozka-pom-pom\/","title":{"rendered":"B.O.1448 Plecak dla mamy &#8211; torba do w\u00f3zka POM POM"},"content":{"rendered":"<p>Plecak dla mamy POM POM marki Babyono to elegancki i funkcjonalny dodatek, kt\u00f3ry doskonale sprawdzi si\u0119 podczas spacer\u00f3w, wyjazd\u00f3w i codziennych aktywno\u015bci z dzieckiem. Wyposa\u017cony w 12 dedykowanych kieszeni, w tym termokiesze\u0144 na butelki, kiesze\u0144 antyw\u0142amaniow\u0105 z blokad\u0105 RFID, sekretne miejsce na klucze i telefon oraz przegr\u00f3dki szybkiego dost\u0119pu, umo\u017cliwia wygodne i bezpieczne przechowywanie wszystkich niezb\u0119dnych akcesori\u00f3w maluszka.<\/p>\n<p>Plecak mo\u017cna nosi\u0107 na plecach lub przypi\u0105\u0107 do w\u00f3zka dzi\u0119ki odpinanym bocznym paskom, a mi\u0119kkie, regulowane szelki i kr\u00f3tkie uchwyty do r\u0119ki zapewniaj\u0105 komfort u\u017cytkowania. Wykonany z trwa\u0142ego, \u0142atwego w czyszczeniu poliestru, plecak jest odporny na codzienne u\u017cytkowanie. Dodatkowo w zestawie znajduje si\u0119 mata do przewijania, smycz na klucze oraz modny futerkowy breloczek zdobi\u0105cy prz\u00f3d plecaka.<\/p>\n<p>Plecak **POM POM** \u0142\u0105czy nowoczesny design, bezpiecze\u0144stwo i praktyczno\u015b\u0107, czyni\u0105c go niezast\u0105pionym rozwi\u0105zaniem dla aktywnych mam. Wymiary: 35 \u00d7 35 \u00d7 17 cm, waga 0,58 kg.<\/p>\n","protected":false},"excerpt":{"rendered":"<p>Plecak dla mamy POM POM marki Babyono to elegancki i funkcjonalny dodatek, kt\u00f3ry doskonale sprawdzi si\u0119 podczas spacer\u00f3w, wyjazd\u00f3w i codziennych aktywno\u015bci z dzieckiem. Wyposa\u017cony w 12 dedykowanych kieszeni, w tym termokiesze\u0144 na butelki, kiesze\u0144 antyw\u0142amaniow\u0105 z blokad\u0105 RFID, sekretne miejsce na klucze i telefon oraz przegr\u00f3dki szybkiego dost\u0119pu, umo\u017cliwia wygodne i bezpieczne przechowywanie wszystkich [&hellip;]<\/p>\n","protected":false},"featured_media":10370,"comment_status":"open","ping_status":"closed","template":"","meta":[],"product_brand":[],"product_cat":[88,149],"product_tag":[],"class_list":{"0":"post-10377","1":"product","2":"type-product","3":"status-publish","4":"has-post-thumbnail","6":"product_cat-mama","7":"product_cat-torby-i-plecaki","9":"first","10":"outofstock","11":"taxable","12":"shipping-taxable","13":"purchasable","14":"product-type-simple"},"_links":{"self":[{"href":"https:\/\/www.bobooaza.pl\/index.php\/wp-json\/wp\/v2\/product\/10377","targetHints":{"allow":["GET"]}}],"collection":[{"href":"https:\/\/www.bobooaza.pl\/index.php\/wp-json\/wp\/v2\/product"}],"about":[{"href":"https:\/\/www.bobooaza.pl\/index.php\/wp-json\/wp\/v2\/types\/product"}],"replies":[{"embeddable":true,"href":"https:\/\/www.bobooaza.pl\/index.php\/wp-json\/wp\/v2\/comments?post=10377"}],"wp:featuredmedia":[{"embeddable":true,"href":"https:\/\/www.bobooaza.pl\/index.php\/wp-json\/wp\/v2\/media\/10370"}],"wp:attachment":[{"href":"https:\/\/www.bobooaza.pl\/index.php\/wp-json\/wp\/v2\/media?parent=10377"}],"wp:term":[{"taxonomy":"product_brand","embeddable":true,"href":"https:\/\/www.bobooaza.pl\/index.php\/wp-json\/wp\/v2\/product_brand?post=10377"},{"taxonomy":"product_cat","embeddable":true,"href":"https:\/\/www.bobooaza.pl\/index.php\/wp-json\/wp\/v2\/product_cat?post=10377"},{"taxonomy":"product_tag","embeddable":true,"href":"https:\/\/www.bobooaza.pl\/index.php\/wp-json\/wp\/v2\/product_tag?post=10377"}],"curies":[{"name":"wp","href":"https:\/\/api.w.org\/{rel}","templated":true}]}}