{"id":10379,"date":"2026-01-05T15:22:16","date_gmt":"2026-01-05T14:22:16","guid":{"rendered":"https:\/\/bobooaza.pl\/index.php\/produkt\/canpol-78-803-plecak-dla-mamy-pastel-beige\/"},"modified":"2026-01-05T15:30:52","modified_gmt":"2026-01-05T14:30:52","slug":"canpol-78-803-plecak-dla-mamy-pastel-beige","status":"publish","type":"product","link":"https:\/\/www.bobooaza.pl\/index.php\/produkt\/canpol-78-803-plecak-dla-mamy-pastel-beige\/","title":{"rendered":"CANPOL 78\/803 Plecak dla mamy PASTEL beige"},"content":{"rendered":"<p>Plecak dla mamy CANPOL 78\/803 PASTEL w kolorze be\u017cowym to elegancki i funkcjonalny wyb\u00f3r na spacery i podr\u00f3\u017ce z dzieckiem. Wyposa\u017cony w wielofunkcyjne kieszenie, plecak pozwala wygodnie przechowywa\u0107 wszystkie niezb\u0119dne akcesoria maluszka. Wykonany z \u0142atwej do czyszczenia sk\u00f3ry ekologicznej, zapewnia trwa\u0142o\u015b\u0107 i estetyczny wygl\u0105d. Szerokie, regulowane szelki gwarantuj\u0105 komfort noszenia, a specjalne uchwyty umo\u017cliwiaj\u0105 mocowanie plecaka na r\u0105czce w\u00f3zka. W zestawie znajduje si\u0119 mata do przewijania, idealna podczas spacer\u00f3w i podr\u00f3\u017cy, co czyni plecak CANPOL 78\/803 PASTEL praktycznym i stylowym rozwi\u0105zaniem dla aktywnych mam.<\/p>\n","protected":false},"excerpt":{"rendered":"<p>Plecak dla mamy CANPOL 78\/803 PASTEL w kolorze be\u017cowym to elegancki i funkcjonalny wyb\u00f3r na spacery i podr\u00f3\u017ce z dzieckiem. Wyposa\u017cony w wielofunkcyjne kieszenie, plecak pozwala wygodnie przechowywa\u0107 wszystkie niezb\u0119dne akcesoria maluszka. Wykonany z \u0142atwej do czyszczenia sk\u00f3ry ekologicznej, zapewnia trwa\u0142o\u015b\u0107 i estetyczny wygl\u0105d. Szerokie, regulowane szelki gwarantuj\u0105 komfort noszenia, a specjalne uchwyty umo\u017cliwiaj\u0105 mocowanie [&hellip;]<\/p>\n","protected":false},"featured_media":10378,"comment_status":"open","ping_status":"closed","template":"","meta":[],"product_brand":[],"product_cat":[88,149],"product_tag":[],"class_list":{"0":"post-10379","1":"product","2":"type-product","3":"status-publish","4":"has-post-thumbnail","6":"product_cat-mama","7":"product_cat-torby-i-plecaki","9":"first","10":"outofstock","11":"taxable","12":"shipping-taxable","13":"purchasable","14":"product-type-simple"},"_links":{"self":[{"href":"https:\/\/www.bobooaza.pl\/index.php\/wp-json\/wp\/v2\/product\/10379","targetHints":{"allow":["GET"]}}],"collection":[{"href":"https:\/\/www.bobooaza.pl\/index.php\/wp-json\/wp\/v2\/product"}],"about":[{"href":"https:\/\/www.bobooaza.pl\/index.php\/wp-json\/wp\/v2\/types\/product"}],"replies":[{"embeddable":true,"href":"https:\/\/www.bobooaza.pl\/index.php\/wp-json\/wp\/v2\/comments?post=10379"}],"wp:featuredmedia":[{"embeddable":true,"href":"https:\/\/www.bobooaza.pl\/index.php\/wp-json\/wp\/v2\/media\/10378"}],"wp:attachment":[{"href":"https:\/\/www.bobooaza.pl\/index.php\/wp-json\/wp\/v2\/media?parent=10379"}],"wp:term":[{"taxonomy":"product_brand","embeddable":true,"href":"https:\/\/www.bobooaza.pl\/index.php\/wp-json\/wp\/v2\/product_brand?post=10379"},{"taxonomy":"product_cat","embeddable":true,"href":"https:\/\/www.bobooaza.pl\/index.php\/wp-json\/wp\/v2\/product_cat?post=10379"},{"taxonomy":"product_tag","embeddable":true,"href":"https:\/\/www.bobooaza.pl\/index.php\/wp-json\/wp\/v2\/product_tag?post=10379"}],"curies":[{"name":"wp","href":"https:\/\/api.w.org\/{rel}","templated":true}]}}