{"id":10383,"date":"2026-01-05T15:43:57","date_gmt":"2026-01-05T14:43:57","guid":{"rendered":"https:\/\/bobooaza.pl\/index.php\/produkt\/4-baby-torba-pielegnacyjna-xxiii-black\/"},"modified":"2026-01-19T21:53:29","modified_gmt":"2026-01-19T20:53:29","slug":"4-baby-torba-pielegnacyjna-xxiii-black","status":"publish","type":"product","link":"https:\/\/www.bobooaza.pl\/index.php\/produkt\/4-baby-torba-pielegnacyjna-xxiii-black\/","title":{"rendered":"4 BABY Torba piel\u0119gnacyjna XXIII BLACK"},"content":{"rendered":"<p>Torba piel\u0119gnacyjna **4BABY XXIII BLACK** to praktyczny i funkcjonalny dodatek dla rodzic\u00f3w podczas spacer\u00f3w z dzieckiem. Pojemna komora umo\u017cliwia wygodne przechowywanie wszystkich niezb\u0119dnych akcesori\u00f3w maluszka, a dodatkowa kiesze\u0144 u\u0142atwia szybki dost\u0119p do najpotrzebniejszych przedmiot\u00f3w. Torb\u0119 mo\u017cna przekszta\u0142ci\u0107 w mat\u0119 do przewijania, co zwi\u0119ksza jej funkcjonalno\u015b\u0107 podczas wyj\u015b\u0107. Wykonana z trwa\u0142ych materia\u0142\u00f3w, dost\u0119pna jest w pi\u0119ciu kolorach. Wymiary: 36 \u00d7 24 \u00d7 18 cm (z\u0142o\u017cona).<\/p>\n","protected":false},"excerpt":{"rendered":"<p>Torba piel\u0119gnacyjna **4BABY XXIII BLACK** to praktyczny i funkcjonalny dodatek dla rodzic\u00f3w podczas spacer\u00f3w z dzieckiem. Pojemna komora umo\u017cliwia wygodne przechowywanie wszystkich niezb\u0119dnych akcesori\u00f3w maluszka, a dodatkowa kiesze\u0144 u\u0142atwia szybki dost\u0119p do najpotrzebniejszych przedmiot\u00f3w. Torb\u0119 mo\u017cna przekszta\u0142ci\u0107 w mat\u0119 do przewijania, co zwi\u0119ksza jej funkcjonalno\u015b\u0107 podczas wyj\u015b\u0107. Wykonana z trwa\u0142ych materia\u0142\u00f3w, dost\u0119pna jest w pi\u0119ciu [&hellip;]<\/p>\n","protected":false},"featured_media":10382,"comment_status":"open","ping_status":"closed","template":"","meta":[],"product_brand":[],"product_cat":[88,149],"product_tag":[],"class_list":{"0":"post-10383","1":"product","2":"type-product","3":"status-publish","4":"has-post-thumbnail","6":"product_cat-mama","7":"product_cat-torby-i-plecaki","9":"first","10":"instock","11":"taxable","12":"shipping-taxable","13":"purchasable","14":"product-type-simple"},"_links":{"self":[{"href":"https:\/\/www.bobooaza.pl\/index.php\/wp-json\/wp\/v2\/product\/10383","targetHints":{"allow":["GET"]}}],"collection":[{"href":"https:\/\/www.bobooaza.pl\/index.php\/wp-json\/wp\/v2\/product"}],"about":[{"href":"https:\/\/www.bobooaza.pl\/index.php\/wp-json\/wp\/v2\/types\/product"}],"replies":[{"embeddable":true,"href":"https:\/\/www.bobooaza.pl\/index.php\/wp-json\/wp\/v2\/comments?post=10383"}],"wp:featuredmedia":[{"embeddable":true,"href":"https:\/\/www.bobooaza.pl\/index.php\/wp-json\/wp\/v2\/media\/10382"}],"wp:attachment":[{"href":"https:\/\/www.bobooaza.pl\/index.php\/wp-json\/wp\/v2\/media?parent=10383"}],"wp:term":[{"taxonomy":"product_brand","embeddable":true,"href":"https:\/\/www.bobooaza.pl\/index.php\/wp-json\/wp\/v2\/product_brand?post=10383"},{"taxonomy":"product_cat","embeddable":true,"href":"https:\/\/www.bobooaza.pl\/index.php\/wp-json\/wp\/v2\/product_cat?post=10383"},{"taxonomy":"product_tag","embeddable":true,"href":"https:\/\/www.bobooaza.pl\/index.php\/wp-json\/wp\/v2\/product_tag?post=10383"}],"curies":[{"name":"wp","href":"https:\/\/api.w.org\/{rel}","templated":true}]}}