{"id":10388,"date":"2026-01-05T15:44:00","date_gmt":"2026-01-05T14:44:00","guid":{"rendered":"https:\/\/bobooaza.pl\/index.php\/produkt\/albero-mio-torba-do-wozka-j001-szara\/"},"modified":"2026-01-05T15:54:49","modified_gmt":"2026-01-05T14:54:49","slug":"albero-mio-torba-do-wozka-j001-szara","status":"publish","type":"product","link":"https:\/\/www.bobooaza.pl\/index.php\/produkt\/albero-mio-torba-do-wozka-j001-szara\/","title":{"rendered":"ALBERO MIO Torba do w\u00f3zka J001 szara"},"content":{"rendered":"<p>Torba do w\u00f3zka **ALBERO MIO J001 szara** to elegancki i funkcjonalny dodatek dla rodzic\u00f3w, \u0142\u0105cz\u0105cy styl z praktyczno\u015bci\u0105. Wykonana z wysokiej jako\u015bci sztruksowej tkaniny 100% bawe\u0142nianej o pr\u0105\u017ckowanej strukturze, jest mi\u0119kka, trwa\u0142a i odporna na zu\u017cycie, a wn\u0119trze wy\u0142o\u017cone wodoodporn\u0105 podszewk\u0105 chroni przechowywane przedmioty.<\/p>\n<p>Torba oferuje wiele kieszeni i przegr\u00f3dek, w tym dwie zewn\u0119trzne kieszenie z przodu, dwie boczne oraz cztery wewn\u0119trzne, umo\u017cliwiaj\u0105c wygodne przechowywanie ubranek, pieluszek czy zabawek. G\u0142\u00f3wna komora zamykana jest na suwak, a sta\u0142y pasek z nap\u0105 pozwala \u0142atwo przypi\u0105\u0107 torb\u0119 do dr\u0105\u017cka w\u00f3zka. Mo\u017cna j\u0105 nosi\u0107 na ramieniu lub w r\u0119ce, co zwi\u0119ksza komfort u\u017cytkowania.<\/p>\n<p>Torba **ALBERO MIO J001** jest \u0142atwa w utrzymaniu czysto\u015bci i mo\u017cna j\u0105 pra\u0107 w pralce. Produkt uszyty w Polsce z certyfikowanych, bezpiecznych materia\u0142\u00f3w Oeko-Tex, gwarantuj\u0105cych bezpiecze\u0144stwo najm\u0142odszych. Wymiary: 38 \u00d7 30 \u00d7 14 cm (+\/- 2 cm).<\/p>\n","protected":false},"excerpt":{"rendered":"<p>Torba do w\u00f3zka **ALBERO MIO J001 szara** to elegancki i funkcjonalny dodatek dla rodzic\u00f3w, \u0142\u0105cz\u0105cy styl z praktyczno\u015bci\u0105. Wykonana z wysokiej jako\u015bci sztruksowej tkaniny 100% bawe\u0142nianej o pr\u0105\u017ckowanej strukturze, jest mi\u0119kka, trwa\u0142a i odporna na zu\u017cycie, a wn\u0119trze wy\u0142o\u017cone wodoodporn\u0105 podszewk\u0105 chroni przechowywane przedmioty. Torba oferuje wiele kieszeni i przegr\u00f3dek, w tym dwie zewn\u0119trzne kieszenie [&hellip;]<\/p>\n","protected":false},"featured_media":10384,"comment_status":"open","ping_status":"closed","template":"","meta":[],"product_brand":[],"product_cat":[88,149],"product_tag":[],"class_list":{"0":"post-10388","1":"product","2":"type-product","3":"status-publish","4":"has-post-thumbnail","6":"product_cat-mama","7":"product_cat-torby-i-plecaki","9":"first","10":"instock","11":"taxable","12":"shipping-taxable","13":"purchasable","14":"product-type-simple"},"_links":{"self":[{"href":"https:\/\/www.bobooaza.pl\/index.php\/wp-json\/wp\/v2\/product\/10388","targetHints":{"allow":["GET"]}}],"collection":[{"href":"https:\/\/www.bobooaza.pl\/index.php\/wp-json\/wp\/v2\/product"}],"about":[{"href":"https:\/\/www.bobooaza.pl\/index.php\/wp-json\/wp\/v2\/types\/product"}],"replies":[{"embeddable":true,"href":"https:\/\/www.bobooaza.pl\/index.php\/wp-json\/wp\/v2\/comments?post=10388"}],"wp:featuredmedia":[{"embeddable":true,"href":"https:\/\/www.bobooaza.pl\/index.php\/wp-json\/wp\/v2\/media\/10384"}],"wp:attachment":[{"href":"https:\/\/www.bobooaza.pl\/index.php\/wp-json\/wp\/v2\/media?parent=10388"}],"wp:term":[{"taxonomy":"product_brand","embeddable":true,"href":"https:\/\/www.bobooaza.pl\/index.php\/wp-json\/wp\/v2\/product_brand?post=10388"},{"taxonomy":"product_cat","embeddable":true,"href":"https:\/\/www.bobooaza.pl\/index.php\/wp-json\/wp\/v2\/product_cat?post=10388"},{"taxonomy":"product_tag","embeddable":true,"href":"https:\/\/www.bobooaza.pl\/index.php\/wp-json\/wp\/v2\/product_tag?post=10388"}],"curies":[{"name":"wp","href":"https:\/\/api.w.org\/{rel}","templated":true}]}}