{"id":10398,"date":"2026-01-05T15:44:05","date_gmt":"2026-01-05T14:44:05","guid":{"rendered":"https:\/\/bobooaza.pl\/index.php\/produkt\/kinderkraft-torba-treasurebag-dark-grey\/"},"modified":"2026-01-05T15:54:51","modified_gmt":"2026-01-05T14:54:51","slug":"kinderkraft-torba-treasurebag-dark-grey","status":"publish","type":"product","link":"https:\/\/www.bobooaza.pl\/index.php\/produkt\/kinderkraft-torba-treasurebag-dark-grey\/","title":{"rendered":"KINDERKRAFT Torba TREASUREBAG dark grey"},"content":{"rendered":"<p>Torba dla mamy KINDERKRAFT TREASUREBAG dark grey to praktyczne i eleganckie rozwi\u0105zanie na codzienne spacery i podr\u00f3\u017ce z dzieckiem. Pojemna g\u0142\u00f3wna komora oraz cztery funkcjonalne kieszenie, w tym jedna zamykana na zamek, pozwalaj\u0105 wygodnie przechowywa\u0107 pieluszki, smoczek, butelk\u0119, zabawki i rzeczy rodzica. Do zestawu do\u0142\u0105czony jest turystyczny przewijak, umo\u017cliwiaj\u0105cy higieniczne przewijanie maluszka w dowolnym miejscu.<\/p>\n<p>Torba wykonana jest z trwa\u0142ych materia\u0142\u00f3w PU i poliestru, a mata przewijaka z poliestru z piank\u0105, co gwarantuje \u0142atwo\u015b\u0107 w czyszczeniu i odporno\u015b\u0107 na przetarcia. TREASUREBAG mo\u017cna przypi\u0105\u0107 do w\u00f3zka za pomoc\u0105 specjalnych uchwyt\u00f3w lub nosi\u0107 na ramieniu dzi\u0119ki do\u0142\u0105czonemu d\u0142ugiemu paskowi. Modny wz\u00f3r z kolekcji Nature Vibes sprawia, \u017ce torba jest elegancka i pasuje zar\u00f3wno do w\u00f3zka, jak i codziennego stylu rodzica.<\/p>\n<p>Wymiary: z\u0142o\u017cona 30 \u00d7 53 \u00d7 6 cm, roz\u0142o\u017cona 30 \u00d7 53 cm, waga 0,75 kg.<\/p>\n","protected":false},"excerpt":{"rendered":"<p>Torba dla mamy KINDERKRAFT TREASUREBAG dark grey to praktyczne i eleganckie rozwi\u0105zanie na codzienne spacery i podr\u00f3\u017ce z dzieckiem. Pojemna g\u0142\u00f3wna komora oraz cztery funkcjonalne kieszenie, w tym jedna zamykana na zamek, pozwalaj\u0105 wygodnie przechowywa\u0107 pieluszki, smoczek, butelk\u0119, zabawki i rzeczy rodzica. Do zestawu do\u0142\u0105czony jest turystyczny przewijak, umo\u017cliwiaj\u0105cy higieniczne przewijanie maluszka w dowolnym miejscu. [&hellip;]<\/p>\n","protected":false},"featured_media":10393,"comment_status":"open","ping_status":"closed","template":"","meta":[],"product_brand":[],"product_cat":[88,149],"product_tag":[],"class_list":{"0":"post-10398","1":"product","2":"type-product","3":"status-publish","4":"has-post-thumbnail","6":"product_cat-mama","7":"product_cat-torby-i-plecaki","9":"first","10":"instock","11":"taxable","12":"shipping-taxable","13":"purchasable","14":"product-type-simple"},"_links":{"self":[{"href":"https:\/\/www.bobooaza.pl\/index.php\/wp-json\/wp\/v2\/product\/10398","targetHints":{"allow":["GET"]}}],"collection":[{"href":"https:\/\/www.bobooaza.pl\/index.php\/wp-json\/wp\/v2\/product"}],"about":[{"href":"https:\/\/www.bobooaza.pl\/index.php\/wp-json\/wp\/v2\/types\/product"}],"replies":[{"embeddable":true,"href":"https:\/\/www.bobooaza.pl\/index.php\/wp-json\/wp\/v2\/comments?post=10398"}],"wp:featuredmedia":[{"embeddable":true,"href":"https:\/\/www.bobooaza.pl\/index.php\/wp-json\/wp\/v2\/media\/10393"}],"wp:attachment":[{"href":"https:\/\/www.bobooaza.pl\/index.php\/wp-json\/wp\/v2\/media?parent=10398"}],"wp:term":[{"taxonomy":"product_brand","embeddable":true,"href":"https:\/\/www.bobooaza.pl\/index.php\/wp-json\/wp\/v2\/product_brand?post=10398"},{"taxonomy":"product_cat","embeddable":true,"href":"https:\/\/www.bobooaza.pl\/index.php\/wp-json\/wp\/v2\/product_cat?post=10398"},{"taxonomy":"product_tag","embeddable":true,"href":"https:\/\/www.bobooaza.pl\/index.php\/wp-json\/wp\/v2\/product_tag?post=10398"}],"curies":[{"name":"wp","href":"https:\/\/api.w.org\/{rel}","templated":true}]}}