{"id":10413,"date":"2026-01-05T15:44:13","date_gmt":"2026-01-05T14:44:13","guid":{"rendered":"https:\/\/bobooaza.pl\/index.php\/produkt\/b-o-1571-02-torba-dla-mamy-do-wozka-carmen-bezowa\/"},"modified":"2026-01-19T21:53:30","modified_gmt":"2026-01-19T20:53:30","slug":"b-o-1571-02-torba-dla-mamy-do-wozka-carmen-bezowa","status":"publish","type":"product","link":"https:\/\/www.bobooaza.pl\/index.php\/produkt\/b-o-1571-02-torba-dla-mamy-do-wozka-carmen-bezowa\/","title":{"rendered":"B.O.1571\/02 Torba dla mamy \/ do w\u00f3zka CARMEN be\u017cowa"},"content":{"rendered":"<p>Torba dla mamy B.O.1571\/02 CARMEN w kolorze be\u017cowym to elegancka i praktyczna propozycja dla mam, kt\u00f3re ceni\u0105 styl i funkcjonalno\u015b\u0107. Mimo kompaktowych wymiar\u00f3w mie\u015bci a\u017c dziewi\u0119\u0107 kieszeni, w tym termokiesze\u0144 na butelk\u0119, uchwyt na klucze lub smoczek oraz du\u017c\u0105, grub\u0105 mat\u0119 do przewijania. Torb\u0119 mo\u017cna nosi\u0107 na ramieniu, w r\u0119ku lub zawiesi\u0107 na w\u00f3zku dzi\u0119ki odpinanym paskom. Dodatkowym elementem dekoracyjnym jest stylowa apaszka z kwiatowym wzorem, kt\u00f3r\u0105 mo\u017cna dowolnie zawi\u0105za\u0107, nadaj\u0105c torbie indywidualny charakter. Wykonana jest z poliestru pochodz\u0105cego w 100% z recyklingu (rPET), co sprawia, \u017ce jest trwa\u0142a, \u0142atwa w utrzymaniu czysto\u015bci i przyjazna dla \u015brodowiska. Wzmocnione dno i solidna konstrukcja gwarantuj\u0105 wygod\u0119 i stabilno\u015b\u0107 podczas codziennego u\u017cytkowania. Torba CARMEN idealnie sprawdzi si\u0119 na kr\u00f3tkie wyj\u015bcia z dzieckiem, \u0142\u0105cz\u0105c elegancj\u0119, praktyczno\u015b\u0107 i ekologiczne podej\u015bcie do mody.<\/p>\n","protected":false},"excerpt":{"rendered":"<p>Torba dla mamy B.O.1571\/02 CARMEN w kolorze be\u017cowym to elegancka i praktyczna propozycja dla mam, kt\u00f3re ceni\u0105 styl i funkcjonalno\u015b\u0107. Mimo kompaktowych wymiar\u00f3w mie\u015bci a\u017c dziewi\u0119\u0107 kieszeni, w tym termokiesze\u0144 na butelk\u0119, uchwyt na klucze lub smoczek oraz du\u017c\u0105, grub\u0105 mat\u0119 do przewijania. Torb\u0119 mo\u017cna nosi\u0107 na ramieniu, w r\u0119ku lub zawiesi\u0107 na w\u00f3zku dzi\u0119ki [&hellip;]<\/p>\n","protected":false},"featured_media":10399,"comment_status":"open","ping_status":"closed","template":"","meta":[],"product_brand":[],"product_cat":[88,149],"product_tag":[],"class_list":{"0":"post-10413","1":"product","2":"type-product","3":"status-publish","4":"has-post-thumbnail","6":"product_cat-mama","7":"product_cat-torby-i-plecaki","9":"first","10":"instock","11":"taxable","12":"shipping-taxable","13":"purchasable","14":"product-type-simple"},"_links":{"self":[{"href":"https:\/\/www.bobooaza.pl\/index.php\/wp-json\/wp\/v2\/product\/10413","targetHints":{"allow":["GET"]}}],"collection":[{"href":"https:\/\/www.bobooaza.pl\/index.php\/wp-json\/wp\/v2\/product"}],"about":[{"href":"https:\/\/www.bobooaza.pl\/index.php\/wp-json\/wp\/v2\/types\/product"}],"replies":[{"embeddable":true,"href":"https:\/\/www.bobooaza.pl\/index.php\/wp-json\/wp\/v2\/comments?post=10413"}],"wp:featuredmedia":[{"embeddable":true,"href":"https:\/\/www.bobooaza.pl\/index.php\/wp-json\/wp\/v2\/media\/10399"}],"wp:attachment":[{"href":"https:\/\/www.bobooaza.pl\/index.php\/wp-json\/wp\/v2\/media?parent=10413"}],"wp:term":[{"taxonomy":"product_brand","embeddable":true,"href":"https:\/\/www.bobooaza.pl\/index.php\/wp-json\/wp\/v2\/product_brand?post=10413"},{"taxonomy":"product_cat","embeddable":true,"href":"https:\/\/www.bobooaza.pl\/index.php\/wp-json\/wp\/v2\/product_cat?post=10413"},{"taxonomy":"product_tag","embeddable":true,"href":"https:\/\/www.bobooaza.pl\/index.php\/wp-json\/wp\/v2\/product_tag?post=10413"}],"curies":[{"name":"wp","href":"https:\/\/api.w.org\/{rel}","templated":true}]}}