{"id":10418,"date":"2026-01-05T15:44:17","date_gmt":"2026-01-05T14:44:17","guid":{"rendered":"https:\/\/bobooaza.pl\/index.php\/produkt\/b-o-1571-03-torba-dla-mamy-do-wozka-carmen-szara\/"},"modified":"2026-01-05T15:54:52","modified_gmt":"2026-01-05T14:54:52","slug":"b-o-1571-03-torba-dla-mamy-do-wozka-carmen-szara","status":"publish","type":"product","link":"https:\/\/www.bobooaza.pl\/index.php\/produkt\/b-o-1571-03-torba-dla-mamy-do-wozka-carmen-szara\/","title":{"rendered":"B.O.1571\/03 Torba dla mamy \/ do w\u00f3zka CARMEN szara"},"content":{"rendered":"<p>Torba dla mamy B.O.1571\/03 CARMEN w kolorze szarym to elegancka i praktyczna torba miejska, kt\u00f3ra \u0142\u0105czy kompaktowe wymiary z du\u017c\u0105 pojemno\u015bci\u0105. Pomie\u015bci wszystkie najpotrzebniejsze rzeczy podczas kr\u00f3tkich wyj\u015b\u0107 z dzieckiem dzi\u0119ki dziewi\u0119ciu kieszeniom, w tym termokieszeni na butelk\u0119, uchwytowi na klucze lub smoczek oraz du\u017cej macie do przewijania. Torb\u0119 mo\u017cna nosi\u0107 na ramieniu, w r\u0119ce lub zawiesi\u0107 na w\u00f3zku za pomoc\u0105 odpinanych pask\u00f3w. Stylowa apaszka z kwiatowym wzorem pozwala nada\u0107 torbie indywidualny charakter. Wykonana jest z poliestru pochodz\u0105cego w 100% z recyklingu (rPET), co sprawia, \u017ce jest trwa\u0142a, \u0142atwa w czyszczeniu i przyjazna dla \u015brodowiska. Wzmocnione dno i solidna konstrukcja gwarantuj\u0105 wygod\u0119 u\u017cytkowania, a srebrne dodatki dodaj\u0105 elegancji. Torba CARMEN jest idealnym po\u0142\u0105czeniem funkcjonalno\u015bci, stylu i ekologicznego podej\u015bcia do mody.<\/p>\n","protected":false},"excerpt":{"rendered":"<p>Torba dla mamy B.O.1571\/03 CARMEN w kolorze szarym to elegancka i praktyczna torba miejska, kt\u00f3ra \u0142\u0105czy kompaktowe wymiary z du\u017c\u0105 pojemno\u015bci\u0105. Pomie\u015bci wszystkie najpotrzebniejsze rzeczy podczas kr\u00f3tkich wyj\u015b\u0107 z dzieckiem dzi\u0119ki dziewi\u0119ciu kieszeniom, w tym termokieszeni na butelk\u0119, uchwytowi na klucze lub smoczek oraz du\u017cej macie do przewijania. Torb\u0119 mo\u017cna nosi\u0107 na ramieniu, w r\u0119ce [&hellip;]<\/p>\n","protected":false},"featured_media":10414,"comment_status":"open","ping_status":"closed","template":"","meta":[],"product_brand":[],"product_cat":[88,149],"product_tag":[],"class_list":{"0":"post-10418","1":"product","2":"type-product","3":"status-publish","4":"has-post-thumbnail","6":"product_cat-mama","7":"product_cat-torby-i-plecaki","9":"first","10":"instock","11":"taxable","12":"shipping-taxable","13":"purchasable","14":"product-type-simple"},"_links":{"self":[{"href":"https:\/\/www.bobooaza.pl\/index.php\/wp-json\/wp\/v2\/product\/10418","targetHints":{"allow":["GET"]}}],"collection":[{"href":"https:\/\/www.bobooaza.pl\/index.php\/wp-json\/wp\/v2\/product"}],"about":[{"href":"https:\/\/www.bobooaza.pl\/index.php\/wp-json\/wp\/v2\/types\/product"}],"replies":[{"embeddable":true,"href":"https:\/\/www.bobooaza.pl\/index.php\/wp-json\/wp\/v2\/comments?post=10418"}],"wp:featuredmedia":[{"embeddable":true,"href":"https:\/\/www.bobooaza.pl\/index.php\/wp-json\/wp\/v2\/media\/10414"}],"wp:attachment":[{"href":"https:\/\/www.bobooaza.pl\/index.php\/wp-json\/wp\/v2\/media?parent=10418"}],"wp:term":[{"taxonomy":"product_brand","embeddable":true,"href":"https:\/\/www.bobooaza.pl\/index.php\/wp-json\/wp\/v2\/product_brand?post=10418"},{"taxonomy":"product_cat","embeddable":true,"href":"https:\/\/www.bobooaza.pl\/index.php\/wp-json\/wp\/v2\/product_cat?post=10418"},{"taxonomy":"product_tag","embeddable":true,"href":"https:\/\/www.bobooaza.pl\/index.php\/wp-json\/wp\/v2\/product_tag?post=10418"}],"curies":[{"name":"wp","href":"https:\/\/api.w.org\/{rel}","templated":true}]}}