{"id":10423,"date":"2026-01-05T15:44:20","date_gmt":"2026-01-05T14:44:20","guid":{"rendered":"https:\/\/bobooaza.pl\/index.php\/produkt\/b-o-1650-01-torba-podrozna-dla-mamy-czarna\/"},"modified":"2026-01-05T15:54:53","modified_gmt":"2026-01-05T14:54:53","slug":"b-o-1650-01-torba-podrozna-dla-mamy-czarna","status":"publish","type":"product","link":"https:\/\/www.bobooaza.pl\/index.php\/produkt\/b-o-1650-01-torba-podrozna-dla-mamy-czarna\/","title":{"rendered":"B.O.1650\/01 Torba podr\u00f3\u017cna dla mamy czarna"},"content":{"rendered":"<p>Torba podr\u00f3\u017cna dla mamy B.O.1650\/01 w kolorze czarnym to wielofunkcyjny, pojemny i lekki model, kt\u00f3ry sprawdzi si\u0119 zar\u00f3wno podczas pobytu w szpitalu, spacer\u00f3w, wyj\u015b\u0107 na basen czy weekendowych wycieczek. Wykonana z wodoodpornego nylonu, \u0142atwego w czyszczeniu, posiada 12 praktycznych kieszeni, w tym termokiesze\u0144 na butelk\u0119, przednie i boczne kieszenie oraz bezpieczn\u0105 kieszonk\u0119 na drobiazgi. Torb\u0119 mo\u017cna nosi\u0107 na ramieniu, w r\u0119ce lub zawiesi\u0107 na w\u00f3zku za pomoc\u0105 odpinanych pask\u00f3w. Dwukierunkowy zamek u\u0142atwia szybki dost\u0119p do g\u0142\u00f3wnej komory, a do\u0142\u0105czona mata do przewijania pozwala komfortowo zmieni\u0107 pieluszk\u0119 w podr\u00f3\u017cy. Ergonomiczne, wzmocnione uchwyty i regulowany pasek na rami\u0119 zapewniaj\u0105 wygod\u0119 przenoszenia, a eleganckie srebrne okucia dodaj\u0105 stylu. Torba B.O.1650\/01 to praktyczne, trwa\u0142e i wszechstronne rozwi\u0105zanie dla aktywnych rodzic\u00f3w.<\/p>\n","protected":false},"excerpt":{"rendered":"<p>Torba podr\u00f3\u017cna dla mamy B.O.1650\/01 w kolorze czarnym to wielofunkcyjny, pojemny i lekki model, kt\u00f3ry sprawdzi si\u0119 zar\u00f3wno podczas pobytu w szpitalu, spacer\u00f3w, wyj\u015b\u0107 na basen czy weekendowych wycieczek. Wykonana z wodoodpornego nylonu, \u0142atwego w czyszczeniu, posiada 12 praktycznych kieszeni, w tym termokiesze\u0144 na butelk\u0119, przednie i boczne kieszenie oraz bezpieczn\u0105 kieszonk\u0119 na drobiazgi. Torb\u0119 [&hellip;]<\/p>\n","protected":false},"featured_media":10419,"comment_status":"open","ping_status":"closed","template":"","meta":[],"product_brand":[],"product_cat":[88,149],"product_tag":[],"class_list":{"0":"post-10423","1":"product","2":"type-product","3":"status-publish","4":"has-post-thumbnail","6":"product_cat-mama","7":"product_cat-torby-i-plecaki","9":"first","10":"instock","11":"taxable","12":"shipping-taxable","13":"purchasable","14":"product-type-simple"},"_links":{"self":[{"href":"https:\/\/www.bobooaza.pl\/index.php\/wp-json\/wp\/v2\/product\/10423","targetHints":{"allow":["GET"]}}],"collection":[{"href":"https:\/\/www.bobooaza.pl\/index.php\/wp-json\/wp\/v2\/product"}],"about":[{"href":"https:\/\/www.bobooaza.pl\/index.php\/wp-json\/wp\/v2\/types\/product"}],"replies":[{"embeddable":true,"href":"https:\/\/www.bobooaza.pl\/index.php\/wp-json\/wp\/v2\/comments?post=10423"}],"wp:featuredmedia":[{"embeddable":true,"href":"https:\/\/www.bobooaza.pl\/index.php\/wp-json\/wp\/v2\/media\/10419"}],"wp:attachment":[{"href":"https:\/\/www.bobooaza.pl\/index.php\/wp-json\/wp\/v2\/media?parent=10423"}],"wp:term":[{"taxonomy":"product_brand","embeddable":true,"href":"https:\/\/www.bobooaza.pl\/index.php\/wp-json\/wp\/v2\/product_brand?post=10423"},{"taxonomy":"product_cat","embeddable":true,"href":"https:\/\/www.bobooaza.pl\/index.php\/wp-json\/wp\/v2\/product_cat?post=10423"},{"taxonomy":"product_tag","embeddable":true,"href":"https:\/\/www.bobooaza.pl\/index.php\/wp-json\/wp\/v2\/product_tag?post=10423"}],"curies":[{"name":"wp","href":"https:\/\/api.w.org\/{rel}","templated":true}]}}