{"id":10428,"date":"2026-01-05T15:44:23","date_gmt":"2026-01-05T14:44:23","guid":{"rendered":"https:\/\/bobooaza.pl\/index.php\/produkt\/b-o-1650-02-torba-podrozna-dla-mamy-szara\/"},"modified":"2026-01-05T15:54:54","modified_gmt":"2026-01-05T14:54:54","slug":"b-o-1650-02-torba-podrozna-dla-mamy-szara","status":"publish","type":"product","link":"https:\/\/www.bobooaza.pl\/index.php\/produkt\/b-o-1650-02-torba-podrozna-dla-mamy-szara\/","title":{"rendered":"B.O.1650\/02 Torba podr\u00f3\u017cna dla mamy szara"},"content":{"rendered":"<p>Torba podr\u00f3\u017cna dla mamy B.O.1650\/02 w kolorze szarym to wszechstronny, lekki i pojemny model, kt\u00f3ry sprawdzi si\u0119 jako torba do szpitala, na spacer, zaj\u0119cia sportowe czy weekendowe wycieczki. Wykonana z wodoodpornego nylonu, \u0142atwego w utrzymaniu czysto\u015bci, posiada 12 praktycznych kieszeni, w tym termokiesze\u0144 na butelk\u0119, przednie, tylne i boczne kieszenie oraz bezpieczn\u0105 kieszonk\u0119 na drobiazgi. Torb\u0119 mo\u017cna nosi\u0107 na ramieniu, w r\u0119ce lub zawiesi\u0107 na w\u00f3zku za pomoc\u0105 odpinanych pask\u00f3w, a dwukierunkowy zamek u\u0142atwia szybki dost\u0119p do g\u0142\u00f3wnej komory. W zestawie znajduje si\u0119 du\u017ca, gruba mata do przewijania. Ergonomiczne, wzmocnione uchwyty i regulowany pasek zapewniaj\u0105 wygod\u0119 noszenia, a srebrne okucia dodaj\u0105 elegancji. B.O.1650\/02 to praktyczna i trwa\u0142a torba dla aktywnych rodzic\u00f3w, idealna do codziennego u\u017cytku i podr\u00f3\u017cy.<\/p>\n","protected":false},"excerpt":{"rendered":"<p>Torba podr\u00f3\u017cna dla mamy B.O.1650\/02 w kolorze szarym to wszechstronny, lekki i pojemny model, kt\u00f3ry sprawdzi si\u0119 jako torba do szpitala, na spacer, zaj\u0119cia sportowe czy weekendowe wycieczki. Wykonana z wodoodpornego nylonu, \u0142atwego w utrzymaniu czysto\u015bci, posiada 12 praktycznych kieszeni, w tym termokiesze\u0144 na butelk\u0119, przednie, tylne i boczne kieszenie oraz bezpieczn\u0105 kieszonk\u0119 na drobiazgi. [&hellip;]<\/p>\n","protected":false},"featured_media":10424,"comment_status":"open","ping_status":"closed","template":"","meta":[],"product_brand":[],"product_cat":[88,149],"product_tag":[],"class_list":{"0":"post-10428","1":"product","2":"type-product","3":"status-publish","4":"has-post-thumbnail","6":"product_cat-mama","7":"product_cat-torby-i-plecaki","9":"first","10":"instock","11":"taxable","12":"shipping-taxable","13":"purchasable","14":"product-type-simple"},"_links":{"self":[{"href":"https:\/\/www.bobooaza.pl\/index.php\/wp-json\/wp\/v2\/product\/10428","targetHints":{"allow":["GET"]}}],"collection":[{"href":"https:\/\/www.bobooaza.pl\/index.php\/wp-json\/wp\/v2\/product"}],"about":[{"href":"https:\/\/www.bobooaza.pl\/index.php\/wp-json\/wp\/v2\/types\/product"}],"replies":[{"embeddable":true,"href":"https:\/\/www.bobooaza.pl\/index.php\/wp-json\/wp\/v2\/comments?post=10428"}],"wp:featuredmedia":[{"embeddable":true,"href":"https:\/\/www.bobooaza.pl\/index.php\/wp-json\/wp\/v2\/media\/10424"}],"wp:attachment":[{"href":"https:\/\/www.bobooaza.pl\/index.php\/wp-json\/wp\/v2\/media?parent=10428"}],"wp:term":[{"taxonomy":"product_brand","embeddable":true,"href":"https:\/\/www.bobooaza.pl\/index.php\/wp-json\/wp\/v2\/product_brand?post=10428"},{"taxonomy":"product_cat","embeddable":true,"href":"https:\/\/www.bobooaza.pl\/index.php\/wp-json\/wp\/v2\/product_cat?post=10428"},{"taxonomy":"product_tag","embeddable":true,"href":"https:\/\/www.bobooaza.pl\/index.php\/wp-json\/wp\/v2\/product_tag?post=10428"}],"curies":[{"name":"wp","href":"https:\/\/api.w.org\/{rel}","templated":true}]}}