{"id":10434,"date":"2026-01-05T15:44:29","date_gmt":"2026-01-05T14:44:29","guid":{"rendered":"https:\/\/bobooaza.pl\/index.php\/produkt\/b-o-1672-01-torba-dla-mamy-do-wozka-cami-czarna\/"},"modified":"2026-01-19T21:53:31","modified_gmt":"2026-01-19T20:53:31","slug":"b-o-1672-01-torba-dla-mamy-do-wozka-cami-czarna","status":"publish","type":"product","link":"https:\/\/www.bobooaza.pl\/index.php\/produkt\/b-o-1672-01-torba-dla-mamy-do-wozka-cami-czarna\/","title":{"rendered":"B.O.1672\/01 Torba dla mamy \/do w\u00f3zka CAMI czarna"},"content":{"rendered":"<p>Torba dla mamy i do w\u00f3zka CAMI B.O.1672\/01 w kolorze czarnym to stylowa i praktyczna torba \u0142\u0105cz\u0105ca sportow\u0105 elegancj\u0119 z funkcjonalno\u015bci\u0105. Wykonana z wodoodpornego materia\u0142u, \u0142atwego w utrzymaniu czysto\u015bci, jest du\u017ca i pojemna, a jej 10 kieszeni, w tym 3 termiczne na butelki, smycz na klucze i du\u017ca mata do przewijania umo\u017cliwiaj\u0105 praktyczn\u0105 organizacj\u0119 wn\u0119trza. Torb\u0119 mo\u017cna nosi\u0107 na ramieniu, w r\u0119ce lub zawiesi\u0107 na w\u00f3zku dzi\u0119ki odpinanym bocznym paskom i regulowanemu paskowi na rami\u0119. Do\u0142\u0105czona apaszka ze zwierz\u0119cym wzorem mo\u017ce pe\u0142ni\u0107 funkcj\u0119 dekoracyjn\u0105 lub dodatku do stroju. CAMI to torba, kt\u00f3ra sprawdzi si\u0119 na d\u0142u\u017csze spacery i wyj\u015bcia bez w\u00f3zka, zapewnia wygod\u0119, styl i \u0142atwy dost\u0119p do wszystkich niezb\u0119dnych akcesori\u00f3w dziecka i mamy. Wymiary torby to 45 x 12 x 30 cm.<\/p>\n","protected":false},"excerpt":{"rendered":"<p>Torba dla mamy i do w\u00f3zka CAMI B.O.1672\/01 w kolorze czarnym to stylowa i praktyczna torba \u0142\u0105cz\u0105ca sportow\u0105 elegancj\u0119 z funkcjonalno\u015bci\u0105. Wykonana z wodoodpornego materia\u0142u, \u0142atwego w utrzymaniu czysto\u015bci, jest du\u017ca i pojemna, a jej 10 kieszeni, w tym 3 termiczne na butelki, smycz na klucze i du\u017ca mata do przewijania umo\u017cliwiaj\u0105 praktyczn\u0105 organizacj\u0119 wn\u0119trza. [&hellip;]<\/p>\n","protected":false},"featured_media":10429,"comment_status":"open","ping_status":"closed","template":"","meta":[],"product_brand":[],"product_cat":[88,149],"product_tag":[],"class_list":{"0":"post-10434","1":"product","2":"type-product","3":"status-publish","4":"has-post-thumbnail","6":"product_cat-mama","7":"product_cat-torby-i-plecaki","9":"first","10":"instock","11":"taxable","12":"shipping-taxable","13":"purchasable","14":"product-type-simple"},"_links":{"self":[{"href":"https:\/\/www.bobooaza.pl\/index.php\/wp-json\/wp\/v2\/product\/10434","targetHints":{"allow":["GET"]}}],"collection":[{"href":"https:\/\/www.bobooaza.pl\/index.php\/wp-json\/wp\/v2\/product"}],"about":[{"href":"https:\/\/www.bobooaza.pl\/index.php\/wp-json\/wp\/v2\/types\/product"}],"replies":[{"embeddable":true,"href":"https:\/\/www.bobooaza.pl\/index.php\/wp-json\/wp\/v2\/comments?post=10434"}],"wp:featuredmedia":[{"embeddable":true,"href":"https:\/\/www.bobooaza.pl\/index.php\/wp-json\/wp\/v2\/media\/10429"}],"wp:attachment":[{"href":"https:\/\/www.bobooaza.pl\/index.php\/wp-json\/wp\/v2\/media?parent=10434"}],"wp:term":[{"taxonomy":"product_brand","embeddable":true,"href":"https:\/\/www.bobooaza.pl\/index.php\/wp-json\/wp\/v2\/product_brand?post=10434"},{"taxonomy":"product_cat","embeddable":true,"href":"https:\/\/www.bobooaza.pl\/index.php\/wp-json\/wp\/v2\/product_cat?post=10434"},{"taxonomy":"product_tag","embeddable":true,"href":"https:\/\/www.bobooaza.pl\/index.php\/wp-json\/wp\/v2\/product_tag?post=10434"}],"curies":[{"name":"wp","href":"https:\/\/api.w.org\/{rel}","templated":true}]}}