{"id":10440,"date":"2026-01-05T15:44:32","date_gmt":"2026-01-05T14:44:32","guid":{"rendered":"https:\/\/bobooaza.pl\/index.php\/produkt\/b-o-1672-02-torba-dla-mamy-do-wozka-cami-bezowa\/"},"modified":"2026-01-19T21:53:32","modified_gmt":"2026-01-19T20:53:32","slug":"b-o-1672-02-torba-dla-mamy-do-wozka-cami-bezowa","status":"publish","type":"product","link":"https:\/\/www.bobooaza.pl\/index.php\/produkt\/b-o-1672-02-torba-dla-mamy-do-wozka-cami-bezowa\/","title":{"rendered":"B.O.1672\/02 Torba dla mamy \/ do w\u00f3zka CAMI be\u017cowa"},"content":{"rendered":"<p>Torba dla mamy i do w\u00f3zka CAMI B.O.1672\/02 w kolorze be\u017cowym to stylowa i pojemna torba \u0142\u0105cz\u0105ca sportow\u0105 elegancj\u0119 z funkcjonalno\u015bci\u0105. Wykonana z wodoodpornego materia\u0142u, \u0142atwego w czyszczeniu, pomie\u015bci wszystkie potrzebne akcesoria dla dziecka i mamy. Wyposa\u017cona jest w 10 kieszeni, w tym 3 termiczne na butelki, smycz na klucze oraz du\u017c\u0105 mat\u0119 do przewijania. Torb\u0119 mo\u017cna wygodnie nosi\u0107 na ramieniu, w r\u0119ce lub zawiesi\u0107 na w\u00f3zku dzi\u0119ki odpinanym bocznym paskom i regulowanemu paskowi na rami\u0119. Do\u0142\u0105czona apaszka ze zwierz\u0119cym wzorem pe\u0142ni funkcj\u0119 dekoracyjn\u0105 i dodatku do stroju. CAMI sprawdzi si\u0119 zar\u00f3wno na d\u0142u\u017csze spacery, wyj\u015bcia bez w\u00f3zka, jak i w codziennych aktywno\u015bciach, zapewniaj\u0105c wygod\u0119, \u0142atw\u0105 organizacj\u0119 i stylowy wygl\u0105d. Wymiary torby to 45 x 12 x 30 cm.<\/p>\n","protected":false},"excerpt":{"rendered":"<p>Torba dla mamy i do w\u00f3zka CAMI B.O.1672\/02 w kolorze be\u017cowym to stylowa i pojemna torba \u0142\u0105cz\u0105ca sportow\u0105 elegancj\u0119 z funkcjonalno\u015bci\u0105. Wykonana z wodoodpornego materia\u0142u, \u0142atwego w czyszczeniu, pomie\u015bci wszystkie potrzebne akcesoria dla dziecka i mamy. Wyposa\u017cona jest w 10 kieszeni, w tym 3 termiczne na butelki, smycz na klucze oraz du\u017c\u0105 mat\u0119 do przewijania. [&hellip;]<\/p>\n","protected":false},"featured_media":10435,"comment_status":"open","ping_status":"closed","template":"","meta":[],"product_brand":[],"product_cat":[88,149],"product_tag":[],"class_list":{"0":"post-10440","1":"product","2":"type-product","3":"status-publish","4":"has-post-thumbnail","6":"product_cat-mama","7":"product_cat-torby-i-plecaki","9":"first","10":"instock","11":"taxable","12":"shipping-taxable","13":"purchasable","14":"product-type-simple"},"_links":{"self":[{"href":"https:\/\/www.bobooaza.pl\/index.php\/wp-json\/wp\/v2\/product\/10440","targetHints":{"allow":["GET"]}}],"collection":[{"href":"https:\/\/www.bobooaza.pl\/index.php\/wp-json\/wp\/v2\/product"}],"about":[{"href":"https:\/\/www.bobooaza.pl\/index.php\/wp-json\/wp\/v2\/types\/product"}],"replies":[{"embeddable":true,"href":"https:\/\/www.bobooaza.pl\/index.php\/wp-json\/wp\/v2\/comments?post=10440"}],"wp:featuredmedia":[{"embeddable":true,"href":"https:\/\/www.bobooaza.pl\/index.php\/wp-json\/wp\/v2\/media\/10435"}],"wp:attachment":[{"href":"https:\/\/www.bobooaza.pl\/index.php\/wp-json\/wp\/v2\/media?parent=10440"}],"wp:term":[{"taxonomy":"product_brand","embeddable":true,"href":"https:\/\/www.bobooaza.pl\/index.php\/wp-json\/wp\/v2\/product_brand?post=10440"},{"taxonomy":"product_cat","embeddable":true,"href":"https:\/\/www.bobooaza.pl\/index.php\/wp-json\/wp\/v2\/product_cat?post=10440"},{"taxonomy":"product_tag","embeddable":true,"href":"https:\/\/www.bobooaza.pl\/index.php\/wp-json\/wp\/v2\/product_tag?post=10440"}],"curies":[{"name":"wp","href":"https:\/\/api.w.org\/{rel}","templated":true}]}}