{"id":10445,"date":"2026-01-05T15:44:34","date_gmt":"2026-01-05T14:44:34","guid":{"rendered":"https:\/\/bobooaza.pl\/index.php\/produkt\/b-o-1672-03-torba-dla-mamy-do-wozka-cami-czekoladowa\/"},"modified":"2026-01-05T15:54:55","modified_gmt":"2026-01-05T14:54:55","slug":"b-o-1672-03-torba-dla-mamy-do-wozka-cami-czekoladowa","status":"publish","type":"product","link":"https:\/\/www.bobooaza.pl\/index.php\/produkt\/b-o-1672-03-torba-dla-mamy-do-wozka-cami-czekoladowa\/","title":{"rendered":"B.O.1672\/03 Torba dla mamy \/ do w\u00f3zka CAMI czekoladowa"},"content":{"rendered":"<p>Torba dla mamy i do w\u00f3zka CAMI B.O.1672\/03 w kolorze czekoladowym to po\u0142\u0105czenie funkcjonalno\u015bci i elegancji. Du\u017ca i pojemna, posiada 10 kieszeni, w tym 3 termiczne na butelki, smycz na klucze oraz du\u017c\u0105 mat\u0119 do przewijania. Wykonana z wodoodpornego materia\u0142u, z modnymi przeszyciami, sprawdzi si\u0119 na spacerach w ka\u017cd\u0105 pogod\u0119, do noszenia na ramieniu, w r\u0119ce lub zawieszenia na w\u00f3zku dzi\u0119ki odpinanym bocznym paskom i regulowanemu paskowi na rami\u0119. Do\u0142\u0105czona apaszka ze zwierz\u0119cym wzorem mo\u017ce s\u0142u\u017cy\u0107 jako dekoracja torby lub dodatek do stroju. CAMI to torba praktyczna, stylowa i uniwersalna, idealna na spacery, wyj\u015bcia, zakupy i spotkania. Wymiary torby: 45 x 12 x 30 cm.<\/p>\n","protected":false},"excerpt":{"rendered":"<p>Torba dla mamy i do w\u00f3zka CAMI B.O.1672\/03 w kolorze czekoladowym to po\u0142\u0105czenie funkcjonalno\u015bci i elegancji. Du\u017ca i pojemna, posiada 10 kieszeni, w tym 3 termiczne na butelki, smycz na klucze oraz du\u017c\u0105 mat\u0119 do przewijania. Wykonana z wodoodpornego materia\u0142u, z modnymi przeszyciami, sprawdzi si\u0119 na spacerach w ka\u017cd\u0105 pogod\u0119, do noszenia na ramieniu, w [&hellip;]<\/p>\n","protected":false},"featured_media":10441,"comment_status":"open","ping_status":"closed","template":"","meta":[],"product_brand":[],"product_cat":[88,149],"product_tag":[],"class_list":{"0":"post-10445","1":"product","2":"type-product","3":"status-publish","4":"has-post-thumbnail","6":"product_cat-mama","7":"product_cat-torby-i-plecaki","9":"first","10":"instock","11":"taxable","12":"shipping-taxable","13":"purchasable","14":"product-type-simple"},"_links":{"self":[{"href":"https:\/\/www.bobooaza.pl\/index.php\/wp-json\/wp\/v2\/product\/10445","targetHints":{"allow":["GET"]}}],"collection":[{"href":"https:\/\/www.bobooaza.pl\/index.php\/wp-json\/wp\/v2\/product"}],"about":[{"href":"https:\/\/www.bobooaza.pl\/index.php\/wp-json\/wp\/v2\/types\/product"}],"replies":[{"embeddable":true,"href":"https:\/\/www.bobooaza.pl\/index.php\/wp-json\/wp\/v2\/comments?post=10445"}],"wp:featuredmedia":[{"embeddable":true,"href":"https:\/\/www.bobooaza.pl\/index.php\/wp-json\/wp\/v2\/media\/10441"}],"wp:attachment":[{"href":"https:\/\/www.bobooaza.pl\/index.php\/wp-json\/wp\/v2\/media?parent=10445"}],"wp:term":[{"taxonomy":"product_brand","embeddable":true,"href":"https:\/\/www.bobooaza.pl\/index.php\/wp-json\/wp\/v2\/product_brand?post=10445"},{"taxonomy":"product_cat","embeddable":true,"href":"https:\/\/www.bobooaza.pl\/index.php\/wp-json\/wp\/v2\/product_cat?post=10445"},{"taxonomy":"product_tag","embeddable":true,"href":"https:\/\/www.bobooaza.pl\/index.php\/wp-json\/wp\/v2\/product_tag?post=10445"}],"curies":[{"name":"wp","href":"https:\/\/api.w.org\/{rel}","templated":true}]}}