{"id":10447,"date":"2026-01-05T15:44:35","date_gmt":"2026-01-05T14:44:35","guid":{"rendered":"https:\/\/bobooaza.pl\/index.php\/produkt\/b-o-1423-03-torba-dla-mamy-do-wozka-basic-so-city\/"},"modified":"2026-01-19T20:19:19","modified_gmt":"2026-01-19T19:19:19","slug":"b-o-1423-03-torba-dla-mamy-do-wozka-basic-so-city","status":"publish","type":"product","link":"https:\/\/www.bobooaza.pl\/index.php\/produkt\/b-o-1423-03-torba-dla-mamy-do-wozka-basic-so-city\/","title":{"rendered":"B.O.1423\/03  Torba dla mamy \/ do w\u00f3zka BASIC SO CITY"},"content":{"rendered":"<p>Torba dla mamy i do w\u00f3zka BASIC SO CITY B.O.1423\/03 to modna, miejska torba, kt\u00f3ra \u0142\u0105czy funkcjonalno\u015b\u0107 z wygod\u0105. Posiada 11 kieszeni, w tym dedykowane na butelki, pieluchy, telefon i dokumenty, g\u0142\u00f3wn\u0105 komor\u0119 zamykan\u0105 na zamek oraz mat\u0119 do przewijania w zestawie. Wyposa\u017cona w d\u0142ugi, regulowany pasek z podk\u0142adk\u0105 na rami\u0119, kr\u00f3tkie uchwyty oraz boczne paski umo\u017cliwiaj\u0105ce mocowanie do w\u00f3zka. Plastikowe n\u00f3\u017cki chroni\u0105 dno torby przed zabrudzeniem, a materia\u0142 zewn\u0119trzny jest wodoodporny i \u0142atwy w czyszczeniu, co zapewnia wygod\u0119 i bezpiecze\u0144stwo podczas spacer\u00f3w czy kr\u00f3tkich wyjazd\u00f3w.<\/p>\n","protected":false},"excerpt":{"rendered":"<p>Torba dla mamy i do w\u00f3zka BASIC SO CITY B.O.1423\/03 to modna, miejska torba, kt\u00f3ra \u0142\u0105czy funkcjonalno\u015b\u0107 z wygod\u0105. Posiada 11 kieszeni, w tym dedykowane na butelki, pieluchy, telefon i dokumenty, g\u0142\u00f3wn\u0105 komor\u0119 zamykan\u0105 na zamek oraz mat\u0119 do przewijania w zestawie. Wyposa\u017cona w d\u0142ugi, regulowany pasek z podk\u0142adk\u0105 na rami\u0119, kr\u00f3tkie uchwyty oraz boczne [&hellip;]<\/p>\n","protected":false},"featured_media":10446,"comment_status":"open","ping_status":"closed","template":"","meta":[],"product_brand":[],"product_cat":[88,149],"product_tag":[],"class_list":{"0":"post-10447","1":"product","2":"type-product","3":"status-publish","4":"has-post-thumbnail","6":"product_cat-mama","7":"product_cat-torby-i-plecaki","9":"first","10":"instock","11":"taxable","12":"shipping-taxable","13":"purchasable","14":"product-type-simple"},"_links":{"self":[{"href":"https:\/\/www.bobooaza.pl\/index.php\/wp-json\/wp\/v2\/product\/10447","targetHints":{"allow":["GET"]}}],"collection":[{"href":"https:\/\/www.bobooaza.pl\/index.php\/wp-json\/wp\/v2\/product"}],"about":[{"href":"https:\/\/www.bobooaza.pl\/index.php\/wp-json\/wp\/v2\/types\/product"}],"replies":[{"embeddable":true,"href":"https:\/\/www.bobooaza.pl\/index.php\/wp-json\/wp\/v2\/comments?post=10447"}],"wp:featuredmedia":[{"embeddable":true,"href":"https:\/\/www.bobooaza.pl\/index.php\/wp-json\/wp\/v2\/media\/10446"}],"wp:attachment":[{"href":"https:\/\/www.bobooaza.pl\/index.php\/wp-json\/wp\/v2\/media?parent=10447"}],"wp:term":[{"taxonomy":"product_brand","embeddable":true,"href":"https:\/\/www.bobooaza.pl\/index.php\/wp-json\/wp\/v2\/product_brand?post=10447"},{"taxonomy":"product_cat","embeddable":true,"href":"https:\/\/www.bobooaza.pl\/index.php\/wp-json\/wp\/v2\/product_cat?post=10447"},{"taxonomy":"product_tag","embeddable":true,"href":"https:\/\/www.bobooaza.pl\/index.php\/wp-json\/wp\/v2\/product_tag?post=10447"}],"curies":[{"name":"wp","href":"https:\/\/api.w.org\/{rel}","templated":true}]}}