{"id":10466,"date":"2026-01-05T15:44:53","date_gmt":"2026-01-05T14:44:53","guid":{"rendered":"https:\/\/bobooaza.pl\/index.php\/produkt\/b-o-1516-torba-dla-mamy-do-wozka-coco\/"},"modified":"2026-01-05T15:54:57","modified_gmt":"2026-01-05T14:54:57","slug":"b-o-1516-torba-dla-mamy-do-wozka-coco","status":"publish","type":"product","link":"https:\/\/www.bobooaza.pl\/index.php\/produkt\/b-o-1516-torba-dla-mamy-do-wozka-coco\/","title":{"rendered":"B.O.1516 Torba dla mamy\/do w\u00f3zka COCO"},"content":{"rendered":"<p>Torba dla mamy i do w\u00f3zka COCO B.O.1516 to elegancka i praktyczna propozycja dla aktywnych mam, kt\u00f3re ceni\u0105 wygod\u0119 i styl. Ma\u0142a czarna torba jest jednocze\u015bnie pojemna, pozwala wygodnie zorganizowa\u0107 rzeczy dla mamy i dziecka dzi\u0119ki 11 kieszeniom, w tym termokieszeni na butelki oraz kieszeni szybkiego dost\u0119pu na telefon. Zewn\u0119trzne kieszenie z gumkami u\u0142atwiaj\u0105 przechowywanie butelek, a wewn\u0119trzna kiesze\u0144 termoizolacyjna utrzymuje odpowiedni\u0105 temperatur\u0119 pokarmu.<\/p>\n<p>Torba mo\u017ce by\u0107 noszona na ramieniu lub przypi\u0119ta do w\u00f3zka za pomoc\u0105 odpinanych pask\u00f3w. Wyposa\u017cono j\u0105 w smycz na klucze, mat\u0119 do przewijania i wygodne uchwyty do r\u0119ki. Wykonana z trwa\u0142ego, \u0142atwego w czyszczeniu nylonu, odporny na r\u00f3\u017cne warunki pogodowe. G\u0142\u00f3wna komora zapinana jest na zamek, a solidna konstrukcja gwarantuje trwa\u0142o\u015b\u0107 i komfort u\u017cytkowania.<\/p>\n<p>Wymiary torby to 36 x 33 x 13 cm, a waga wynosi 0,72 kg, co czyni j\u0105 kompaktow\u0105, ale funkcjonaln\u0105 na spacery, wyjazdy i codzienne aktywno\u015bci z dzieckiem.<\/p>\n","protected":false},"excerpt":{"rendered":"<p>Torba dla mamy i do w\u00f3zka COCO B.O.1516 to elegancka i praktyczna propozycja dla aktywnych mam, kt\u00f3re ceni\u0105 wygod\u0119 i styl. Ma\u0142a czarna torba jest jednocze\u015bnie pojemna, pozwala wygodnie zorganizowa\u0107 rzeczy dla mamy i dziecka dzi\u0119ki 11 kieszeniom, w tym termokieszeni na butelki oraz kieszeni szybkiego dost\u0119pu na telefon. Zewn\u0119trzne kieszenie z gumkami u\u0142atwiaj\u0105 przechowywanie [&hellip;]<\/p>\n","protected":false},"featured_media":10457,"comment_status":"open","ping_status":"closed","template":"","meta":[],"product_brand":[],"product_cat":[88,149],"product_tag":[],"class_list":{"0":"post-10466","1":"product","2":"type-product","3":"status-publish","4":"has-post-thumbnail","6":"product_cat-mama","7":"product_cat-torby-i-plecaki","9":"first","10":"instock","11":"taxable","12":"shipping-taxable","13":"purchasable","14":"product-type-simple"},"_links":{"self":[{"href":"https:\/\/www.bobooaza.pl\/index.php\/wp-json\/wp\/v2\/product\/10466","targetHints":{"allow":["GET"]}}],"collection":[{"href":"https:\/\/www.bobooaza.pl\/index.php\/wp-json\/wp\/v2\/product"}],"about":[{"href":"https:\/\/www.bobooaza.pl\/index.php\/wp-json\/wp\/v2\/types\/product"}],"replies":[{"embeddable":true,"href":"https:\/\/www.bobooaza.pl\/index.php\/wp-json\/wp\/v2\/comments?post=10466"}],"wp:featuredmedia":[{"embeddable":true,"href":"https:\/\/www.bobooaza.pl\/index.php\/wp-json\/wp\/v2\/media\/10457"}],"wp:attachment":[{"href":"https:\/\/www.bobooaza.pl\/index.php\/wp-json\/wp\/v2\/media?parent=10466"}],"wp:term":[{"taxonomy":"product_brand","embeddable":true,"href":"https:\/\/www.bobooaza.pl\/index.php\/wp-json\/wp\/v2\/product_brand?post=10466"},{"taxonomy":"product_cat","embeddable":true,"href":"https:\/\/www.bobooaza.pl\/index.php\/wp-json\/wp\/v2\/product_cat?post=10466"},{"taxonomy":"product_tag","embeddable":true,"href":"https:\/\/www.bobooaza.pl\/index.php\/wp-json\/wp\/v2\/product_tag?post=10466"}],"curies":[{"name":"wp","href":"https:\/\/api.w.org\/{rel}","templated":true}]}}